{"id":187,"date":"2025-03-20T11:13:48","date_gmt":"2025-03-20T09:13:48","guid":{"rendered":"https:\/\/today.fi\/?page_id=187"},"modified":"2025-07-31T09:30:01","modified_gmt":"2025-07-31T07:30:01","slug":"palautus-ja-toimitusehdot","status":"publish","type":"page","link":"https:\/\/today.fi\/?page_id=187","title":{"rendered":"Palautus- ja toimitusehdot"},"content":{"rendered":"<p>[et_pb_section fb_built=&#8221;1&#8243; _builder_version=&#8221;4.21.0&#8243; _module_preset=&#8221;default&#8221; global_colors_info=&#8221;{}&#8221;][et_pb_row _builder_version=&#8221;4.21.0&#8243; _module_preset=&#8221;default&#8221; global_colors_info=&#8221;{}&#8221; collapsed=&#8221;off&#8221;][et_pb_column type=&#8221;4_4&#8243; _builder_version=&#8221;4.21.0&#8243; _module_preset=&#8221;default&#8221; global_colors_info=&#8221;{}&#8221;][et_pb_text _builder_version=&#8221;4.21.0&#8243; _module_preset=&#8221;default&#8221; global_colors_info=&#8221;{}&#8221;]<\/p>\n<div class=\"fusion-title title fusion-title-1 fusion-sep-none fusion-title-text fusion-title-size-one fusion-border-below-title\">\n<h1 class=\"title-heading-left fusion-responsive-typography-calculated\" data-fontsize=\"45\" data-lineheight=\"54px\">\u00a0Palautus- ja toimitusehdot<\/h1>\n<\/div>\n<div class=\"fusion-text fusion-text-1\">\n<p>Voimassa 21.4.2020 alkaen<\/p>\n<h3 data-fontsize=\"32\" data-lineheight=\"41.6px\" class=\"fusion-responsive-typography-calculated\">PALVELUNTARJOAJA<\/h3>\n<p>Muotiliike Today, <span>EMK-Yhti\u00f6t Oy (3474618-5)<\/span> myy vaatteita ja asusteita yksityishenkil\u00f6ille. Tuotteiden hinnat sis\u00e4lt\u00e4v\u00e4t arvonlis\u00e4veron. Pid\u00e4t\u00e4mme oikeuden hintojen ja toimituskulujen muutoksiin.<\/p>\n<h3 data-fontsize=\"32\" data-lineheight=\"41.6px\" class=\"fusion-responsive-typography-calculated\">TILAAMINEN<\/h3>\n<p>Tuotteita voi tilata verkkokaupan kotisivuilla valitsemalla niit\u00e4 ostopainikkeiden avulla ostoskoriin. Ostoskorin sis\u00e4lt\u00f6 maksetaan kassalla k\u00e4ytett\u00e4viss\u00e4 olevin maksutavoin. Kassatoiminto l\u00f6ytyy verkkosivujen oikeasta yl\u00e4kulmasta. Tilataksesi verkkokaupasta sinun tulee tutustua ja sitoutua voimassa oleviin palvelu- ja toimitusehtoihin sek\u00e4 lukeneen osion \u2019Tietosuoja\u2019. Tilauksen suoritettuasi saat tilausvahvistuksen s\u00e4hk\u00f6postilla ilmoittamaasi s\u00e4hk\u00f6postiosoitteeseen.<\/p>\n<h3 data-fontsize=\"32\" data-lineheight=\"41.6px\" class=\"fusion-responsive-typography-calculated\">TOIMITUS<\/h3>\n<p>Verkkokaupastamme voit sek\u00e4 tilata tuotteet postitoimituksena tai noutaa tilauksen myym\u00e4l\u00e4st\u00e4mme. Toimituskulut ovat haluamaasi kotimaiseen (Suomi) osoitteeseen toimitettaessa ilmaiset. Tilauksen toimitusaika on noin 2-5 p\u00e4iv\u00e4\u00e4.\u00a0<\/p>\n<p>Tilauksen nouto myym\u00e4l\u00e4st\u00e4 on veloitukseton. Vastaanotettuasi tilausvahvistuksen tilaus on k\u00e4sitelty ja noudettavissa myym\u00e4l\u00e4st\u00e4 (Turuntie 10, 32200 Loimaa). S\u00e4ilyt\u00e4mme tilauksia kolme arkip\u00e4iv\u00e4\u00e4. Ilmoitathan mahdollisista noutoesteist\u00e4 asiakaspalveluumme joko puhelimitse 050 339 5675 tai s\u00e4hk\u00f6postitse muoti.today@gmail.com, jotta voimme tarvittaessa sopia tilauksen noudosta yksil\u00f6llisesti.<\/p>\n<p>Jos olet kiinnostunut tuotteiden tilaamisesta Suomen ulkopuolelle, ole yst\u00e4v\u00e4llisesti yhteydess\u00e4 asiakaspalveluumme muoti.today@gmail.com. K\u00e4sittelemme ulkomaantoimitukset aina yksil\u00f6llisesti ja l\u00e4het\u00e4mme sinulle mielell\u00e4mme lis\u00e4tietoja ulkomaantoimituksen yhteiskuluista.<\/p>\n<p>Emme vastaa mahdollisen ylivoimaisen esteen aiheuttamista viiv\u00e4stymisist\u00e4 tai viiv\u00e4stymisten aiheuttamista v\u00e4lillisist\u00e4 haitoista. Tiedotamme verkkokaupan sivuilla mahdollisista poikkeamista.<\/p>\n<h3 data-fontsize=\"32\" data-lineheight=\"41.6px\" class=\"fusion-responsive-typography-calculated\">PERUUTUS, PALAUTUS JA PALAUTUSEHDOT<\/h3>\n<p>Sinulla on kuluttajasuojalain mukainen oikeus peruuttaa tilauksesi tai osa siit\u00e4 nelj\u00e4ntoista (14) p\u00e4iv\u00e4n kuluessa tilauksen vastaanottamisesta. Virheett\u00f6m\u00e4n tuotteen palauttamisesta tai vaihdosta aiheutuvista kuluista vastaa kokonaisuudessaan asiakas itse.<\/p>\n<p>Palautettavan tai vaihdettavan tuotteen on oltava k\u00e4ytt\u00e4m\u00e4t\u00f6n ja alkuper\u00e4iskunnossa.<\/p>\n<p>Mik\u00e4li haluat palauttaa tai vaihtaa tuotteen, otathan yst\u00e4v\u00e4llisesti ensin yhteytt\u00e4 asiakaspalveluumme puhelimitse 050 339 5675 tai s\u00e4hk\u00f6postitse muoti.today@gmail.com<\/p>\n<p>Palautamme maksamasi summan 30 p\u00e4iv\u00e4n kuluessa tilatun tuotteen ja ilmoituksen saapumisesta, mik\u00e4li olet palauttanut tuotteen. Peruutusoikeus ei koske mahdollisesti toiveestasi muunneltua tuotetta.<\/p>\n<p>Lunastamattomista l\u00e4hetyksist\u00e4 perimme l\u00e4hetyskulut.<\/p>\n<h3 data-fontsize=\"32\" data-lineheight=\"41.6px\" class=\"fusion-responsive-typography-calculated\">ASIAKASPALAUTE JA REKLAMAATIO<\/h3>\n<p>Haluamme kuulla, miten onnistumme palvelussamme. Voit j\u00e4tt\u00e4\u00e4 asiakaspalautetta olemalla yhteydess\u00e4 asiakaspalveluumme puhelimitse 050 3395675, s\u00e4hk\u00f6postitsemuoti.today@gmail.com tai verkkokaupan \u2019Ota yhteytt\u00e4\u2019 -kohdan kautta.<\/p>\n<p>Mahdollisen reklamaation voit tehd\u00e4 kirjallisesti s\u00e4hk\u00f6postilla osoitteeseen muoti.today@gmail.com tai postitse osoitteeseen:<\/p>\n<p>Muotiliike TODAY<br \/>Kauppalankatu 2<br \/>32200 Loimaa<\/p>\n<p>Reklamaatio-oikeus koskee tuotteiden valmistus- ja materiaalivirheit\u00e4. TODAY ei vastaa tuotteen normaalista kulumisesta, virheellisest\u00e4 k\u00e4sittelyst\u00e4 tai hoito-ohjeiden noudattamattomuudesta aiheutuneista vahingoista. N\u00e4iss\u00e4 tapauksissa TODAY varaa oikeuden olla hyv\u00e4ksym\u00e4tt\u00e4 asiakkaan reklamaatiota.<\/p>\n<h3 data-fontsize=\"32\" data-lineheight=\"41.6px\" class=\"fusion-responsive-typography-calculated\">ONGELMATILANTEET<\/h3>\n<p>Mik\u00e4li tuote on kadonnut, vioittunut, j\u00e4\u00e4nyt saapumatta tai ei vastaa tilaamaasi tuotetta, tulee sinun ilmoittaa virhetilanteesta kirjallisesti viimeist\u00e4\u00e4n nelj\u00e4ntoista (14) p\u00e4iv\u00e4n aikana ongelmatilanteen havaittuasi s\u00e4hk\u00f6postilla muoti.today@gmail.com -osoitteeseen.<\/p>\n<\/div>\n<p>[\/et_pb_text][\/et_pb_column][\/et_pb_row][\/et_pb_section]<\/p>\n","protected":false},"excerpt":{"rendered":"<p>\u00a0Palautus- ja toimitusehdot Voimassa 21.4.2020 alkaen PALVELUNTARJOAJA Muotiliike Today, EMK-Yhti\u00f6t Oy (3474618-5) myy vaatteita ja asusteita yksityishenkil\u00f6ille. Tuotteiden hinnat sis\u00e4lt\u00e4v\u00e4t arvonlis\u00e4veron. Pid\u00e4t\u00e4mme oikeuden hintojen ja toimituskulujen muutoksiin. TILAAMINEN Tuotteita voi tilata verkkokaupan kotisivuilla valitsemalla niit\u00e4 ostopainikkeiden avulla ostoskoriin. Ostoskorin sis\u00e4lt\u00f6 maksetaan kassalla k\u00e4ytett\u00e4viss\u00e4 olevin maksutavoin. Kassatoiminto l\u00f6ytyy verkkosivujen oikeasta yl\u00e4kulmasta. Tilataksesi verkkokaupasta sinun tulee tutustua [&hellip;]<\/p>\n","protected":false},"author":1,"featured_media":0,"parent":0,"menu_order":0,"comment_status":"closed","ping_status":"closed","template":"","meta":{"_et_pb_use_builder":"on","_et_pb_old_content":"","_et_gb_content_width":"","footnotes":""},"class_list":["post-187","page","type-page","status-publish","hentry"],"jetpack_sharing_enabled":true,"_links":{"self":[{"href":"https:\/\/today.fi\/index.php?rest_route=\/wp\/v2\/pages\/187","targetHints":{"allow":["GET"]}}],"collection":[{"href":"https:\/\/today.fi\/index.php?rest_route=\/wp\/v2\/pages"}],"about":[{"href":"https:\/\/today.fi\/index.php?rest_route=\/wp\/v2\/types\/page"}],"author":[{"embeddable":true,"href":"https:\/\/today.fi\/index.php?rest_route=\/wp\/v2\/users\/1"}],"replies":[{"embeddable":true,"href":"https:\/\/today.fi\/index.php?rest_route=%2Fwp%2Fv2%2Fcomments&post=187"}],"version-history":[{"count":11,"href":"https:\/\/today.fi\/index.php?rest_route=\/wp\/v2\/pages\/187\/revisions"}],"predecessor-version":[{"id":1510,"href":"https:\/\/today.fi\/index.php?rest_route=\/wp\/v2\/pages\/187\/revisions\/1510"}],"wp:attachment":[{"href":"https:\/\/today.fi\/index.php?rest_route=%2Fwp%2Fv2%2Fmedia&parent=187"}],"curies":[{"name":"wp","href":"https:\/\/api.w.org\/{rel}","templated":true}]}}