{"id":2,"date":"2025-03-19T10:49:00","date_gmt":"2025-03-19T10:49:00","guid":{"rendered":"https:\/\/today.fi\/?page_id=2"},"modified":"2025-06-30T11:05:11","modified_gmt":"2025-06-30T09:05:11","slug":"etusivu","status":"publish","type":"page","link":"https:\/\/today.fi\/","title":{"rendered":"Etusivu"},"content":{"rendered":"<p>[et_pb_section fb_built=&#8221;1&#8243; _builder_version=&#8221;4.21.0&#8243; _module_preset=&#8221;default&#8221; background_enable_color=&#8221;off&#8221; background_image=&#8221;https:\/\/today.fi\/wp-content\/uploads\/2025\/03\/tausta.jpg&#8221; height=&#8221;450px&#8221; global_colors_info=&#8221;{}&#8221;][et_pb_row _builder_version=&#8221;4.21.0&#8243; _module_preset=&#8221;default&#8221; global_colors_info=&#8221;{}&#8221;][et_pb_column type=&#8221;4_4&#8243; _builder_version=&#8221;4.21.0&#8243; _module_preset=&#8221;default&#8221; global_colors_info=&#8221;{}&#8221;][\/et_pb_column][\/et_pb_row][\/et_pb_section][et_pb_section fb_built=&#8221;1&#8243; _builder_version=&#8221;4.16&#8243; global_colors_info=&#8221;{}&#8221;][et_pb_row _builder_version=&#8221;4.21.0&#8243; background_size=&#8221;initial&#8221; background_position=&#8221;top_left&#8221; background_repeat=&#8221;repeat&#8221; width=&#8221;100%&#8221; max_width=&#8221;80%&#8221; global_colors_info=&#8221;{}&#8221;][et_pb_column type=&#8221;4_4&#8243; _builder_version=&#8221;4.16&#8243; custom_padding=&#8221;|||&#8221; global_colors_info=&#8221;{}&#8221; custom_padding__hover=&#8221;|||&#8221;][et_pb_text _builder_version=&#8221;4.21.0&#8243; _module_preset=&#8221;default&#8221; custom_margin=&#8221;0px|0px|0px|0px|true|true&#8221; custom_padding=&#8221;0px|0px|0px|0px|true|true&#8221; global_colors_info=&#8221;{}&#8221;]<\/p>\n<div class=\"woocommerce columns-4\"><ul class=\"products columns-4\">\n<li class=\"product-category product first\">\n\t<a aria-label=\"Visit product category ALE\" href=\"https:\/\/today.fi\/?product_cat=ale\"><div class=\"ab_container\"><img loading=\"lazy\" decoding=\"async\" src=\"https:\/\/today.fi\/wp-content\/uploads\/2025\/11\/0711-06-300x300.jpg\" alt=\"ALE\" width=\"300\" height=\"300\" \/><div class=\"ab_overlay\"><div class=\"ab_icon\"><\/div><\/div><\/div>\t\t<h2 class=\"woocommerce-loop-category__title\">\n\t\t\tALE <mark class=\"count\">(12)<\/mark>\t\t<\/h2>\n\t\t<\/a><\/li>\n<li class=\"product-category product\">\n\t<a aria-label=\"Visit product category Asusteet\" href=\"https:\/\/today.fi\/?product_cat=asusteet\"><div class=\"ab_container\"><img loading=\"lazy\" decoding=\"async\" src=\"https:\/\/today.fi\/wp-content\/uploads\/2026\/01\/2601-16-300x300.jpg\" alt=\"Asusteet\" width=\"300\" height=\"300\" \/><div class=\"ab_overlay\"><div class=\"ab_icon\"><\/div><\/div><\/div>\t\t<h2 class=\"woocommerce-loop-category__title\">\n\t\t\tAsusteet <mark class=\"count\">(19)<\/mark>\t\t<\/h2>\n\t\t<\/a><\/li>\n<li class=\"product-category product\">\n\t<a aria-label=\"Visit product category Farkut\" href=\"https:\/\/today.fi\/?product_cat=farkut\"><div class=\"ab_container\"><img loading=\"lazy\" decoding=\"async\" src=\"https:\/\/today.fi\/wp-content\/uploads\/2026\/02\/0602-17-300x300.jpg\" alt=\"Farkut\" width=\"300\" height=\"300\" \/><div class=\"ab_overlay\"><div class=\"ab_icon\"><\/div><\/div><\/div>\t\t<h2 class=\"woocommerce-loop-category__title\">\n\t\t\tFarkut <mark class=\"count\">(5)<\/mark>\t\t<\/h2>\n\t\t<\/a><\/li>\n<li class=\"product-category product last\">\n\t<a aria-label=\"Visit product category Hame\" href=\"https:\/\/today.fi\/?product_cat=hame\"><div class=\"ab_container\"><img loading=\"lazy\" decoding=\"async\" src=\"https:\/\/today.fi\/wp-content\/uploads\/2025\/11\/0711-15-300x300.jpg\" alt=\"Hame\" width=\"300\" height=\"300\" \/><div class=\"ab_overlay\"><div class=\"ab_icon\"><\/div><\/div><\/div>\t\t<h2 class=\"woocommerce-loop-category__title\">\n\t\t\tHame <mark class=\"count\">(4)<\/mark>\t\t<\/h2>\n\t\t<\/a><\/li>\n<li class=\"product-category product first\">\n\t<a aria-label=\"Visit product category Housut\" href=\"https:\/\/today.fi\/?product_cat=housut\"><div class=\"ab_container\"><img loading=\"lazy\" decoding=\"async\" src=\"https:\/\/today.fi\/wp-content\/uploads\/2025\/10\/1410-116-300x300.jpg\" alt=\"Housut\" width=\"300\" height=\"300\" \/><div class=\"ab_overlay\"><div class=\"ab_icon\"><\/div><\/div><\/div>\t\t<h2 class=\"woocommerce-loop-category__title\">\n\t\t\tHousut <mark class=\"count\">(6)<\/mark>\t\t<\/h2>\n\t\t<\/a><\/li>\n<li class=\"product-category product\">\n\t<a aria-label=\"Visit product category Keng\u00e4t\" href=\"https:\/\/today.fi\/?product_cat=kengat\"><div class=\"ab_container\"><img loading=\"lazy\" decoding=\"async\" src=\"https:\/\/today.fi\/wp-content\/uploads\/2025\/09\/2709-01-300x300.jpg\" alt=\"Keng\u00e4t\" width=\"300\" height=\"300\" \/><div class=\"ab_overlay\"><div class=\"ab_icon\"><\/div><\/div><\/div>\t\t<h2 class=\"woocommerce-loop-category__title\">\n\t\t\tKeng\u00e4t <mark class=\"count\">(8)<\/mark>\t\t<\/h2>\n\t\t<\/a><\/li>\n<li class=\"product-category product\">\n\t<a aria-label=\"Visit product category Laukut\" href=\"https:\/\/today.fi\/?product_cat=laukut\"><div class=\"ab_container\"><img loading=\"lazy\" decoding=\"async\" src=\"https:\/\/today.fi\/wp-content\/uploads\/2026\/02\/0602-14-300x300.jpg\" alt=\"Laukut\" width=\"300\" height=\"300\" \/><div class=\"ab_overlay\"><div class=\"ab_icon\"><\/div><\/div><\/div>\t\t<h2 class=\"woocommerce-loop-category__title\">\n\t\t\tLaukut <mark class=\"count\">(15)<\/mark>\t\t<\/h2>\n\t\t<\/a><\/li>\n<li class=\"product-category product last\">\n\t<a aria-label=\"Visit product category Mekot\" href=\"https:\/\/today.fi\/?product_cat=mekot\"><div class=\"ab_container\"><img loading=\"lazy\" decoding=\"async\" src=\"https:\/\/today.fi\/wp-content\/uploads\/2025\/12\/1112-01-300x300.jpg\" alt=\"Mekot\" width=\"300\" height=\"300\" \/><div class=\"ab_overlay\"><div class=\"ab_icon\"><\/div><\/div><\/div>\t\t<h2 class=\"woocommerce-loop-category__title\">\n\t\t\tMekot <mark class=\"count\">(10)<\/mark>\t\t<\/h2>\n\t\t<\/a><\/li>\n<li class=\"product-category product first\">\n\t<a aria-label=\"Visit product category Takit\" href=\"https:\/\/today.fi\/?product_cat=takit\"><div class=\"ab_container\"><img loading=\"lazy\" decoding=\"async\" src=\"https:\/\/today.fi\/wp-content\/uploads\/2025\/08\/0708-01-300x300.jpg\" alt=\"Takit\" width=\"300\" height=\"300\" \/><div class=\"ab_overlay\"><div class=\"ab_icon\"><\/div><\/div><\/div>\t\t<h2 class=\"woocommerce-loop-category__title\">\n\t\t\tTakit <mark class=\"count\">(2)<\/mark>\t\t<\/h2>\n\t\t<\/a><\/li>\n<li class=\"product-category product\">\n\t<a aria-label=\"Visit product category Yl\u00e4osat\" href=\"https:\/\/today.fi\/?product_cat=ylaosat\"><div class=\"ab_container\"><img loading=\"lazy\" decoding=\"async\" src=\"https:\/\/today.fi\/wp-content\/uploads\/2026\/04\/0804-03-300x300.jpg\" alt=\"Yl\u00e4osat\" width=\"300\" height=\"300\" \/><div class=\"ab_overlay\"><div class=\"ab_icon\"><\/div><\/div><\/div>\t\t<h2 class=\"woocommerce-loop-category__title\">\n\t\t\tYl\u00e4osat <mark class=\"count\">(17)<\/mark>\t\t<\/h2>\n\t\t<\/a><\/li>\n<\/ul>\n<\/div>\n<p>[\/et_pb_text][\/et_pb_column][\/et_pb_row][\/et_pb_section][et_pb_section fb_built=&#8221;1&#8243; _builder_version=&#8221;4.27.4&#8243; _module_preset=&#8221;default&#8221; global_colors_info=&#8221;{}&#8221;][et_pb_row _builder_version=&#8221;4.27.4&#8243; _module_preset=&#8221;default&#8221; global_colors_info=&#8221;{}&#8221;][et_pb_column type=&#8221;4_4&#8243; _builder_version=&#8221;4.27.4&#8243; _module_preset=&#8221;default&#8221; global_colors_info=&#8221;{}&#8221;][et_pb_blog posts_number=&#8221;1&#8243; show_thumbnail=&#8221;off&#8221; show_author=&#8221;off&#8221; show_date=&#8221;off&#8221; show_categories=&#8221;off&#8221; _builder_version=&#8221;4.27.4&#8243; _module_preset=&#8221;default&#8221; hover_enabled=&#8221;0&#8243; global_colors_info=&#8221;{}&#8221; show_pagination=&#8221;off&#8221; sticky_enabled=&#8221;0&#8243;][\/et_pb_blog][\/et_pb_column][\/et_pb_row][\/et_pb_section][et_pb_section fb_built=&#8221;1&#8243; _builder_version=&#8221;4.21.0&#8243; _module_preset=&#8221;default&#8221; global_colors_info=&#8221;{}&#8221;][et_pb_row column_structure=&#8221;1_2,1_2&#8243; _builder_version=&#8221;4.21.0&#8243; _module_preset=&#8221;default&#8221; width=&#8221;100%&#8221; max_width=&#8221;80%&#8221; global_colors_info=&#8221;{}&#8221;][et_pb_column type=&#8221;1_2&#8243; _builder_version=&#8221;4.21.0&#8243; _module_preset=&#8221;default&#8221; global_colors_info=&#8221;{}&#8221;][et_pb_text _builder_version=&#8221;4.21.0&#8243; _module_preset=&#8221;default&#8221; header_text_color=&#8221;#fe0002&#8243; global_colors_info=&#8221;{}&#8221;]<\/p>\n<h1>Muotiliike Today &#8211; aina uutta<\/h1>\n<p>Kenk\u00e4- ja Muotiliike Today on pukeutumisen tavaratalo Loimaan syd\u00e4mess\u00e4.<br \/>Tarjoamme nuorekasta, tyylik\u00e4st\u00e4 pukeutumista aikuisille.<\/p>\n<p>Nimens\u00e4 mukaisesti Today on aina kiinni ajassa. Vaate- ja kenk\u00e4valikoimamme koostuu <br \/>raikkaasta Keski-Euroopan muodista. Uniikit laukut, korut ja huivit t\u00e4ydent\u00e4v\u00e4t asukokonaisuuden<br \/>juuri sinun n\u00e4k\u00f6iseksesi.<\/p>\n<p>Maahantuomme itse tuotteemme, joten rekeiss\u00e4mme komeilee viikottain uutuuksia.<br \/>Oma maahantuonti ilman v\u00e4lik\u00e4si\u00e4 takaa uutuudet edullisella hintatasolla.<\/p>\n<p>Todayn verkkokauppa on pieni, yksityinen suomalainen verkkokauppa. Olemme yksil\u00f6llinen,<br \/>edullinen vaihtoehto kaikille kasvottomille, monikansallisille massatuotteiden tarjoajille.<br \/>Kasvamme asiakkaiden mukana.<\/p>\n<p>Tule, n\u00e4e ja ihastu, tervetuloa!<\/p>\n<p>[\/et_pb_text][\/et_pb_column][et_pb_column type=&#8221;1_2&#8243; _builder_version=&#8221;4.21.0&#8243; _module_preset=&#8221;default&#8221; global_colors_info=&#8221;{}&#8221;][et_pb_text _builder_version=&#8221;4.21.0&#8243; _module_preset=&#8221;default&#8221; header_text_color=&#8221;#fe0002&#8243; header_2_font=&#8221;|300|||||||&#8221; header_2_text_color=&#8221;#fe0002&#8243; global_colors_info=&#8221;{}&#8221;]<\/p>\n<h1>Suutaripalvelut<\/h1>\n<p>Suutari Koskinen<br \/>Perinteisess\u00e4 suutarinverstaassa tehd\u00e4\u00e4n ammattitaidolla kaikki alan ty\u00f6t. My\u00f6s<br \/>vaativammat esimerkiksi keng\u00e4nkorotusty\u00f6t ovat meille arkip\u00e4iv\u00e4\u00e4. Lis\u00e4ksi<br \/>ratsastustarvikkeiden korjauksessa erityisosaamista.<\/p>\n<p>&nbsp;<\/p>\n<p>[\/et_pb_text][\/et_pb_column][\/et_pb_row][\/et_pb_section]<\/p>\n","protected":false},"excerpt":{"rendered":"<p><div class=\"woocommerce columns-4\"><ul class=\"products columns-4\">\n<li class=\"product-category product first\">\n\t<a aria-label=\"Visit product category ALE\" href=\"https:\/\/today.fi\/?product_cat=ale\"><div class=\"ab_container\"><img loading=\"lazy\" decoding=\"async\" src=\"https:\/\/today.fi\/wp-content\/uploads\/2025\/11\/0711-06-300x300.jpg\" alt=\"ALE\" width=\"300\" height=\"300\" \/><div class=\"ab_overlay\"><div class=\"ab_icon\"><\/div><\/div><\/div>\t\t<h2 class=\"woocommerce-loop-category__title\">\n\t\t\tALE <mark class=\"count\">(12)<\/mark>\t\t<\/h2>\n\t\t<\/a><\/li>\n<li class=\"product-category product\">\n\t<a aria-label=\"Visit product category Asusteet\" href=\"https:\/\/today.fi\/?product_cat=asusteet\"><div class=\"ab_container\"><img loading=\"lazy\" decoding=\"async\" src=\"https:\/\/today.fi\/wp-content\/uploads\/2026\/01\/2601-16-300x300.jpg\" alt=\"Asusteet\" width=\"300\" height=\"300\" \/><div class=\"ab_overlay\"><div class=\"ab_icon\"><\/div><\/div><\/div>\t\t<h2 class=\"woocommerce-loop-category__title\">\n\t\t\tAsusteet <mark class=\"count\">(19)<\/mark>\t\t<\/h2>\n\t\t<\/a><\/li>\n<li class=\"product-category product\">\n\t<a aria-label=\"Visit product category Farkut\" href=\"https:\/\/today.fi\/?product_cat=farkut\"><div class=\"ab_container\"><img loading=\"lazy\" decoding=\"async\" src=\"https:\/\/today.fi\/wp-content\/uploads\/2026\/02\/0602-17-300x300.jpg\" alt=\"Farkut\" width=\"300\" height=\"300\" \/><div class=\"ab_overlay\"><div class=\"ab_icon\"><\/div><\/div><\/div>\t\t<h2 class=\"woocommerce-loop-category__title\">\n\t\t\tFarkut <mark class=\"count\">(5)<\/mark>\t\t<\/h2>\n\t\t<\/a><\/li>\n<li class=\"product-category product last\">\n\t<a aria-label=\"Visit product category Hame\" href=\"https:\/\/today.fi\/?product_cat=hame\"><div class=\"ab_container\"><img loading=\"lazy\" decoding=\"async\" src=\"https:\/\/today.fi\/wp-content\/uploads\/2025\/11\/0711-15-300x300.jpg\" alt=\"Hame\" width=\"300\" height=\"300\" \/><div class=\"ab_overlay\"><div class=\"ab_icon\"><\/div><\/div><\/div>\t\t<h2 class=\"woocommerce-loop-category__title\">\n\t\t\tHame <mark class=\"count\">(4)<\/mark>\t\t<\/h2>\n\t\t<\/a><\/li>\n<li class=\"product-category product first\">\n\t<a aria-label=\"Visit product category Housut\" href=\"https:\/\/today.fi\/?product_cat=housut\"><div class=\"ab_container\"><img loading=\"lazy\" decoding=\"async\" src=\"https:\/\/today.fi\/wp-content\/uploads\/2025\/10\/1410-116-300x300.jpg\" alt=\"Housut\" width=\"300\" height=\"300\" \/><div class=\"ab_overlay\"><div class=\"ab_icon\"><\/div><\/div><\/div>\t\t<h2 class=\"woocommerce-loop-category__title\">\n\t\t\tHousut <mark class=\"count\">(6)<\/mark>\t\t<\/h2>\n\t\t<\/a><\/li>\n<li class=\"product-category product\">\n\t<a aria-label=\"Visit product category Keng\u00e4t\" href=\"https:\/\/today.fi\/?product_cat=kengat\"><div class=\"ab_container\"><img loading=\"lazy\" decoding=\"async\" src=\"https:\/\/today.fi\/wp-content\/uploads\/2025\/09\/2709-01-300x300.jpg\" alt=\"Keng\u00e4t\" width=\"300\" height=\"300\" \/><div class=\"ab_overlay\"><div class=\"ab_icon\"><\/div><\/div><\/div>\t\t<h2 class=\"woocommerce-loop-category__title\">\n\t\t\tKeng\u00e4t <mark class=\"count\">(8)<\/mark>\t\t<\/h2>\n\t\t<\/a><\/li>\n<li class=\"product-category product\">\n\t<a aria-label=\"Visit product category Laukut\" href=\"https:\/\/today.fi\/?product_cat=laukut\"><div class=\"ab_container\"><img loading=\"lazy\" decoding=\"async\" src=\"https:\/\/today.fi\/wp-content\/uploads\/2026\/02\/0602-14-300x300.jpg\" alt=\"Laukut\" width=\"300\" height=\"300\" \/><div class=\"ab_overlay\"><div class=\"ab_icon\"><\/div><\/div><\/div>\t\t<h2 class=\"woocommerce-loop-category__title\">\n\t\t\tLaukut <mark class=\"count\">(15)<\/mark>\t\t<\/h2>\n\t\t<\/a><\/li>\n<li class=\"product-category product last\">\n\t<a aria-label=\"Visit product category Mekot\" href=\"https:\/\/today.fi\/?product_cat=mekot\"><div class=\"ab_container\"><img loading=\"lazy\" decoding=\"async\" src=\"https:\/\/today.fi\/wp-content\/uploads\/2025\/12\/1112-01-300x300.jpg\" alt=\"Mekot\" width=\"300\" height=\"300\" \/><div class=\"ab_overlay\"><div class=\"ab_icon\"><\/div><\/div><\/div>\t\t<h2 class=\"woocommerce-loop-category__title\">\n\t\t\tMekot <mark class=\"count\">(10)<\/mark>\t\t<\/h2>\n\t\t<\/a><\/li>\n<li class=\"product-category product first\">\n\t<a aria-label=\"Visit product category Takit\" href=\"https:\/\/today.fi\/?product_cat=takit\"><div class=\"ab_container\"><img loading=\"lazy\" decoding=\"async\" src=\"https:\/\/today.fi\/wp-content\/uploads\/2025\/08\/0708-01-300x300.jpg\" alt=\"Takit\" width=\"300\" height=\"300\" \/><div class=\"ab_overlay\"><div class=\"ab_icon\"><\/div><\/div><\/div>\t\t<h2 class=\"woocommerce-loop-category__title\">\n\t\t\tTakit <mark class=\"count\">(2)<\/mark>\t\t<\/h2>\n\t\t<\/a><\/li>\n<li class=\"product-category product\">\n\t<a aria-label=\"Visit product category Yl\u00e4osat\" href=\"https:\/\/today.fi\/?product_cat=ylaosat\"><div class=\"ab_container\"><img loading=\"lazy\" decoding=\"async\" src=\"https:\/\/today.fi\/wp-content\/uploads\/2026\/04\/0804-03-300x300.jpg\" alt=\"Yl\u00e4osat\" width=\"300\" height=\"300\" \/><div class=\"ab_overlay\"><div class=\"ab_icon\"><\/div><\/div><\/div>\t\t<h2 class=\"woocommerce-loop-category__title\">\n\t\t\tYl\u00e4osat <mark class=\"count\">(17)<\/mark>\t\t<\/h2>\n\t\t<\/a><\/li>\n<\/ul>\n<\/div>Muotiliike Today &#8211; aina uutta Kenk\u00e4- ja Muotiliike Today on pukeutumisen tavaratalo Loimaan syd\u00e4mess\u00e4.Tarjoamme nuorekasta, tyylik\u00e4st\u00e4 pukeutumista aikuisille. Nimens\u00e4 mukaisesti Today on aina kiinni ajassa. Vaate- ja kenk\u00e4valikoimamme koostuu raikkaasta Keski-Euroopan muodista. Uniikit laukut, korut ja huivit t\u00e4ydent\u00e4v\u00e4t asukokonaisuudenjuuri sinun n\u00e4k\u00f6iseksesi. Maahantuomme itse tuotteemme, joten rekeiss\u00e4mme komeilee viikottain uutuuksia.Oma maahantuonti ilman v\u00e4lik\u00e4si\u00e4 takaa [&hellip;]<\/p>\n","protected":false},"author":1,"featured_media":0,"parent":0,"menu_order":0,"comment_status":"closed","ping_status":"closed","template":"","meta":{"_et_pb_use_builder":"on","_et_pb_old_content":"<!-- wp:paragraph -->\n<p>This is an example page. It's different from a blog post because it will stay in one place and will show up in your site navigation (in most themes). Most people start with an About page that introduces them to potential site visitors. It might say something like this:<\/p>\n<!-- \/wp:paragraph -->\n\n<!-- wp:quote -->\n<blockquote class=\"wp-block-quote\"><p>Hi there! I'm a bike messenger by day, aspiring actor by night, and this is my website. I live in Los Angeles, have a great dog named Jack, and I like pi&#241;a coladas. (And gettin' caught in the rain.)<\/p><\/blockquote>\n<!-- \/wp:quote -->\n\n<!-- wp:paragraph -->\n<p>...or something like this:<\/p>\n<!-- \/wp:paragraph -->\n\n<!-- wp:quote -->\n<blockquote class=\"wp-block-quote\"><p>The XYZ Doohickey Company was founded in 1971, and has been providing quality doohickeys to the public ever since. Located in Gotham City, XYZ employs over 2,000 people and does all kinds of awesome things for the Gotham community.<\/p><\/blockquote>\n<!-- \/wp:quote -->\n\n<!-- wp:paragraph -->\n<p>As a new WordPress user, you should go to <a href=\"https:\/\/today.fi\/wp-admin\/\">your dashboard<\/a> to delete this page and create new pages for your content. Have fun!<\/p>\n<!-- \/wp:paragraph -->","_et_gb_content_width":"","footnotes":""},"class_list":["post-2","page","type-page","status-publish","hentry"],"jetpack_sharing_enabled":true,"_links":{"self":[{"href":"https:\/\/today.fi\/index.php?rest_route=\/wp\/v2\/pages\/2","targetHints":{"allow":["GET"]}}],"collection":[{"href":"https:\/\/today.fi\/index.php?rest_route=\/wp\/v2\/pages"}],"about":[{"href":"https:\/\/today.fi\/index.php?rest_route=\/wp\/v2\/types\/page"}],"author":[{"embeddable":true,"href":"https:\/\/today.fi\/index.php?rest_route=\/wp\/v2\/users\/1"}],"replies":[{"embeddable":true,"href":"https:\/\/today.fi\/index.php?rest_route=%2Fwp%2Fv2%2Fcomments&post=2"}],"version-history":[{"count":29,"href":"https:\/\/today.fi\/index.php?rest_route=\/wp\/v2\/pages\/2\/revisions"}],"predecessor-version":[{"id":1194,"href":"https:\/\/today.fi\/index.php?rest_route=\/wp\/v2\/pages\/2\/revisions\/1194"}],"wp:attachment":[{"href":"https:\/\/today.fi\/index.php?rest_route=%2Fwp%2Fv2%2Fmedia&parent=2"}],"curies":[{"name":"wp","href":"https:\/\/api.w.org\/{rel}","templated":true}]}}