{"id":1005,"date":"2025-06-24T06:58:31","date_gmt":"2025-06-24T04:58:31","guid":{"rendered":"https:\/\/today.fi\/?post_type=product&#038;p=1005"},"modified":"2026-01-14T10:52:32","modified_gmt":"2026-01-14T08:52:32","slug":"ws9030-porropistokas","status":"publish","type":"product","link":"https:\/\/today.fi\/?product=ws9030-porropistokas","title":{"rendered":"WS9030 P\u00f6rr\u00f6pistokas"},"content":{"rendered":"<p>Pinta: Pehme\u00e4 p\u00f6rr\u00f6tekstiili.<\/p>\n<p>Vuori ja sis\u00e4pohja: Pehme\u00e4 teddykangas.<\/p>\n<p>Pohja: Ewa-kumipohja.<\/p>\n<p>Ihanat koristeet<\/p>\n<p>&nbsp;<\/p>\n","protected":false},"excerpt":{"rendered":"<p>Pinta: Pehme\u00e4 p\u00f6rr\u00f6tekstiili. Vuori ja sis\u00e4pohja: Pehme\u00e4 teddykangas. Pohja: Ewa-kumipohja. Ihanat koristeet &nbsp;<\/p>\n","protected":false},"featured_media":1063,"comment_status":"open","ping_status":"closed","template":"","meta":{"_et_pb_use_builder":"","_et_pb_old_content":"","_et_gb_content_width":""},"product_brand":[],"product_cat":[41],"product_tag":[],"class_list":{"0":"post-1005","1":"product","2":"type-product","3":"status-publish","4":"has-post-thumbnail","6":"product_cat-ale","8":"first","9":"instock","10":"taxable","11":"shipping-taxable","12":"purchasable","13":"product-type-variable"},"jetpack_sharing_enabled":true,"_links":{"self":[{"href":"https:\/\/today.fi\/index.php?rest_route=\/wp\/v2\/product\/1005","targetHints":{"allow":["GET"]}}],"collection":[{"href":"https:\/\/today.fi\/index.php?rest_route=\/wp\/v2\/product"}],"about":[{"href":"https:\/\/today.fi\/index.php?rest_route=\/wp\/v2\/types\/product"}],"replies":[{"embeddable":true,"href":"https:\/\/today.fi\/index.php?rest_route=%2Fwp%2Fv2%2Fcomments&post=1005"}],"wp:featuredmedia":[{"embeddable":true,"href":"https:\/\/today.fi\/index.php?rest_route=\/wp\/v2\/media\/1063"}],"wp:attachment":[{"href":"https:\/\/today.fi\/index.php?rest_route=%2Fwp%2Fv2%2Fmedia&parent=1005"}],"wp:term":[{"taxonomy":"product_brand","embeddable":true,"href":"https:\/\/today.fi\/index.php?rest_route=%2Fwp%2Fv2%2Fproduct_brand&post=1005"},{"taxonomy":"product_cat","embeddable":true,"href":"https:\/\/today.fi\/index.php?rest_route=%2Fwp%2Fv2%2Fproduct_cat&post=1005"},{"taxonomy":"product_tag","embeddable":true,"href":"https:\/\/today.fi\/index.php?rest_route=%2Fwp%2Fv2%2Fproduct_tag&post=1005"}],"curies":[{"name":"wp","href":"https:\/\/api.w.org\/{rel}","templated":true}]}}