{"id":1052,"date":"2025-06-24T06:59:02","date_gmt":"2025-06-24T04:59:02","guid":{"rendered":"https:\/\/today.fi\/?post_type=product&#038;p=1052"},"modified":"2026-03-25T14:03:49","modified_gmt":"2026-03-25T12:03:49","slug":"9919-laskoshousut","status":"publish","type":"product","link":"https:\/\/today.fi\/?product=9919-laskoshousut","title":{"rendered":"9919 Laskoshousut"},"content":{"rendered":"<p>97% viskoosi, 3%elastaani.<\/p>\n<p>OneSize (L-2XL).<\/p>\n<p>Venytt\u00e4m\u00e4tt\u00e4 vy\u00f6t\u00e4r\u00f6 noin 72cm. Venytettyn\u00e4 noin 130cm.<\/p>\n<p>Lahkeen sis\u00e4mitta 72cm.<\/p>\n<p>Ihana housu arkeen ja juhlaan. Kiva napakka materiaali.<\/p>\n","protected":false},"excerpt":{"rendered":"<p>97% viskoosi, 3%elastaani. OneSize (L-2XL). Venytt\u00e4m\u00e4tt\u00e4 vy\u00f6t\u00e4r\u00f6 noin 72cm. Venytettyn\u00e4 noin 130cm. Lahkeen sis\u00e4mitta 72cm. Ihana housu arkeen ja juhlaan. Kiva napakka materiaali.<\/p>\n","protected":false},"featured_media":1085,"comment_status":"open","ping_status":"closed","template":"","meta":{"_et_pb_use_builder":"","_et_pb_old_content":"","_et_gb_content_width":""},"product_brand":[],"product_cat":[22],"product_tag":[],"class_list":{"0":"post-1052","1":"product","2":"type-product","3":"status-publish","4":"has-post-thumbnail","6":"product_cat-housut","8":"first","9":"instock","10":"taxable","11":"shipping-taxable","12":"purchasable","13":"product-type-variable"},"jetpack_sharing_enabled":true,"_links":{"self":[{"href":"https:\/\/today.fi\/index.php?rest_route=\/wp\/v2\/product\/1052","targetHints":{"allow":["GET"]}}],"collection":[{"href":"https:\/\/today.fi\/index.php?rest_route=\/wp\/v2\/product"}],"about":[{"href":"https:\/\/today.fi\/index.php?rest_route=\/wp\/v2\/types\/product"}],"replies":[{"embeddable":true,"href":"https:\/\/today.fi\/index.php?rest_route=%2Fwp%2Fv2%2Fcomments&post=1052"}],"wp:featuredmedia":[{"embeddable":true,"href":"https:\/\/today.fi\/index.php?rest_route=\/wp\/v2\/media\/1085"}],"wp:attachment":[{"href":"https:\/\/today.fi\/index.php?rest_route=%2Fwp%2Fv2%2Fmedia&parent=1052"}],"wp:term":[{"taxonomy":"product_brand","embeddable":true,"href":"https:\/\/today.fi\/index.php?rest_route=%2Fwp%2Fv2%2Fproduct_brand&post=1052"},{"taxonomy":"product_cat","embeddable":true,"href":"https:\/\/today.fi\/index.php?rest_route=%2Fwp%2Fv2%2Fproduct_cat&post=1052"},{"taxonomy":"product_tag","embeddable":true,"href":"https:\/\/today.fi\/index.php?rest_route=%2Fwp%2Fv2%2Fproduct_tag&post=1052"}],"curies":[{"name":"wp","href":"https:\/\/api.w.org\/{rel}","templated":true}]}}