{"id":1120,"date":"2025-07-02T12:20:36","date_gmt":"2025-07-02T10:20:36","guid":{"rendered":"https:\/\/today.fi\/?post_type=product&#038;p=1120"},"modified":"2025-10-28T14:59:38","modified_gmt":"2025-10-28T12:59:38","slug":"2251-nilkkuri","status":"publish","type":"product","link":"https:\/\/today.fi\/?product=2251-nilkkuri","title":{"rendered":"2251 Nilkkuri"},"content":{"rendered":"<p>Pinta: Keinomateriaali<\/p>\n<p>Vuoritus: Pehme\u00e4 teddymateriaali.<\/p>\n<p>Kumiseos-pohja.<\/p>\n<p>Ulkosyrj\u00e4ll\u00e4 koriste vetoketju.<\/p>\n<p>Sis\u00e4syrj\u00e4ll\u00e4 k\u00e4ytt\u00f6vetoketju.<\/p>\n<p>Korko 6cm. P\u00e4ki\u00e4 2cm.<\/p>\n","protected":false},"excerpt":{"rendered":"<p>Pinta: Keinomateriaali Vuoritus: Pehme\u00e4 teddymateriaali. Kumiseos-pohja. Ulkosyrj\u00e4ll\u00e4 koriste vetoketju. Sis\u00e4syrj\u00e4ll\u00e4 k\u00e4ytt\u00f6vetoketju. Korko 6cm. P\u00e4ki\u00e4 2cm.<\/p>\n","protected":false},"featured_media":1199,"comment_status":"open","ping_status":"closed","template":"","meta":{"_et_pb_use_builder":"","_et_pb_old_content":"","_et_gb_content_width":""},"product_brand":[],"product_cat":[23],"product_tag":[],"class_list":{"0":"post-1120","1":"product","2":"type-product","3":"status-publish","4":"has-post-thumbnail","6":"product_cat-kengat","8":"first","9":"instock","10":"taxable","11":"shipping-taxable","12":"purchasable","13":"product-type-variable"},"jetpack_sharing_enabled":true,"_links":{"self":[{"href":"https:\/\/today.fi\/index.php?rest_route=\/wp\/v2\/product\/1120","targetHints":{"allow":["GET"]}}],"collection":[{"href":"https:\/\/today.fi\/index.php?rest_route=\/wp\/v2\/product"}],"about":[{"href":"https:\/\/today.fi\/index.php?rest_route=\/wp\/v2\/types\/product"}],"replies":[{"embeddable":true,"href":"https:\/\/today.fi\/index.php?rest_route=%2Fwp%2Fv2%2Fcomments&post=1120"}],"wp:featuredmedia":[{"embeddable":true,"href":"https:\/\/today.fi\/index.php?rest_route=\/wp\/v2\/media\/1199"}],"wp:attachment":[{"href":"https:\/\/today.fi\/index.php?rest_route=%2Fwp%2Fv2%2Fmedia&parent=1120"}],"wp:term":[{"taxonomy":"product_brand","embeddable":true,"href":"https:\/\/today.fi\/index.php?rest_route=%2Fwp%2Fv2%2Fproduct_brand&post=1120"},{"taxonomy":"product_cat","embeddable":true,"href":"https:\/\/today.fi\/index.php?rest_route=%2Fwp%2Fv2%2Fproduct_cat&post=1120"},{"taxonomy":"product_tag","embeddable":true,"href":"https:\/\/today.fi\/index.php?rest_route=%2Fwp%2Fv2%2Fproduct_tag&post=1120"}],"curies":[{"name":"wp","href":"https:\/\/api.w.org\/{rel}","templated":true}]}}