{"id":1121,"date":"2025-06-25T19:42:07","date_gmt":"2025-06-25T17:42:07","guid":{"rendered":"https:\/\/today.fi\/?post_type=product&#038;p=1121"},"modified":"2026-03-25T14:01:58","modified_gmt":"2026-03-25T12:01:58","slug":"c3042-farkku","status":"publish","type":"product","link":"https:\/\/today.fi\/?product=c3042-farkku","title":{"rendered":"C3042 Farkku"},"content":{"rendered":"<p>98% cotton, 2% elastaani.<\/p>\n<p>Rento malli. Hyv\u00e4 jousto.<\/p>\n<p>Lahje melkein suora.<\/p>\n<p>Koot tuumakokoina:<\/p>\n<p>Koko 28: Vy\u00f6t\u00e4r\u00f6 venytt\u00e4m\u00e4tt\u00e4 80cm. venytettyn\u00e4 87cm. Lantio venytettyn\u00e4 98cm. Lahkeen sis\u00e4mitta 80cm.<\/p>\n<p>Koko 29: Vy\u00f6t\u00e4r\u00f6 venytt\u00e4m\u00e4tt\u00e4 82cm. Vy\u00f6t\u00e4r\u00f6 venytettyn\u00e4 91cm. Lantio venytettyn\u00e4 100cm. Lahkeen sis\u00e4mitta 82cm.<\/p>\n<p>Koko 30: Vy\u00f6t\u00e4r\u00f6 venytt\u00e4m\u00e4tt\u00e4 84cm. Vy\u00f6t\u00e4r\u00f6 venytettyn\u00e4 94cm. Lantio venytettyn\u00e4 102cm. Lahkeen sis\u00e4mitta 82cm.<\/p>\n<p>Koko 31: Vy\u00f6t\u00e4r\u00f6 venytt\u00e4m\u00e4tt\u00e4 86cm. Vy\u00f6t\u00e4r\u00f6 venytettyn\u00e4 97cm. Lantio venytettyn\u00e4 108cm. Lahkeen sis\u00e4mitta 82cm.<\/p>\n<p>Koko 32: Vy\u00f6t\u00e4r\u00f6 venytt\u00e4m\u00e4tt\u00e4 89cm. Vy\u00f6t\u00e4r\u00f6 venytettyn\u00e4 101cm. Lantio venytettyn\u00e4 110cm Lahkeen sis\u00e4mitta 82cm.<\/p>\n<p>Koko 34: Vy\u00f6t\u00e4r\u00f6 venytt\u00e4m\u00e4tt\u00e4 95cm. Vy\u00f6t\u00e4r\u00f6 venytettyn\u00e4 106cm. Lantio venytettyn\u00e4 116cm. Lahkeen sis\u00e4mitta 82cm.<\/p>\n<p>Koko 36: Vy\u00f6t\u00e4r\u00f6 venytt\u00e4m\u00e4tt\u00e4 97cm. Vy\u00f6t\u00e4r\u00f6 venytettyn\u00e4 110cm. Lantio venytettyn\u00e4 120cm. Lahkeen sis\u00e4mitta 82cm.<\/p>\n","protected":false},"excerpt":{"rendered":"<p>98% cotton, 2% elastaani. Rento malli. Hyv\u00e4 jousto. Lahje melkein suora. Koot tuumakokoina: Koko 28: Vy\u00f6t\u00e4r\u00f6 venytt\u00e4m\u00e4tt\u00e4 80cm. venytettyn\u00e4 87cm. Lantio venytettyn\u00e4 98cm. Lahkeen sis\u00e4mitta 80cm. Koko 29: Vy\u00f6t\u00e4r\u00f6 venytt\u00e4m\u00e4tt\u00e4 82cm. Vy\u00f6t\u00e4r\u00f6 venytettyn\u00e4 91cm. Lantio venytettyn\u00e4 100cm. Lahkeen sis\u00e4mitta 82cm. Koko 30: Vy\u00f6t\u00e4r\u00f6 venytt\u00e4m\u00e4tt\u00e4 84cm. Vy\u00f6t\u00e4r\u00f6 venytettyn\u00e4 94cm. Lantio venytettyn\u00e4 102cm. Lahkeen sis\u00e4mitta 82cm. Koko [&hellip;]<\/p>\n","protected":false},"featured_media":1115,"comment_status":"open","ping_status":"closed","template":"","meta":{"_et_pb_use_builder":"","_et_pb_old_content":"","_et_gb_content_width":""},"product_brand":[],"product_cat":[40],"product_tag":[],"class_list":{"0":"post-1121","1":"product","2":"type-product","3":"status-publish","4":"has-post-thumbnail","6":"product_cat-farkut","8":"first","9":"instock","10":"taxable","11":"shipping-taxable","12":"purchasable","13":"product-type-variable"},"jetpack_sharing_enabled":true,"_links":{"self":[{"href":"https:\/\/today.fi\/index.php?rest_route=\/wp\/v2\/product\/1121","targetHints":{"allow":["GET"]}}],"collection":[{"href":"https:\/\/today.fi\/index.php?rest_route=\/wp\/v2\/product"}],"about":[{"href":"https:\/\/today.fi\/index.php?rest_route=\/wp\/v2\/types\/product"}],"replies":[{"embeddable":true,"href":"https:\/\/today.fi\/index.php?rest_route=%2Fwp%2Fv2%2Fcomments&post=1121"}],"wp:featuredmedia":[{"embeddable":true,"href":"https:\/\/today.fi\/index.php?rest_route=\/wp\/v2\/media\/1115"}],"wp:attachment":[{"href":"https:\/\/today.fi\/index.php?rest_route=%2Fwp%2Fv2%2Fmedia&parent=1121"}],"wp:term":[{"taxonomy":"product_brand","embeddable":true,"href":"https:\/\/today.fi\/index.php?rest_route=%2Fwp%2Fv2%2Fproduct_brand&post=1121"},{"taxonomy":"product_cat","embeddable":true,"href":"https:\/\/today.fi\/index.php?rest_route=%2Fwp%2Fv2%2Fproduct_cat&post=1121"},{"taxonomy":"product_tag","embeddable":true,"href":"https:\/\/today.fi\/index.php?rest_route=%2Fwp%2Fv2%2Fproduct_tag&post=1121"}],"curies":[{"name":"wp","href":"https:\/\/api.w.org\/{rel}","templated":true}]}}