{"id":1129,"date":"2025-06-25T19:54:20","date_gmt":"2025-06-25T17:54:20","guid":{"rendered":"https:\/\/today.fi\/?post_type=product&#038;p=1129"},"modified":"2026-03-25T14:00:59","modified_gmt":"2026-03-25T12:00:59","slug":"hs-2116-nappifarkku","status":"publish","type":"product","link":"https:\/\/today.fi\/?product=hs-2116-nappifarkku","title":{"rendered":"HS-2116 NappiFarkku"},"content":{"rendered":"<p>64% Cotton, 24% polyester, 10%rayon, 2%spandex.<\/p>\n<p>Korkea vy\u00f6t\u00e4r\u00f6. Hyv\u00e4 istuvuus.<\/p>\n<p>Edess\u00e4 kivat napit.<\/p>\n<p>Kapeneva lahje. Hyv\u00e4 joustavuus.<\/p>\n<p>XS\/34: Vy\u00f6t\u00e4r\u00f6 venytt\u00e4m\u00e4tt\u00e4 69cm. Vy\u00f6t\u00e4r\u00f6 venytettyn\u00e4 82cm. Lantio venytettyn\u00e4 92cm. Lahkeen sis\u00e4mitta 68cm.<\/p>\n<p>S\/36: Vy\u00f6t\u00e4r\u00f6 venytt\u00e4m\u00e4tt\u00e4 74cm. Vy\u00f6t\u00e4r\u00f6 venytettyn\u00e4 91cm. Lantio venytettyn\u00e4 100cm. Lahkeen sis\u00e4mitta 70cm.<\/p>\n<p>M\/38: Vy\u00f6t\u00e4r\u00f6 venytt\u00e4m\u00e4tt\u00e4 81cm. Vy\u00f6t\u00e4r\u00f6 venytettyn\u00e4 96cm. Lantio venytettyn\u00e4 104cm. Lahkeen sis\u00e4mitta 70cm.<\/p>\n<p>&nbsp;<\/p>\n","protected":false},"excerpt":{"rendered":"<p>64% Cotton, 24% polyester, 10%rayon, 2%spandex. Korkea vy\u00f6t\u00e4r\u00f6. Hyv\u00e4 istuvuus. Edess\u00e4 kivat napit. Kapeneva lahje. Hyv\u00e4 joustavuus. XS\/34: Vy\u00f6t\u00e4r\u00f6 venytt\u00e4m\u00e4tt\u00e4 69cm. Vy\u00f6t\u00e4r\u00f6 venytettyn\u00e4 82cm. Lantio venytettyn\u00e4 92cm. Lahkeen sis\u00e4mitta 68cm. S\/36: Vy\u00f6t\u00e4r\u00f6 venytt\u00e4m\u00e4tt\u00e4 74cm. Vy\u00f6t\u00e4r\u00f6 venytettyn\u00e4 91cm. Lantio venytettyn\u00e4 100cm. Lahkeen sis\u00e4mitta 70cm. M\/38: Vy\u00f6t\u00e4r\u00f6 venytt\u00e4m\u00e4tt\u00e4 81cm. Vy\u00f6t\u00e4r\u00f6 venytettyn\u00e4 96cm. Lantio venytettyn\u00e4 104cm. Lahkeen sis\u00e4mitta [&hellip;]<\/p>\n","protected":false},"featured_media":1111,"comment_status":"open","ping_status":"closed","template":"","meta":{"_et_pb_use_builder":"","_et_pb_old_content":"","_et_gb_content_width":""},"product_brand":[],"product_cat":[40],"product_tag":[],"class_list":{"0":"post-1129","1":"product","2":"type-product","3":"status-publish","4":"has-post-thumbnail","6":"product_cat-farkut","8":"first","9":"instock","10":"taxable","11":"shipping-taxable","12":"purchasable","13":"product-type-variable"},"jetpack_sharing_enabled":true,"_links":{"self":[{"href":"https:\/\/today.fi\/index.php?rest_route=\/wp\/v2\/product\/1129","targetHints":{"allow":["GET"]}}],"collection":[{"href":"https:\/\/today.fi\/index.php?rest_route=\/wp\/v2\/product"}],"about":[{"href":"https:\/\/today.fi\/index.php?rest_route=\/wp\/v2\/types\/product"}],"replies":[{"embeddable":true,"href":"https:\/\/today.fi\/index.php?rest_route=%2Fwp%2Fv2%2Fcomments&post=1129"}],"wp:featuredmedia":[{"embeddable":true,"href":"https:\/\/today.fi\/index.php?rest_route=\/wp\/v2\/media\/1111"}],"wp:attachment":[{"href":"https:\/\/today.fi\/index.php?rest_route=%2Fwp%2Fv2%2Fmedia&parent=1129"}],"wp:term":[{"taxonomy":"product_brand","embeddable":true,"href":"https:\/\/today.fi\/index.php?rest_route=%2Fwp%2Fv2%2Fproduct_brand&post=1129"},{"taxonomy":"product_cat","embeddable":true,"href":"https:\/\/today.fi\/index.php?rest_route=%2Fwp%2Fv2%2Fproduct_cat&post=1129"},{"taxonomy":"product_tag","embeddable":true,"href":"https:\/\/today.fi\/index.php?rest_route=%2Fwp%2Fv2%2Fproduct_tag&post=1129"}],"curies":[{"name":"wp","href":"https:\/\/api.w.org\/{rel}","templated":true}]}}