{"id":1135,"date":"2025-06-25T20:25:03","date_gmt":"2025-06-25T18:25:03","guid":{"rendered":"https:\/\/today.fi\/?post_type=product&#038;p=1135"},"modified":"2026-03-28T10:41:17","modified_gmt":"2026-03-28T08:41:17","slug":"italy-verkkoneule","status":"publish","type":"product","link":"https:\/\/today.fi\/?product=italy-verkkoneule","title":{"rendered":"Italy verkkoneule"},"content":{"rendered":"<p>88% Acryl, 12% Nylon.<\/p>\n<p>OneSize (M-XL).<\/p>\n<p>Kiva verkkomainen neulos.<\/p>\n<p>Hihat lepakkohihamainen.<\/p>\n<p>V-aukko p\u00e4\u00e4ntiess\u00e4.<\/p>\n<p>Kai-kai 70cm. Olka-helma 65cm.<\/p>\n","protected":false},"excerpt":{"rendered":"<p>88% Acryl, 12% Nylon. OneSize (M-XL). Kiva verkkomainen neulos. Hihat lepakkohihamainen. V-aukko p\u00e4\u00e4ntiess\u00e4. Kai-kai 70cm. Olka-helma 65cm.<\/p>\n","protected":false},"featured_media":625,"comment_status":"open","ping_status":"closed","template":"","meta":{"_et_pb_use_builder":"","_et_pb_old_content":"","_et_gb_content_width":""},"product_brand":[],"product_cat":[26],"product_tag":[],"class_list":{"0":"post-1135","1":"product","2":"type-product","3":"status-publish","4":"has-post-thumbnail","6":"product_cat-ylaosat","8":"first","9":"instock","10":"taxable","11":"shipping-taxable","12":"purchasable","13":"product-type-variable"},"jetpack_sharing_enabled":true,"_links":{"self":[{"href":"https:\/\/today.fi\/index.php?rest_route=\/wp\/v2\/product\/1135","targetHints":{"allow":["GET"]}}],"collection":[{"href":"https:\/\/today.fi\/index.php?rest_route=\/wp\/v2\/product"}],"about":[{"href":"https:\/\/today.fi\/index.php?rest_route=\/wp\/v2\/types\/product"}],"replies":[{"embeddable":true,"href":"https:\/\/today.fi\/index.php?rest_route=%2Fwp%2Fv2%2Fcomments&post=1135"}],"wp:featuredmedia":[{"embeddable":true,"href":"https:\/\/today.fi\/index.php?rest_route=\/wp\/v2\/media\/625"}],"wp:attachment":[{"href":"https:\/\/today.fi\/index.php?rest_route=%2Fwp%2Fv2%2Fmedia&parent=1135"}],"wp:term":[{"taxonomy":"product_brand","embeddable":true,"href":"https:\/\/today.fi\/index.php?rest_route=%2Fwp%2Fv2%2Fproduct_brand&post=1135"},{"taxonomy":"product_cat","embeddable":true,"href":"https:\/\/today.fi\/index.php?rest_route=%2Fwp%2Fv2%2Fproduct_cat&post=1135"},{"taxonomy":"product_tag","embeddable":true,"href":"https:\/\/today.fi\/index.php?rest_route=%2Fwp%2Fv2%2Fproduct_tag&post=1135"}],"curies":[{"name":"wp","href":"https:\/\/api.w.org\/{rel}","templated":true}]}}