{"id":1161,"date":"2025-06-26T15:41:56","date_gmt":"2025-06-26T13:41:56","guid":{"rendered":"https:\/\/today.fi\/?post_type=product&#038;p=1161"},"modified":"2025-06-26T15:41:57","modified_gmt":"2025-06-26T13:41:57","slug":"xb-1017-laukku","status":"publish","type":"product","link":"https:\/\/today.fi\/?product=xb-1017-laukku","title":{"rendered":"XB-1017 Laukku"},"content":{"rendered":"<p>Pinta: Keinomateriaali<\/p>\n<p>Vuori: Tekstiili<\/p>\n<p>Hihna: S\u00e4\u00e4dett\u00e4v\u00e4 tekstiilihihna jossa teksti\u00e4<\/p>\n<p>Laukussa kaksi osiota. N\u00e4pp\u00e4r\u00e4n kokoinen johon mahtuu k\u00e4nnykk\u00e4 ja kukkaro.<\/p>\n<p>Leveys: 16cm. Korkeus: 20cm.<\/p>\n","protected":false},"excerpt":{"rendered":"<p>Pinta: Keinomateriaali Vuori: Tekstiili Hihna: S\u00e4\u00e4dett\u00e4v\u00e4 tekstiilihihna jossa teksti\u00e4 Laukussa kaksi osiota. N\u00e4pp\u00e4r\u00e4n kokoinen johon mahtuu k\u00e4nnykk\u00e4 ja kukkaro. Leveys: 16cm. Korkeus: 20cm.<\/p>\n","protected":false},"featured_media":1144,"comment_status":"open","ping_status":"closed","template":"","meta":{"_et_pb_use_builder":"","_et_pb_old_content":"","_et_gb_content_width":""},"product_brand":[],"product_cat":[17],"product_tag":[],"class_list":{"0":"post-1161","1":"product","2":"type-product","3":"status-publish","4":"has-post-thumbnail","6":"product_cat-laukut","8":"first","9":"instock","10":"taxable","11":"shipping-taxable","12":"purchasable","13":"product-type-variable"},"jetpack_sharing_enabled":true,"_links":{"self":[{"href":"https:\/\/today.fi\/index.php?rest_route=\/wp\/v2\/product\/1161","targetHints":{"allow":["GET"]}}],"collection":[{"href":"https:\/\/today.fi\/index.php?rest_route=\/wp\/v2\/product"}],"about":[{"href":"https:\/\/today.fi\/index.php?rest_route=\/wp\/v2\/types\/product"}],"replies":[{"embeddable":true,"href":"https:\/\/today.fi\/index.php?rest_route=%2Fwp%2Fv2%2Fcomments&post=1161"}],"wp:featuredmedia":[{"embeddable":true,"href":"https:\/\/today.fi\/index.php?rest_route=\/wp\/v2\/media\/1144"}],"wp:attachment":[{"href":"https:\/\/today.fi\/index.php?rest_route=%2Fwp%2Fv2%2Fmedia&parent=1161"}],"wp:term":[{"taxonomy":"product_brand","embeddable":true,"href":"https:\/\/today.fi\/index.php?rest_route=%2Fwp%2Fv2%2Fproduct_brand&post=1161"},{"taxonomy":"product_cat","embeddable":true,"href":"https:\/\/today.fi\/index.php?rest_route=%2Fwp%2Fv2%2Fproduct_cat&post=1161"},{"taxonomy":"product_tag","embeddable":true,"href":"https:\/\/today.fi\/index.php?rest_route=%2Fwp%2Fv2%2Fproduct_tag&post=1161"}],"curies":[{"name":"wp","href":"https:\/\/api.w.org\/{rel}","templated":true}]}}