{"id":1232,"date":"2025-07-02T11:58:36","date_gmt":"2025-07-02T09:58:36","guid":{"rendered":"https:\/\/today.fi\/?post_type=product&#038;p=1232"},"modified":"2026-03-25T13:58:36","modified_gmt":"2026-03-25T11:58:36","slug":"90165-hame-vyolla","status":"publish","type":"product","link":"https:\/\/today.fi\/?product=90165-hame-vyolla","title":{"rendered":"90165 Hame vy\u00f6ll\u00e4"},"content":{"rendered":"<p>96% polyester, 4%elastaani.<\/p>\n<p>Onesize (36-40).<\/p>\n<p>Tosi muodikas hame taskuilla. Hyvin laskeutuva kangas. Edess\u00e4 laskokset. vy\u00f6t\u00e4r\u00f6ll\u00e4 kuminauha.<\/p>\n<p>Vy\u00f6 tulee mukana oheistuotteena joten sit\u00e4 ei reklamoida.<\/p>\n<p>Vy\u00f6t\u00e4r\u00f6 venutt\u00e4m\u00e4tt\u00e4 70cm. Vy\u00f6t\u00e4r\u00f6 venytettyn\u00e4 100cm.<\/p>\n<p>Hameen pituus noin 95cm.<\/p>\n","protected":false},"excerpt":{"rendered":"<p>96% polyester, 4%elastaani. Onesize (36-40). Tosi muodikas hame taskuilla. Hyvin laskeutuva kangas. Edess\u00e4 laskokset. vy\u00f6t\u00e4r\u00f6ll\u00e4 kuminauha. Vy\u00f6 tulee mukana oheistuotteena joten sit\u00e4 ei reklamoida. Vy\u00f6t\u00e4r\u00f6 venutt\u00e4m\u00e4tt\u00e4 70cm. Vy\u00f6t\u00e4r\u00f6 venytettyn\u00e4 100cm. Hameen pituus noin 95cm.<\/p>\n","protected":false},"featured_media":1229,"comment_status":"closed","ping_status":"closed","template":"","meta":{"_et_pb_use_builder":"","_et_pb_old_content":"","_et_gb_content_width":""},"product_brand":[],"product_cat":[21],"product_tag":[],"class_list":{"0":"post-1232","1":"product","2":"type-product","3":"status-publish","4":"has-post-thumbnail","6":"product_cat-hame","8":"first","9":"instock","10":"taxable","11":"shipping-taxable","12":"purchasable","13":"product-type-variable"},"jetpack_sharing_enabled":true,"_links":{"self":[{"href":"https:\/\/today.fi\/index.php?rest_route=\/wp\/v2\/product\/1232","targetHints":{"allow":["GET"]}}],"collection":[{"href":"https:\/\/today.fi\/index.php?rest_route=\/wp\/v2\/product"}],"about":[{"href":"https:\/\/today.fi\/index.php?rest_route=\/wp\/v2\/types\/product"}],"replies":[{"embeddable":true,"href":"https:\/\/today.fi\/index.php?rest_route=%2Fwp%2Fv2%2Fcomments&post=1232"}],"wp:featuredmedia":[{"embeddable":true,"href":"https:\/\/today.fi\/index.php?rest_route=\/wp\/v2\/media\/1229"}],"wp:attachment":[{"href":"https:\/\/today.fi\/index.php?rest_route=%2Fwp%2Fv2%2Fmedia&parent=1232"}],"wp:term":[{"taxonomy":"product_brand","embeddable":true,"href":"https:\/\/today.fi\/index.php?rest_route=%2Fwp%2Fv2%2Fproduct_brand&post=1232"},{"taxonomy":"product_cat","embeddable":true,"href":"https:\/\/today.fi\/index.php?rest_route=%2Fwp%2Fv2%2Fproduct_cat&post=1232"},{"taxonomy":"product_tag","embeddable":true,"href":"https:\/\/today.fi\/index.php?rest_route=%2Fwp%2Fv2%2Fproduct_tag&post=1232"}],"curies":[{"name":"wp","href":"https:\/\/api.w.org\/{rel}","templated":true}]}}