{"id":1262,"date":"2025-07-03T14:13:52","date_gmt":"2025-07-03T12:13:52","guid":{"rendered":"https:\/\/today.fi\/?post_type=product&#038;p=1262"},"modified":"2026-03-13T12:15:02","modified_gmt":"2026-03-13T10:15:02","slug":"laukku","status":"publish","type":"product","link":"https:\/\/today.fi\/?product=laukku","title":{"rendered":"Laukku"},"content":{"rendered":"<p>Pinta: Keinomateriaali<\/p>\n<p>Vuori: Tekstiili<\/p>\n<p>Olkahihna ja mukana s\u00e4\u00e4dett\u00e4v\u00e4 pitk\u00e4hihna,<\/p>\n<p>Edess\u00e4 sivuilla taskut.<\/p>\n<p>Korkeus: 32cm. Leveys: 36cm.<\/p>\n","protected":false},"excerpt":{"rendered":"<p>Pinta: Keinomateriaali Vuori: Tekstiili Olkahihna ja mukana s\u00e4\u00e4dett\u00e4v\u00e4 pitk\u00e4hihna, Edess\u00e4 sivuilla taskut. Korkeus: 32cm. Leveys: 36cm.<\/p>\n","protected":false},"featured_media":1248,"comment_status":"closed","ping_status":"closed","template":"","meta":{"_et_pb_use_builder":"","_et_pb_old_content":"","_et_gb_content_width":""},"product_brand":[],"product_cat":[17],"product_tag":[],"class_list":{"0":"post-1262","1":"product","2":"type-product","3":"status-publish","4":"has-post-thumbnail","6":"product_cat-laukut","8":"first","9":"outofstock","10":"taxable","11":"shipping-taxable","12":"purchasable","13":"product-type-variable"},"jetpack_sharing_enabled":true,"_links":{"self":[{"href":"https:\/\/today.fi\/index.php?rest_route=\/wp\/v2\/product\/1262","targetHints":{"allow":["GET"]}}],"collection":[{"href":"https:\/\/today.fi\/index.php?rest_route=\/wp\/v2\/product"}],"about":[{"href":"https:\/\/today.fi\/index.php?rest_route=\/wp\/v2\/types\/product"}],"replies":[{"embeddable":true,"href":"https:\/\/today.fi\/index.php?rest_route=%2Fwp%2Fv2%2Fcomments&post=1262"}],"wp:featuredmedia":[{"embeddable":true,"href":"https:\/\/today.fi\/index.php?rest_route=\/wp\/v2\/media\/1248"}],"wp:attachment":[{"href":"https:\/\/today.fi\/index.php?rest_route=%2Fwp%2Fv2%2Fmedia&parent=1262"}],"wp:term":[{"taxonomy":"product_brand","embeddable":true,"href":"https:\/\/today.fi\/index.php?rest_route=%2Fwp%2Fv2%2Fproduct_brand&post=1262"},{"taxonomy":"product_cat","embeddable":true,"href":"https:\/\/today.fi\/index.php?rest_route=%2Fwp%2Fv2%2Fproduct_cat&post=1262"},{"taxonomy":"product_tag","embeddable":true,"href":"https:\/\/today.fi\/index.php?rest_route=%2Fwp%2Fv2%2Fproduct_tag&post=1262"}],"curies":[{"name":"wp","href":"https:\/\/api.w.org\/{rel}","templated":true}]}}