{"id":1361,"date":"2025-07-19T08:42:03","date_gmt":"2025-07-19T06:42:03","guid":{"rendered":"https:\/\/today.fi\/?post_type=product&#038;p=1361"},"modified":"2026-03-25T13:57:23","modified_gmt":"2026-03-25T11:57:23","slug":"1807-tunika-mekko","status":"publish","type":"product","link":"https:\/\/today.fi\/?product=1807-tunika-mekko","title":{"rendered":"1807 Tunika\/Mekko"},"content":{"rendered":"<p>OneSize (38-42)<\/p>\n<p>100% Cotton. Pellavann\u00e4k\u00f6inen kangas.<\/p>\n<p>Edess\u00e4 napit.<\/p>\n<p>Hihoissa tampit joilla hihat saa ylemm\u00e4ksi.<\/p>\n<p>Kai-kai 65cm.<\/p>\n<p>Olka-helma 100cm.<\/p>\n","protected":false},"excerpt":{"rendered":"<p>OneSize (38-42) 100% Cotton. Pellavann\u00e4k\u00f6inen kangas. Edess\u00e4 napit. Hihoissa tampit joilla hihat saa ylemm\u00e4ksi. Kai-kai 65cm. Olka-helma 100cm.<\/p>\n","protected":false},"featured_media":1374,"comment_status":"closed","ping_status":"closed","template":"","meta":{"_et_pb_use_builder":"","_et_pb_old_content":"","_et_gb_content_width":""},"product_brand":[],"product_cat":[25],"product_tag":[],"class_list":{"0":"post-1361","1":"product","2":"type-product","3":"status-publish","4":"has-post-thumbnail","6":"product_cat-mekot","8":"first","9":"instock","10":"taxable","11":"shipping-taxable","12":"purchasable","13":"product-type-variable"},"jetpack_sharing_enabled":true,"_links":{"self":[{"href":"https:\/\/today.fi\/index.php?rest_route=\/wp\/v2\/product\/1361","targetHints":{"allow":["GET"]}}],"collection":[{"href":"https:\/\/today.fi\/index.php?rest_route=\/wp\/v2\/product"}],"about":[{"href":"https:\/\/today.fi\/index.php?rest_route=\/wp\/v2\/types\/product"}],"replies":[{"embeddable":true,"href":"https:\/\/today.fi\/index.php?rest_route=%2Fwp%2Fv2%2Fcomments&post=1361"}],"wp:featuredmedia":[{"embeddable":true,"href":"https:\/\/today.fi\/index.php?rest_route=\/wp\/v2\/media\/1374"}],"wp:attachment":[{"href":"https:\/\/today.fi\/index.php?rest_route=%2Fwp%2Fv2%2Fmedia&parent=1361"}],"wp:term":[{"taxonomy":"product_brand","embeddable":true,"href":"https:\/\/today.fi\/index.php?rest_route=%2Fwp%2Fv2%2Fproduct_brand&post=1361"},{"taxonomy":"product_cat","embeddable":true,"href":"https:\/\/today.fi\/index.php?rest_route=%2Fwp%2Fv2%2Fproduct_cat&post=1361"},{"taxonomy":"product_tag","embeddable":true,"href":"https:\/\/today.fi\/index.php?rest_route=%2Fwp%2Fv2%2Fproduct_tag&post=1361"}],"curies":[{"name":"wp","href":"https:\/\/api.w.org\/{rel}","templated":true}]}}