{"id":1426,"date":"2025-07-21T13:52:22","date_gmt":"2025-07-21T11:52:22","guid":{"rendered":"https:\/\/today.fi\/?post_type=product&#038;p=1426"},"modified":"2026-04-02T13:10:46","modified_gmt":"2026-04-02T11:10:46","slug":"21-25-ruskea-laukku","status":"publish","type":"product","link":"https:\/\/today.fi\/?product=21-25-ruskea-laukku","title":{"rendered":"21-25 Ruskea laukku"},"content":{"rendered":"<p>pinta: Keinomateriaali<\/p>\n<p>Vuori: Tekstiili<\/p>\n<p>Lyhyempi kullanv\u00e4rinen hihna ja pidempi ruskea s\u00e4\u00e4dett\u00e4v\u00e4 hihna.<\/p>\n<p>Leveys: 22cm. Korkeus: 17cm.<\/p>\n","protected":false},"excerpt":{"rendered":"<p>pinta: Keinomateriaali Vuori: Tekstiili Lyhyempi kullanv\u00e4rinen hihna ja pidempi ruskea s\u00e4\u00e4dett\u00e4v\u00e4 hihna. Leveys: 22cm. Korkeus: 17cm.<\/p>\n","protected":false},"featured_media":1439,"comment_status":"closed","ping_status":"closed","template":"","meta":{"_et_pb_use_builder":"","_et_pb_old_content":"","_et_gb_content_width":""},"product_brand":[],"product_cat":[17],"product_tag":[],"class_list":{"0":"post-1426","1":"product","2":"type-product","3":"status-publish","4":"has-post-thumbnail","6":"product_cat-laukut","8":"first","9":"outofstock","10":"taxable","11":"shipping-taxable","12":"purchasable","13":"product-type-variable"},"jetpack_sharing_enabled":true,"_links":{"self":[{"href":"https:\/\/today.fi\/index.php?rest_route=\/wp\/v2\/product\/1426","targetHints":{"allow":["GET"]}}],"collection":[{"href":"https:\/\/today.fi\/index.php?rest_route=\/wp\/v2\/product"}],"about":[{"href":"https:\/\/today.fi\/index.php?rest_route=\/wp\/v2\/types\/product"}],"replies":[{"embeddable":true,"href":"https:\/\/today.fi\/index.php?rest_route=%2Fwp%2Fv2%2Fcomments&post=1426"}],"wp:featuredmedia":[{"embeddable":true,"href":"https:\/\/today.fi\/index.php?rest_route=\/wp\/v2\/media\/1439"}],"wp:attachment":[{"href":"https:\/\/today.fi\/index.php?rest_route=%2Fwp%2Fv2%2Fmedia&parent=1426"}],"wp:term":[{"taxonomy":"product_brand","embeddable":true,"href":"https:\/\/today.fi\/index.php?rest_route=%2Fwp%2Fv2%2Fproduct_brand&post=1426"},{"taxonomy":"product_cat","embeddable":true,"href":"https:\/\/today.fi\/index.php?rest_route=%2Fwp%2Fv2%2Fproduct_cat&post=1426"},{"taxonomy":"product_tag","embeddable":true,"href":"https:\/\/today.fi\/index.php?rest_route=%2Fwp%2Fv2%2Fproduct_tag&post=1426"}],"curies":[{"name":"wp","href":"https:\/\/api.w.org\/{rel}","templated":true}]}}