{"id":1428,"date":"2025-07-21T13:51:15","date_gmt":"2025-07-21T11:51:15","guid":{"rendered":"https:\/\/today.fi\/?post_type=product&#038;p=1428"},"modified":"2025-12-09T14:16:32","modified_gmt":"2025-12-09T12:16:32","slug":"vihrea-olkalaukku","status":"publish","type":"product","link":"https:\/\/today.fi\/?product=vihrea-olkalaukku","title":{"rendered":"Vihre\u00e4 olkalaukku"},"content":{"rendered":"<p>Pinta: Keinomateriaali<\/p>\n<p>Vuori: Tekstiili<\/p>\n<p>Kaksi-osainen.Hyv\u00e4t vetoketjulliset taskut.<\/p>\n<p>S\u00e4\u00e4dett\u00e4v\u00e4 leve\u00e4 tekstiilihihna.<\/p>\n<p>Leveys: 26cm. Korkeus: 29cm.<\/p>\n","protected":false},"excerpt":{"rendered":"<p>Pinta: Keinomateriaali Vuori: Tekstiili Kaksi-osainen.Hyv\u00e4t vetoketjulliset taskut. S\u00e4\u00e4dett\u00e4v\u00e4 leve\u00e4 tekstiilihihna. Leveys: 26cm. Korkeus: 29cm.<\/p>\n","protected":false},"featured_media":1436,"comment_status":"closed","ping_status":"closed","template":"","meta":{"_et_pb_use_builder":"","_et_pb_old_content":"","_et_gb_content_width":""},"product_brand":[],"product_cat":[17],"product_tag":[],"class_list":{"0":"post-1428","1":"product","2":"type-product","3":"status-publish","4":"has-post-thumbnail","6":"product_cat-laukut","8":"first","9":"outofstock","10":"taxable","11":"shipping-taxable","12":"purchasable","13":"product-type-variable"},"jetpack_sharing_enabled":true,"_links":{"self":[{"href":"https:\/\/today.fi\/index.php?rest_route=\/wp\/v2\/product\/1428","targetHints":{"allow":["GET"]}}],"collection":[{"href":"https:\/\/today.fi\/index.php?rest_route=\/wp\/v2\/product"}],"about":[{"href":"https:\/\/today.fi\/index.php?rest_route=\/wp\/v2\/types\/product"}],"replies":[{"embeddable":true,"href":"https:\/\/today.fi\/index.php?rest_route=%2Fwp%2Fv2%2Fcomments&post=1428"}],"wp:featuredmedia":[{"embeddable":true,"href":"https:\/\/today.fi\/index.php?rest_route=\/wp\/v2\/media\/1436"}],"wp:attachment":[{"href":"https:\/\/today.fi\/index.php?rest_route=%2Fwp%2Fv2%2Fmedia&parent=1428"}],"wp:term":[{"taxonomy":"product_brand","embeddable":true,"href":"https:\/\/today.fi\/index.php?rest_route=%2Fwp%2Fv2%2Fproduct_brand&post=1428"},{"taxonomy":"product_cat","embeddable":true,"href":"https:\/\/today.fi\/index.php?rest_route=%2Fwp%2Fv2%2Fproduct_cat&post=1428"},{"taxonomy":"product_tag","embeddable":true,"href":"https:\/\/today.fi\/index.php?rest_route=%2Fwp%2Fv2%2Fproduct_tag&post=1428"}],"curies":[{"name":"wp","href":"https:\/\/api.w.org\/{rel}","templated":true}]}}