{"id":1502,"date":"2025-08-05T13:02:26","date_gmt":"2025-08-05T11:02:26","guid":{"rendered":"https:\/\/today.fi\/?post_type=product&#038;p=1502"},"modified":"2026-03-25T13:55:43","modified_gmt":"2026-03-25T11:55:43","slug":"d5038-wide-farkku","status":"publish","type":"product","link":"https:\/\/today.fi\/?product=d5038-wide-farkku","title":{"rendered":"D5038 Wide farkku"},"content":{"rendered":"<p>70% cotton, 25%polyester, 5%elastaan.<\/p>\n<p>Suora lahje, napakka vy\u00f6t\u00e4r\u00f6.<\/p>\n<p>Hyv\u00e4 jousto.<\/p>\n<p>S\/36 Vy\u00f6t\u00e4r\u00f6 venytt\u00e4m\u00e4tt\u00e4 69cm. Vy\u00f6t\u00e4r\u00f6 venytettyn\u00e4 80cm. Lantio venytettyn\u00e4 100cm. Lahkeen sis\u00e4sauma 83cm.<\/p>\n<p>M\/38 Vy\u00f6t\u00e4r\u00f6 venytt\u00e4m\u00e4tt\u00e4 73cm ja venytettyn\u00e4 84cm. Lantio venytettyn\u00e4 104cm. Lahkeen sis\u00e4sauma 83cm.<\/p>\n<p>L\/40 Vy\u00f6t\u00e4r\u00f6 venytt\u00e4m\u00e4tt\u00e4 81cm ja venytettyn\u00e4 92cm. Lantio venytettyn\u00e4 108cm. Lahkeen sis\u00e4sauma 83cm.<\/p>\n","protected":false},"excerpt":{"rendered":"<p>70% cotton, 25%polyester, 5%elastaan. Suora lahje, napakka vy\u00f6t\u00e4r\u00f6. Hyv\u00e4 jousto. S\/36 Vy\u00f6t\u00e4r\u00f6 venytt\u00e4m\u00e4tt\u00e4 69cm. Vy\u00f6t\u00e4r\u00f6 venytettyn\u00e4 80cm. Lantio venytettyn\u00e4 100cm. Lahkeen sis\u00e4sauma 83cm. M\/38 Vy\u00f6t\u00e4r\u00f6 venytt\u00e4m\u00e4tt\u00e4 73cm ja venytettyn\u00e4 84cm. Lantio venytettyn\u00e4 104cm. Lahkeen sis\u00e4sauma 83cm. L\/40 Vy\u00f6t\u00e4r\u00f6 venytt\u00e4m\u00e4tt\u00e4 81cm ja venytettyn\u00e4 92cm. Lantio venytettyn\u00e4 108cm. Lahkeen sis\u00e4sauma 83cm.<\/p>\n","protected":false},"featured_media":1517,"comment_status":"closed","ping_status":"closed","template":"","meta":{"_et_pb_use_builder":"","_et_pb_old_content":"","_et_gb_content_width":""},"product_brand":[],"product_cat":[40],"product_tag":[],"class_list":{"0":"post-1502","1":"product","2":"type-product","3":"status-publish","4":"has-post-thumbnail","6":"product_cat-farkut","8":"first","9":"instock","10":"taxable","11":"shipping-taxable","12":"purchasable","13":"product-type-variable"},"jetpack_sharing_enabled":true,"_links":{"self":[{"href":"https:\/\/today.fi\/index.php?rest_route=\/wp\/v2\/product\/1502","targetHints":{"allow":["GET"]}}],"collection":[{"href":"https:\/\/today.fi\/index.php?rest_route=\/wp\/v2\/product"}],"about":[{"href":"https:\/\/today.fi\/index.php?rest_route=\/wp\/v2\/types\/product"}],"replies":[{"embeddable":true,"href":"https:\/\/today.fi\/index.php?rest_route=%2Fwp%2Fv2%2Fcomments&post=1502"}],"wp:featuredmedia":[{"embeddable":true,"href":"https:\/\/today.fi\/index.php?rest_route=\/wp\/v2\/media\/1517"}],"wp:attachment":[{"href":"https:\/\/today.fi\/index.php?rest_route=%2Fwp%2Fv2%2Fmedia&parent=1502"}],"wp:term":[{"taxonomy":"product_brand","embeddable":true,"href":"https:\/\/today.fi\/index.php?rest_route=%2Fwp%2Fv2%2Fproduct_brand&post=1502"},{"taxonomy":"product_cat","embeddable":true,"href":"https:\/\/today.fi\/index.php?rest_route=%2Fwp%2Fv2%2Fproduct_cat&post=1502"},{"taxonomy":"product_tag","embeddable":true,"href":"https:\/\/today.fi\/index.php?rest_route=%2Fwp%2Fv2%2Fproduct_tag&post=1502"}],"curies":[{"name":"wp","href":"https:\/\/api.w.org\/{rel}","templated":true}]}}