{"id":1521,"date":"2025-08-07T19:16:08","date_gmt":"2025-08-07T17:16:08","guid":{"rendered":"https:\/\/today.fi\/?post_type=product&#038;p=1521"},"modified":"2026-02-24T12:57:08","modified_gmt":"2026-02-24T10:57:08","slug":"1937-farkkutakki-kimalle","status":"publish","type":"product","link":"https:\/\/today.fi\/?product=1937-farkkutakki-kimalle","title":{"rendered":"1937 Farkkutakki kimalle"},"content":{"rendered":"<p>70% cotton, 25% polyester, 3% viskoosi, 2% elastaani.<\/p>\n<p>Edess\u00e4 kimalteet.<\/p>\n<p>Hyv\u00e4 jousto. Sopiva mitta.<\/p>\n<p>Koot L-4XL.<\/p>\n<p>L\u00a0 \u00a0Kai-kai (mitattu selk\u00e4puolelta) venytt\u00e4m\u00e4tt\u00e4 50cm, venytettyn\u00e4 55cm. Olka-helma 58cm.<\/p>\n<p>XL Kai-kai (mitattu selk\u00e4puolelta) venytt\u00e4m\u00e4tt\u00e4 52cm, venytettyn\u00e4 57cm. Olka-helma 58cm.<\/p>\n<p>2XL Kai-kai (mitattu selk\u00e4puolelta) venytt\u00e4m\u00e4tt\u00e4 57cm, venytettyn\u00e4 60cm. Olka-helma 60cm.<\/p>\n<p>3XL Kai-kai (mitattu selk\u00e4puolelta) venytt\u00e4m\u00e4tt\u00e4 58cm, venytettyn\u00e4 63cm. Olka-helma 60cm.<\/p>\n<p>4XL Kai-kai (mitattu selk\u00e4puolelta) venytt\u00e4m\u00e4tt\u00e4 63cm, venytettyn\u00e4 65cm. Olka-helma 62cm.<\/p>\n","protected":false},"excerpt":{"rendered":"<p>70% cotton, 25% polyester, 3% viskoosi, 2% elastaani. Edess\u00e4 kimalteet. Hyv\u00e4 jousto. Sopiva mitta. Koot L-4XL. L\u00a0 \u00a0Kai-kai (mitattu selk\u00e4puolelta) venytt\u00e4m\u00e4tt\u00e4 50cm, venytettyn\u00e4 55cm. Olka-helma 58cm. XL Kai-kai (mitattu selk\u00e4puolelta) venytt\u00e4m\u00e4tt\u00e4 52cm, venytettyn\u00e4 57cm. Olka-helma 58cm. 2XL Kai-kai (mitattu selk\u00e4puolelta) venytt\u00e4m\u00e4tt\u00e4 57cm, venytettyn\u00e4 60cm. Olka-helma 60cm. 3XL Kai-kai (mitattu selk\u00e4puolelta) venytt\u00e4m\u00e4tt\u00e4 58cm, venytettyn\u00e4 63cm. Olka-helma [&hellip;]<\/p>\n","protected":false},"featured_media":1528,"comment_status":"closed","ping_status":"closed","template":"","meta":{"_et_pb_use_builder":"","_et_pb_old_content":"","_et_gb_content_width":""},"product_brand":[],"product_cat":[35],"product_tag":[],"class_list":{"0":"post-1521","1":"product","2":"type-product","3":"status-publish","4":"has-post-thumbnail","6":"product_cat-takit","8":"first","9":"outofstock","10":"taxable","11":"shipping-taxable","12":"purchasable","13":"product-type-variable"},"jetpack_sharing_enabled":true,"_links":{"self":[{"href":"https:\/\/today.fi\/index.php?rest_route=\/wp\/v2\/product\/1521","targetHints":{"allow":["GET"]}}],"collection":[{"href":"https:\/\/today.fi\/index.php?rest_route=\/wp\/v2\/product"}],"about":[{"href":"https:\/\/today.fi\/index.php?rest_route=\/wp\/v2\/types\/product"}],"replies":[{"embeddable":true,"href":"https:\/\/today.fi\/index.php?rest_route=%2Fwp%2Fv2%2Fcomments&post=1521"}],"wp:featuredmedia":[{"embeddable":true,"href":"https:\/\/today.fi\/index.php?rest_route=\/wp\/v2\/media\/1528"}],"wp:attachment":[{"href":"https:\/\/today.fi\/index.php?rest_route=%2Fwp%2Fv2%2Fmedia&parent=1521"}],"wp:term":[{"taxonomy":"product_brand","embeddable":true,"href":"https:\/\/today.fi\/index.php?rest_route=%2Fwp%2Fv2%2Fproduct_brand&post=1521"},{"taxonomy":"product_cat","embeddable":true,"href":"https:\/\/today.fi\/index.php?rest_route=%2Fwp%2Fv2%2Fproduct_cat&post=1521"},{"taxonomy":"product_tag","embeddable":true,"href":"https:\/\/today.fi\/index.php?rest_route=%2Fwp%2Fv2%2Fproduct_tag&post=1521"}],"curies":[{"name":"wp","href":"https:\/\/api.w.org\/{rel}","templated":true}]}}