{"id":1560,"date":"2025-08-15T08:02:45","date_gmt":"2025-08-15T06:02:45","guid":{"rendered":"https:\/\/today.fi\/?post_type=product&#038;p=1560"},"modified":"2026-03-31T13:51:12","modified_gmt":"2026-03-31T11:51:12","slug":"gdx2228-kuminauhafarkku","status":"publish","type":"product","link":"https:\/\/today.fi\/?product=gdx2228-kuminauhafarkku","title":{"rendered":"GDX2228 kuminauhafarkku"},"content":{"rendered":"<p>70% cotton, 25% polyester, 3% viskoosi, 2% elastaani.<\/p>\n<p>Hyv\u00e4 jousto ja istuvuus.<\/p>\n<p>Korkea vy\u00f6t\u00e4r\u00f6.<\/p>\n<p>Kuminauhavy\u00f6t\u00e4r\u00f6ll\u00e4 kiristysnaru.<\/p>\n<p>Suora lahje.<\/p>\n<p>L Vy\u00f6t\u00e4r\u00f6 venytt\u00e4m\u00e4tt\u00e4 79cm. Vy\u00f6t\u00e4r\u00f6 venytettyn\u00e4 102cm. Lantio venytettyn\u00e4 114cm. Lahkeen sis\u00e4mitta 77cm. Takasauman mitta 38cm.<\/p>\n<p>XL Vy\u00f6t\u00e4r\u00f6 venytt\u00e4m\u00e4tt\u00e4 81cm. Vy\u00f6t\u00e4r\u00f6 venytettyn\u00e4 106cm. Lantio venytettyn\u00e4 116cm. Lahkeen sis\u00e4mitta 77cm. Takasauman mitta 38cm.<\/p>\n<p>2XL Vy\u00f6t\u00e4r\u00f6 venytt\u00e4m\u00e4tt\u00e4 84cm. Vy\u00f6t\u00e4r\u00f6 venytettyn\u00e4 110cm. Lantio venytettyn\u00e4 118cm. Lahkeen sis\u00e4mitta 77cm. Takasauman mitta 40cm.<\/p>\n<p>3XL Vy\u00f6t\u00e4r\u00f6 venytt\u00e4m\u00e4tt\u00e4 88cm. Vy\u00f6t\u00e4r\u00f6 venytettyn\u00e4 112cm. Lantio venytettyn\u00e4 120cm. Lahkeen sis\u00e4mitta 78cm. Takasauman mitta 41cm.<\/p>\n<p>4XL Vy\u00f6t\u00e4r\u00f6 venytt\u00e4m\u00e4tt\u00e4 92cm. Vy\u00f6t\u00e4r\u00f6 venytettyn\u00e4 116cm. Lantio venytettyn\u00e4 124cm. Lahkeen sis\u00e4mitta 78cm. Takasauman mitta 41cm<\/p>\n","protected":false},"excerpt":{"rendered":"<p>70% cotton, 25% polyester, 3% viskoosi, 2% elastaani. Hyv\u00e4 jousto ja istuvuus. Korkea vy\u00f6t\u00e4r\u00f6. Kuminauhavy\u00f6t\u00e4r\u00f6ll\u00e4 kiristysnaru. Suora lahje. L Vy\u00f6t\u00e4r\u00f6 venytt\u00e4m\u00e4tt\u00e4 79cm. Vy\u00f6t\u00e4r\u00f6 venytettyn\u00e4 102cm. Lantio venytettyn\u00e4 114cm. Lahkeen sis\u00e4mitta 77cm. Takasauman mitta 38cm. XL Vy\u00f6t\u00e4r\u00f6 venytt\u00e4m\u00e4tt\u00e4 81cm. Vy\u00f6t\u00e4r\u00f6 venytettyn\u00e4 106cm. Lantio venytettyn\u00e4 116cm. Lahkeen sis\u00e4mitta 77cm. Takasauman mitta 38cm. 2XL Vy\u00f6t\u00e4r\u00f6 venytt\u00e4m\u00e4tt\u00e4 84cm. Vy\u00f6t\u00e4r\u00f6 [&hellip;]<\/p>\n","protected":false},"featured_media":1578,"comment_status":"closed","ping_status":"closed","template":"","meta":{"_et_pb_use_builder":"","_et_pb_old_content":"","_et_gb_content_width":""},"product_brand":[],"product_cat":[40],"product_tag":[],"class_list":{"0":"post-1560","1":"product","2":"type-product","3":"status-publish","4":"has-post-thumbnail","6":"product_cat-farkut","8":"first","9":"instock","10":"taxable","11":"shipping-taxable","12":"purchasable","13":"product-type-variable"},"jetpack_sharing_enabled":true,"_links":{"self":[{"href":"https:\/\/today.fi\/index.php?rest_route=\/wp\/v2\/product\/1560","targetHints":{"allow":["GET"]}}],"collection":[{"href":"https:\/\/today.fi\/index.php?rest_route=\/wp\/v2\/product"}],"about":[{"href":"https:\/\/today.fi\/index.php?rest_route=\/wp\/v2\/types\/product"}],"replies":[{"embeddable":true,"href":"https:\/\/today.fi\/index.php?rest_route=%2Fwp%2Fv2%2Fcomments&post=1560"}],"wp:featuredmedia":[{"embeddable":true,"href":"https:\/\/today.fi\/index.php?rest_route=\/wp\/v2\/media\/1578"}],"wp:attachment":[{"href":"https:\/\/today.fi\/index.php?rest_route=%2Fwp%2Fv2%2Fmedia&parent=1560"}],"wp:term":[{"taxonomy":"product_brand","embeddable":true,"href":"https:\/\/today.fi\/index.php?rest_route=%2Fwp%2Fv2%2Fproduct_brand&post=1560"},{"taxonomy":"product_cat","embeddable":true,"href":"https:\/\/today.fi\/index.php?rest_route=%2Fwp%2Fv2%2Fproduct_cat&post=1560"},{"taxonomy":"product_tag","embeddable":true,"href":"https:\/\/today.fi\/index.php?rest_route=%2Fwp%2Fv2%2Fproduct_tag&post=1560"}],"curies":[{"name":"wp","href":"https:\/\/api.w.org\/{rel}","templated":true}]}}