{"id":1566,"date":"2025-08-15T07:53:44","date_gmt":"2025-08-15T05:53:44","guid":{"rendered":"https:\/\/today.fi\/?post_type=product&#038;p=1566"},"modified":"2025-10-14T11:08:31","modified_gmt":"2025-10-14T09:08:31","slug":"242975-italy-leohousu","status":"publish","type":"product","link":"https:\/\/today.fi\/?product=242975-italy-leohousu","title":{"rendered":"242975 Italy Leohousu"},"content":{"rendered":"<p>77% viskoosi, 20% polyester, 3% elastaani.<\/p>\n<p>Onesize (38-42\/44).<\/p>\n<p>Taskut edess\u00e4.<\/p>\n<p>Korkea vy\u00f6t\u00e4r\u00f6.<\/p>\n<p>Hyv\u00e4 jousto.<\/p>\n<p>Mukana vy\u00f6.<\/p>\n<p>Vy\u00f6t\u00e4r\u00f6 venytt\u00e4m\u00e4tt\u00e4 84cm,venytettyn\u00e4 128cm. Lahkeen sis\u00e4sauma 70cm. Takasauma 38cm.<\/p>\n","protected":false},"excerpt":{"rendered":"<p>77% viskoosi, 20% polyester, 3% elastaani. Onesize (38-42\/44). Taskut edess\u00e4. Korkea vy\u00f6t\u00e4r\u00f6. Hyv\u00e4 jousto. Mukana vy\u00f6. Vy\u00f6t\u00e4r\u00f6 venytt\u00e4m\u00e4tt\u00e4 84cm,venytettyn\u00e4 128cm. Lahkeen sis\u00e4sauma 70cm. Takasauma 38cm.<\/p>\n","protected":false},"featured_media":1582,"comment_status":"closed","ping_status":"closed","template":"","meta":{"_et_pb_use_builder":"","_et_pb_old_content":"","_et_gb_content_width":""},"product_brand":[],"product_cat":[22],"product_tag":[],"class_list":{"0":"post-1566","1":"product","2":"type-product","3":"status-publish","4":"has-post-thumbnail","6":"product_cat-housut","8":"first","9":"outofstock","10":"taxable","11":"shipping-taxable","12":"purchasable","13":"product-type-variable"},"jetpack_sharing_enabled":true,"_links":{"self":[{"href":"https:\/\/today.fi\/index.php?rest_route=\/wp\/v2\/product\/1566","targetHints":{"allow":["GET"]}}],"collection":[{"href":"https:\/\/today.fi\/index.php?rest_route=\/wp\/v2\/product"}],"about":[{"href":"https:\/\/today.fi\/index.php?rest_route=\/wp\/v2\/types\/product"}],"replies":[{"embeddable":true,"href":"https:\/\/today.fi\/index.php?rest_route=%2Fwp%2Fv2%2Fcomments&post=1566"}],"wp:featuredmedia":[{"embeddable":true,"href":"https:\/\/today.fi\/index.php?rest_route=\/wp\/v2\/media\/1582"}],"wp:attachment":[{"href":"https:\/\/today.fi\/index.php?rest_route=%2Fwp%2Fv2%2Fmedia&parent=1566"}],"wp:term":[{"taxonomy":"product_brand","embeddable":true,"href":"https:\/\/today.fi\/index.php?rest_route=%2Fwp%2Fv2%2Fproduct_brand&post=1566"},{"taxonomy":"product_cat","embeddable":true,"href":"https:\/\/today.fi\/index.php?rest_route=%2Fwp%2Fv2%2Fproduct_cat&post=1566"},{"taxonomy":"product_tag","embeddable":true,"href":"https:\/\/today.fi\/index.php?rest_route=%2Fwp%2Fv2%2Fproduct_tag&post=1566"}],"curies":[{"name":"wp","href":"https:\/\/api.w.org\/{rel}","templated":true}]}}