{"id":1611,"date":"2025-08-29T07:47:05","date_gmt":"2025-08-29T05:47:05","guid":{"rendered":"https:\/\/today.fi\/?post_type=product&#038;p=1611"},"modified":"2026-03-25T13:53:57","modified_gmt":"2026-03-25T11:53:57","slug":"2808-italy-hame","status":"publish","type":"product","link":"https:\/\/today.fi\/?product=2808-italy-hame","title":{"rendered":"2808 Italy hame"},"content":{"rendered":"<p>50% polyester, 45% viskoosi.5% elastaani.<\/p>\n<p>Onesize ( M-XL).<\/p>\n<p>Alushame kiinnitettyn\u00e4 vy\u00f6t\u00e4r\u00f6\u00f6n.<\/p>\n<p>Laskeutuva sifonkikangas.<\/p>\n<p>Vy\u00f6t\u00e4r\u00f6 venytettyn\u00e4 noin 110cm.<\/p>\n<p>Pituus 90cm.<\/p>\n","protected":false},"excerpt":{"rendered":"<p>50% polyester, 45% viskoosi.5% elastaani. Onesize ( M-XL). Alushame kiinnitettyn\u00e4 vy\u00f6t\u00e4r\u00f6\u00f6n. Laskeutuva sifonkikangas. Vy\u00f6t\u00e4r\u00f6 venytettyn\u00e4 noin 110cm. Pituus 90cm.<\/p>\n","protected":false},"featured_media":1620,"comment_status":"closed","ping_status":"closed","template":"","meta":{"_et_pb_use_builder":"","_et_pb_old_content":"","_et_gb_content_width":""},"product_brand":[],"product_cat":[21],"product_tag":[],"class_list":{"0":"post-1611","1":"product","2":"type-product","3":"status-publish","4":"has-post-thumbnail","6":"product_cat-hame","8":"first","9":"instock","10":"taxable","11":"shipping-taxable","12":"purchasable","13":"product-type-variable"},"jetpack_sharing_enabled":true,"_links":{"self":[{"href":"https:\/\/today.fi\/index.php?rest_route=\/wp\/v2\/product\/1611","targetHints":{"allow":["GET"]}}],"collection":[{"href":"https:\/\/today.fi\/index.php?rest_route=\/wp\/v2\/product"}],"about":[{"href":"https:\/\/today.fi\/index.php?rest_route=\/wp\/v2\/types\/product"}],"replies":[{"embeddable":true,"href":"https:\/\/today.fi\/index.php?rest_route=%2Fwp%2Fv2%2Fcomments&post=1611"}],"wp:featuredmedia":[{"embeddable":true,"href":"https:\/\/today.fi\/index.php?rest_route=\/wp\/v2\/media\/1620"}],"wp:attachment":[{"href":"https:\/\/today.fi\/index.php?rest_route=%2Fwp%2Fv2%2Fmedia&parent=1611"}],"wp:term":[{"taxonomy":"product_brand","embeddable":true,"href":"https:\/\/today.fi\/index.php?rest_route=%2Fwp%2Fv2%2Fproduct_brand&post=1611"},{"taxonomy":"product_cat","embeddable":true,"href":"https:\/\/today.fi\/index.php?rest_route=%2Fwp%2Fv2%2Fproduct_cat&post=1611"},{"taxonomy":"product_tag","embeddable":true,"href":"https:\/\/today.fi\/index.php?rest_route=%2Fwp%2Fv2%2Fproduct_tag&post=1611"}],"curies":[{"name":"wp","href":"https:\/\/api.w.org\/{rel}","templated":true}]}}