{"id":1629,"date":"2025-09-08T12:59:24","date_gmt":"2025-09-08T10:59:24","guid":{"rendered":"https:\/\/today.fi\/?post_type=product&#038;p=1629"},"modified":"2026-03-25T13:53:06","modified_gmt":"2026-03-25T11:53:06","slug":"bs5280p-laukku","status":"publish","type":"product","link":"https:\/\/today.fi\/?product=bs5280p-laukku","title":{"rendered":"BS5280P Laukku"},"content":{"rendered":"<p>Pinta: Keinomateriaali<\/p>\n<p>Vuori: Tekstiili<\/p>\n<p>Mukana irrotettava s\u00e4\u00e4dett\u00e4v\u00e4 hihna.<\/p>\n<p>Laukussa hyv\u00e4t sis\u00e4taskut.<\/p>\n<p>Kaksi eri osiota. Tasainen pohja.<\/p>\n<p>Kaunis koriste.<\/p>\n<p>Leveys: 35cm Korkeus: 25cm.<\/p>\n","protected":false},"excerpt":{"rendered":"<p>Pinta: Keinomateriaali Vuori: Tekstiili Mukana irrotettava s\u00e4\u00e4dett\u00e4v\u00e4 hihna. Laukussa hyv\u00e4t sis\u00e4taskut. Kaksi eri osiota. Tasainen pohja. Kaunis koriste. Leveys: 35cm Korkeus: 25cm.<\/p>\n","protected":false},"featured_media":1636,"comment_status":"closed","ping_status":"closed","template":"","meta":{"_et_pb_use_builder":"","_et_pb_old_content":"","_et_gb_content_width":""},"product_brand":[],"product_cat":[17],"product_tag":[],"class_list":{"0":"post-1629","1":"product","2":"type-product","3":"status-publish","4":"has-post-thumbnail","6":"product_cat-laukut","8":"first","9":"instock","10":"taxable","11":"shipping-taxable","12":"purchasable","13":"product-type-variable"},"jetpack_sharing_enabled":true,"_links":{"self":[{"href":"https:\/\/today.fi\/index.php?rest_route=\/wp\/v2\/product\/1629","targetHints":{"allow":["GET"]}}],"collection":[{"href":"https:\/\/today.fi\/index.php?rest_route=\/wp\/v2\/product"}],"about":[{"href":"https:\/\/today.fi\/index.php?rest_route=\/wp\/v2\/types\/product"}],"replies":[{"embeddable":true,"href":"https:\/\/today.fi\/index.php?rest_route=%2Fwp%2Fv2%2Fcomments&post=1629"}],"wp:featuredmedia":[{"embeddable":true,"href":"https:\/\/today.fi\/index.php?rest_route=\/wp\/v2\/media\/1636"}],"wp:attachment":[{"href":"https:\/\/today.fi\/index.php?rest_route=%2Fwp%2Fv2%2Fmedia&parent=1629"}],"wp:term":[{"taxonomy":"product_brand","embeddable":true,"href":"https:\/\/today.fi\/index.php?rest_route=%2Fwp%2Fv2%2Fproduct_brand&post=1629"},{"taxonomy":"product_cat","embeddable":true,"href":"https:\/\/today.fi\/index.php?rest_route=%2Fwp%2Fv2%2Fproduct_cat&post=1629"},{"taxonomy":"product_tag","embeddable":true,"href":"https:\/\/today.fi\/index.php?rest_route=%2Fwp%2Fv2%2Fproduct_tag&post=1629"}],"curies":[{"name":"wp","href":"https:\/\/api.w.org\/{rel}","templated":true}]}}