{"id":1648,"date":"2025-09-08T13:11:53","date_gmt":"2025-09-08T11:11:53","guid":{"rendered":"https:\/\/today.fi\/?post_type=product&#038;p=1648"},"modified":"2025-11-21T20:47:58","modified_gmt":"2025-11-21T18:47:58","slug":"jy-35-huivi","status":"publish","type":"product","link":"https:\/\/today.fi\/?product=jy-35-huivi","title":{"rendered":"JY-35 Huivi"},"content":{"rendered":"<p>50% viskoosi, 50% cotton.<\/p>\n<p>Mielytt\u00e4v\u00e4 pehme\u00e4 materiaali.<\/p>\n<p>Kaunis kuvio jossa hieman kullan-v\u00e4rist\u00e4.<\/p>\n<p>Sopii ulkotakkien kanssa sek\u00e4 ihan neuleiden kanssa sis\u00e4k\u00e4ytt\u00f6\u00f6n.<\/p>\n<p>Leveys: 80cm. Pituus:160cm.<\/p>\n","protected":false},"excerpt":{"rendered":"<p>50% viskoosi, 50% cotton. Mielytt\u00e4v\u00e4 pehme\u00e4 materiaali. Kaunis kuvio jossa hieman kullan-v\u00e4rist\u00e4. Sopii ulkotakkien kanssa sek\u00e4 ihan neuleiden kanssa sis\u00e4k\u00e4ytt\u00f6\u00f6n. Leveys: 80cm. Pituus:160cm.<\/p>\n","protected":false},"featured_media":1639,"comment_status":"closed","ping_status":"closed","template":"","meta":{"_et_pb_use_builder":"","_et_pb_old_content":"","_et_gb_content_width":""},"product_brand":[],"product_cat":[18,36],"product_tag":[],"class_list":{"0":"post-1648","1":"product","2":"type-product","3":"status-publish","4":"has-post-thumbnail","6":"product_cat-asusteet","7":"product_cat-huivit","9":"first","10":"outofstock","11":"taxable","12":"shipping-taxable","13":"purchasable","14":"product-type-variable"},"jetpack_sharing_enabled":true,"_links":{"self":[{"href":"https:\/\/today.fi\/index.php?rest_route=\/wp\/v2\/product\/1648","targetHints":{"allow":["GET"]}}],"collection":[{"href":"https:\/\/today.fi\/index.php?rest_route=\/wp\/v2\/product"}],"about":[{"href":"https:\/\/today.fi\/index.php?rest_route=\/wp\/v2\/types\/product"}],"replies":[{"embeddable":true,"href":"https:\/\/today.fi\/index.php?rest_route=%2Fwp%2Fv2%2Fcomments&post=1648"}],"wp:featuredmedia":[{"embeddable":true,"href":"https:\/\/today.fi\/index.php?rest_route=\/wp\/v2\/media\/1639"}],"wp:attachment":[{"href":"https:\/\/today.fi\/index.php?rest_route=%2Fwp%2Fv2%2Fmedia&parent=1648"}],"wp:term":[{"taxonomy":"product_brand","embeddable":true,"href":"https:\/\/today.fi\/index.php?rest_route=%2Fwp%2Fv2%2Fproduct_brand&post=1648"},{"taxonomy":"product_cat","embeddable":true,"href":"https:\/\/today.fi\/index.php?rest_route=%2Fwp%2Fv2%2Fproduct_cat&post=1648"},{"taxonomy":"product_tag","embeddable":true,"href":"https:\/\/today.fi\/index.php?rest_route=%2Fwp%2Fv2%2Fproduct_tag&post=1648"}],"curies":[{"name":"wp","href":"https:\/\/api.w.org\/{rel}","templated":true}]}}