{"id":1710,"date":"2025-09-19T10:54:32","date_gmt":"2025-09-19T08:54:32","guid":{"rendered":"https:\/\/today.fi\/?post_type=product&#038;p=1710"},"modified":"2026-03-25T13:51:28","modified_gmt":"2026-03-25T11:51:28","slug":"t-221-neuletunika","status":"publish","type":"product","link":"https:\/\/today.fi\/?product=t-221-neuletunika","title":{"rendered":"T-221 Neuletunika"},"content":{"rendered":"<p>45% Modal, 30% Viskoosi, 15%angora, 10%elastaani.<\/p>\n<p>Hihoissa ja olkap\u00e4iss\u00e4 pitsi- ja blingkoristeet.<\/p>\n<p>Venep\u00e4\u00e4ntie.<\/p>\n<p>Tunika kapenee hieman alasp\u00e4in.<\/p>\n<p>S\/M Kai-kai venytt\u00e4m\u00e4tt\u00e4 56cm, venytettyn\u00e4 66cm. Olka-helma 83cm.<\/p>\n<p>L\/XL Kai-kai venytt\u00e4m\u00e4tt\u00e4 58cm, venytettyn\u00e4 70cm. Olka-helma 83cm.<\/p>\n","protected":false},"excerpt":{"rendered":"<p>45% Modal, 30% Viskoosi, 15%angora, 10%elastaani. Hihoissa ja olkap\u00e4iss\u00e4 pitsi- ja blingkoristeet. Venep\u00e4\u00e4ntie. Tunika kapenee hieman alasp\u00e4in. S\/M Kai-kai venytt\u00e4m\u00e4tt\u00e4 56cm, venytettyn\u00e4 66cm. Olka-helma 83cm. L\/XL Kai-kai venytt\u00e4m\u00e4tt\u00e4 58cm, venytettyn\u00e4 70cm. Olka-helma 83cm.<\/p>\n","protected":false},"featured_media":1733,"comment_status":"closed","ping_status":"closed","template":"","meta":{"_et_pb_use_builder":"","_et_pb_old_content":"","_et_gb_content_width":""},"product_brand":[],"product_cat":[26],"product_tag":[],"class_list":{"0":"post-1710","1":"product","2":"type-product","3":"status-publish","4":"has-post-thumbnail","6":"product_cat-ylaosat","8":"first","9":"instock","10":"taxable","11":"shipping-taxable","12":"purchasable","13":"product-type-variable"},"jetpack_sharing_enabled":true,"_links":{"self":[{"href":"https:\/\/today.fi\/index.php?rest_route=\/wp\/v2\/product\/1710","targetHints":{"allow":["GET"]}}],"collection":[{"href":"https:\/\/today.fi\/index.php?rest_route=\/wp\/v2\/product"}],"about":[{"href":"https:\/\/today.fi\/index.php?rest_route=\/wp\/v2\/types\/product"}],"replies":[{"embeddable":true,"href":"https:\/\/today.fi\/index.php?rest_route=%2Fwp%2Fv2%2Fcomments&post=1710"}],"wp:featuredmedia":[{"embeddable":true,"href":"https:\/\/today.fi\/index.php?rest_route=\/wp\/v2\/media\/1733"}],"wp:attachment":[{"href":"https:\/\/today.fi\/index.php?rest_route=%2Fwp%2Fv2%2Fmedia&parent=1710"}],"wp:term":[{"taxonomy":"product_brand","embeddable":true,"href":"https:\/\/today.fi\/index.php?rest_route=%2Fwp%2Fv2%2Fproduct_brand&post=1710"},{"taxonomy":"product_cat","embeddable":true,"href":"https:\/\/today.fi\/index.php?rest_route=%2Fwp%2Fv2%2Fproduct_cat&post=1710"},{"taxonomy":"product_tag","embeddable":true,"href":"https:\/\/today.fi\/index.php?rest_route=%2Fwp%2Fv2%2Fproduct_tag&post=1710"}],"curies":[{"name":"wp","href":"https:\/\/api.w.org\/{rel}","templated":true}]}}