{"id":1762,"date":"2025-09-20T11:02:15","date_gmt":"2025-09-20T09:02:15","guid":{"rendered":"https:\/\/today.fi\/?post_type=product&#038;p=1762"},"modified":"2025-12-18T14:15:13","modified_gmt":"2025-12-18T12:15:13","slug":"2426-italy-coutattuhousu","status":"publish","type":"product","link":"https:\/\/today.fi\/?product=2426-italy-coutattuhousu","title":{"rendered":"2426 Italy coutattuhousu"},"content":{"rendered":"<p>95% polyester, 5% elastaani.<\/p>\n<p>OneSize (M-XL).<\/p>\n<p>Edess\u00e4 taskut.<\/p>\n<p>Vy\u00f6t\u00e4r\u00f6ll\u00e4 kuminauha.<\/p>\n<p>Pantterinauha koristeena.<\/p>\n<p>Vy\u00f6t\u00e4r\u00f6 venytt\u00e4m\u00e4tt\u00e4 80cm ja venytettyn\u00e4 108cm.<\/p>\n<p>Lahkeen sis\u00e4mitta 70cm.<\/p>\n","protected":false},"excerpt":{"rendered":"<p>95% polyester, 5% elastaani. OneSize (M-XL). Edess\u00e4 taskut. Vy\u00f6t\u00e4r\u00f6ll\u00e4 kuminauha. Pantterinauha koristeena. Vy\u00f6t\u00e4r\u00f6 venytt\u00e4m\u00e4tt\u00e4 80cm ja venytettyn\u00e4 108cm. Lahkeen sis\u00e4mitta 70cm.<\/p>\n","protected":false},"featured_media":1783,"comment_status":"closed","ping_status":"closed","template":"","meta":{"_et_pb_use_builder":"","_et_pb_old_content":"","_et_gb_content_width":""},"product_brand":[],"product_cat":[41],"product_tag":[],"class_list":{"0":"post-1762","1":"product","2":"type-product","3":"status-publish","4":"has-post-thumbnail","6":"product_cat-ale","8":"first","9":"instock","10":"taxable","11":"shipping-taxable","12":"purchasable","13":"product-type-variable"},"jetpack_sharing_enabled":true,"_links":{"self":[{"href":"https:\/\/today.fi\/index.php?rest_route=\/wp\/v2\/product\/1762","targetHints":{"allow":["GET"]}}],"collection":[{"href":"https:\/\/today.fi\/index.php?rest_route=\/wp\/v2\/product"}],"about":[{"href":"https:\/\/today.fi\/index.php?rest_route=\/wp\/v2\/types\/product"}],"replies":[{"embeddable":true,"href":"https:\/\/today.fi\/index.php?rest_route=%2Fwp%2Fv2%2Fcomments&post=1762"}],"wp:featuredmedia":[{"embeddable":true,"href":"https:\/\/today.fi\/index.php?rest_route=\/wp\/v2\/media\/1783"}],"wp:attachment":[{"href":"https:\/\/today.fi\/index.php?rest_route=%2Fwp%2Fv2%2Fmedia&parent=1762"}],"wp:term":[{"taxonomy":"product_brand","embeddable":true,"href":"https:\/\/today.fi\/index.php?rest_route=%2Fwp%2Fv2%2Fproduct_brand&post=1762"},{"taxonomy":"product_cat","embeddable":true,"href":"https:\/\/today.fi\/index.php?rest_route=%2Fwp%2Fv2%2Fproduct_cat&post=1762"},{"taxonomy":"product_tag","embeddable":true,"href":"https:\/\/today.fi\/index.php?rest_route=%2Fwp%2Fv2%2Fproduct_tag&post=1762"}],"curies":[{"name":"wp","href":"https:\/\/api.w.org\/{rel}","templated":true}]}}