{"id":1801,"date":"2025-09-23T14:28:42","date_gmt":"2025-09-23T12:28:42","guid":{"rendered":"https:\/\/today.fi\/?post_type=product&#038;p=1801"},"modified":"2026-03-25T13:50:35","modified_gmt":"2026-03-25T11:50:35","slug":"tt2240-sydanneule","status":"publish","type":"product","link":"https:\/\/today.fi\/?product=tt2240-sydanneule","title":{"rendered":"TT2240 Syd\u00e4nneule"},"content":{"rendered":"<p>56% Viskoosi,30% polyester, 14%nylon.<\/p>\n<p>Onesize (36-42).<\/p>\n<p>Lyhyet hihat.<\/p>\n<p>Kaulusta voi k\u00e4\u00e4nt\u00e4\u00e4 kivasti eri tyyleihin.<\/p>\n<p>Kapenee hieman alasp\u00e4in lantiota kohden.<\/p>\n<p>Kai-kai 68cm hieman venytettyn\u00e4.<\/p>\n<p>Olka-helma 65cm.<\/p>\n<p>&nbsp;<\/p>\n","protected":false},"excerpt":{"rendered":"<p>56% Viskoosi,30% polyester, 14%nylon. Onesize (36-42). Lyhyet hihat. Kaulusta voi k\u00e4\u00e4nt\u00e4\u00e4 kivasti eri tyyleihin. Kapenee hieman alasp\u00e4in lantiota kohden. Kai-kai 68cm hieman venytettyn\u00e4. Olka-helma 65cm. &nbsp;<\/p>\n","protected":false},"featured_media":1771,"comment_status":"closed","ping_status":"closed","template":"","meta":{"_et_pb_use_builder":"","_et_pb_old_content":"","_et_gb_content_width":""},"product_brand":[],"product_cat":[26],"product_tag":[],"class_list":{"0":"post-1801","1":"product","2":"type-product","3":"status-publish","4":"has-post-thumbnail","6":"product_cat-ylaosat","8":"first","9":"instock","10":"taxable","11":"shipping-taxable","12":"purchasable","13":"product-type-variable"},"jetpack_sharing_enabled":true,"_links":{"self":[{"href":"https:\/\/today.fi\/index.php?rest_route=\/wp\/v2\/product\/1801","targetHints":{"allow":["GET"]}}],"collection":[{"href":"https:\/\/today.fi\/index.php?rest_route=\/wp\/v2\/product"}],"about":[{"href":"https:\/\/today.fi\/index.php?rest_route=\/wp\/v2\/types\/product"}],"replies":[{"embeddable":true,"href":"https:\/\/today.fi\/index.php?rest_route=%2Fwp%2Fv2%2Fcomments&post=1801"}],"wp:featuredmedia":[{"embeddable":true,"href":"https:\/\/today.fi\/index.php?rest_route=\/wp\/v2\/media\/1771"}],"wp:attachment":[{"href":"https:\/\/today.fi\/index.php?rest_route=%2Fwp%2Fv2%2Fmedia&parent=1801"}],"wp:term":[{"taxonomy":"product_brand","embeddable":true,"href":"https:\/\/today.fi\/index.php?rest_route=%2Fwp%2Fv2%2Fproduct_brand&post=1801"},{"taxonomy":"product_cat","embeddable":true,"href":"https:\/\/today.fi\/index.php?rest_route=%2Fwp%2Fv2%2Fproduct_cat&post=1801"},{"taxonomy":"product_tag","embeddable":true,"href":"https:\/\/today.fi\/index.php?rest_route=%2Fwp%2Fv2%2Fproduct_tag&post=1801"}],"curies":[{"name":"wp","href":"https:\/\/api.w.org\/{rel}","templated":true}]}}