{"id":1824,"date":"2025-09-27T10:28:34","date_gmt":"2025-09-27T08:28:34","guid":{"rendered":"https:\/\/today.fi\/?post_type=product&#038;p=1824"},"modified":"2026-01-22T13:49:32","modified_gmt":"2026-01-22T11:49:32","slug":"ww224-nilkkuri","status":"publish","type":"product","link":"https:\/\/today.fi\/?product=ww224-nilkkuri","title":{"rendered":"WW224 Nilkkuri"},"content":{"rendered":"<p>Pinta: Synteettinen nupukin kaltainen materiaali<\/p>\n<p>Pohja: TR-kumi<\/p>\n<p>Vuori: L\u00e4mmin karvavuori<\/p>\n<p>Irrotettava koriste ulkoreunalla.<\/p>\n<p>Paksu pohja.<\/p>\n<p>Suosittelemme ottamaan k\u00e4ytt\u00e4m\u00e4\u00e4si kokoa yhden numeron isomman.<\/p>\n","protected":false},"excerpt":{"rendered":"<p>Pinta: Synteettinen nupukin kaltainen materiaali Pohja: TR-kumi Vuori: L\u00e4mmin karvavuori Irrotettava koriste ulkoreunalla. Paksu pohja. Suosittelemme ottamaan k\u00e4ytt\u00e4m\u00e4\u00e4si kokoa yhden numeron isomman.<\/p>\n","protected":false},"featured_media":1843,"comment_status":"closed","ping_status":"closed","template":"","meta":{"_et_pb_use_builder":"","_et_pb_old_content":"","_et_gb_content_width":""},"product_brand":[],"product_cat":[23],"product_tag":[],"class_list":{"0":"post-1824","1":"product","2":"type-product","3":"status-publish","4":"has-post-thumbnail","6":"product_cat-kengat","8":"first","9":"instock","10":"taxable","11":"shipping-taxable","12":"purchasable","13":"product-type-variable"},"jetpack_sharing_enabled":true,"_links":{"self":[{"href":"https:\/\/today.fi\/index.php?rest_route=\/wp\/v2\/product\/1824","targetHints":{"allow":["GET"]}}],"collection":[{"href":"https:\/\/today.fi\/index.php?rest_route=\/wp\/v2\/product"}],"about":[{"href":"https:\/\/today.fi\/index.php?rest_route=\/wp\/v2\/types\/product"}],"replies":[{"embeddable":true,"href":"https:\/\/today.fi\/index.php?rest_route=%2Fwp%2Fv2%2Fcomments&post=1824"}],"wp:featuredmedia":[{"embeddable":true,"href":"https:\/\/today.fi\/index.php?rest_route=\/wp\/v2\/media\/1843"}],"wp:attachment":[{"href":"https:\/\/today.fi\/index.php?rest_route=%2Fwp%2Fv2%2Fmedia&parent=1824"}],"wp:term":[{"taxonomy":"product_brand","embeddable":true,"href":"https:\/\/today.fi\/index.php?rest_route=%2Fwp%2Fv2%2Fproduct_brand&post=1824"},{"taxonomy":"product_cat","embeddable":true,"href":"https:\/\/today.fi\/index.php?rest_route=%2Fwp%2Fv2%2Fproduct_cat&post=1824"},{"taxonomy":"product_tag","embeddable":true,"href":"https:\/\/today.fi\/index.php?rest_route=%2Fwp%2Fv2%2Fproduct_tag&post=1824"}],"curies":[{"name":"wp","href":"https:\/\/api.w.org\/{rel}","templated":true}]}}