{"id":1835,"date":"2025-09-27T10:31:04","date_gmt":"2025-09-27T08:31:04","guid":{"rendered":"https:\/\/today.fi\/?post_type=product&#038;p=1835"},"modified":"2025-09-27T10:31:04","modified_gmt":"2025-09-27T08:31:04","slug":"2709-tuubihuivi","status":"publish","type":"product","link":"https:\/\/today.fi\/?product=2709-tuubihuivi","title":{"rendered":"2709 Tuubihuivi"},"content":{"rendered":"<p>Tuubihuivi jota voi k\u00e4ytt\u00e4\u00e4 my\u00f6s huppuna.<\/p>\n<p>100% acryl.<\/p>\n<p>Leveys venytettyn\u00e4 noin 80cm.<\/p>\n<p>Pituus\u00a0 noin 65cm.<\/p>\n","protected":false},"excerpt":{"rendered":"<p>Tuubihuivi jota voi k\u00e4ytt\u00e4\u00e4 my\u00f6s huppuna. 100% acryl. Leveys venytettyn\u00e4 noin 80cm. Pituus\u00a0 noin 65cm.<\/p>\n","protected":false},"featured_media":1852,"comment_status":"closed","ping_status":"closed","template":"","meta":{"_et_pb_use_builder":"","_et_pb_old_content":"","_et_gb_content_width":""},"product_brand":[],"product_cat":[41],"product_tag":[],"class_list":{"0":"post-1835","1":"product","2":"type-product","3":"status-publish","4":"has-post-thumbnail","6":"product_cat-ale","8":"first","9":"instock","10":"taxable","11":"shipping-taxable","12":"purchasable","13":"product-type-variable"},"jetpack_sharing_enabled":true,"_links":{"self":[{"href":"https:\/\/today.fi\/index.php?rest_route=\/wp\/v2\/product\/1835","targetHints":{"allow":["GET"]}}],"collection":[{"href":"https:\/\/today.fi\/index.php?rest_route=\/wp\/v2\/product"}],"about":[{"href":"https:\/\/today.fi\/index.php?rest_route=\/wp\/v2\/types\/product"}],"replies":[{"embeddable":true,"href":"https:\/\/today.fi\/index.php?rest_route=%2Fwp%2Fv2%2Fcomments&post=1835"}],"wp:featuredmedia":[{"embeddable":true,"href":"https:\/\/today.fi\/index.php?rest_route=\/wp\/v2\/media\/1852"}],"wp:attachment":[{"href":"https:\/\/today.fi\/index.php?rest_route=%2Fwp%2Fv2%2Fmedia&parent=1835"}],"wp:term":[{"taxonomy":"product_brand","embeddable":true,"href":"https:\/\/today.fi\/index.php?rest_route=%2Fwp%2Fv2%2Fproduct_brand&post=1835"},{"taxonomy":"product_cat","embeddable":true,"href":"https:\/\/today.fi\/index.php?rest_route=%2Fwp%2Fv2%2Fproduct_cat&post=1835"},{"taxonomy":"product_tag","embeddable":true,"href":"https:\/\/today.fi\/index.php?rest_route=%2Fwp%2Fv2%2Fproduct_tag&post=1835"}],"curies":[{"name":"wp","href":"https:\/\/api.w.org\/{rel}","templated":true}]}}