{"id":1891,"date":"2025-09-29T10:48:40","date_gmt":"2025-09-29T08:48:40","guid":{"rendered":"https:\/\/today.fi\/?post_type=product&#038;p=1891"},"modified":"2025-10-03T23:19:35","modified_gmt":"2025-10-03T21:19:35","slug":"3009-college-mekko","status":"publish","type":"product","link":"https:\/\/today.fi\/?product=3009-college-mekko","title":{"rendered":"3009 College-mekko"},"content":{"rendered":"<p>55% viskoosi, 40%polyester, 5%elastaani.<\/p>\n<p>Onesize ( M-XL).<\/p>\n<p>Py\u00f6re\u00e4 p\u00e4\u00e4ntie.<\/p>\n<p>Helmassa halkio.<\/p>\n<p>Hihassa pieni merkki.<\/p>\n<p>Kai-kai 75cm. olka-helma 120cm.<\/p>\n","protected":false},"excerpt":{"rendered":"<p>55% viskoosi, 40%polyester, 5%elastaani. Onesize ( M-XL). Py\u00f6re\u00e4 p\u00e4\u00e4ntie. Helmassa halkio. Hihassa pieni merkki. Kai-kai 75cm. olka-helma 120cm.<\/p>\n","protected":false},"featured_media":1888,"comment_status":"closed","ping_status":"closed","template":"","meta":{"_et_pb_use_builder":"","_et_pb_old_content":"","_et_gb_content_width":""},"product_brand":[],"product_cat":[25],"product_tag":[],"class_list":{"0":"post-1891","1":"product","2":"type-product","3":"status-publish","4":"has-post-thumbnail","6":"product_cat-mekot","8":"first","9":"outofstock","10":"taxable","11":"shipping-taxable","12":"purchasable","13":"product-type-variable"},"jetpack_sharing_enabled":true,"_links":{"self":[{"href":"https:\/\/today.fi\/index.php?rest_route=\/wp\/v2\/product\/1891","targetHints":{"allow":["GET"]}}],"collection":[{"href":"https:\/\/today.fi\/index.php?rest_route=\/wp\/v2\/product"}],"about":[{"href":"https:\/\/today.fi\/index.php?rest_route=\/wp\/v2\/types\/product"}],"replies":[{"embeddable":true,"href":"https:\/\/today.fi\/index.php?rest_route=%2Fwp%2Fv2%2Fcomments&post=1891"}],"wp:featuredmedia":[{"embeddable":true,"href":"https:\/\/today.fi\/index.php?rest_route=\/wp\/v2\/media\/1888"}],"wp:attachment":[{"href":"https:\/\/today.fi\/index.php?rest_route=%2Fwp%2Fv2%2Fmedia&parent=1891"}],"wp:term":[{"taxonomy":"product_brand","embeddable":true,"href":"https:\/\/today.fi\/index.php?rest_route=%2Fwp%2Fv2%2Fproduct_brand&post=1891"},{"taxonomy":"product_cat","embeddable":true,"href":"https:\/\/today.fi\/index.php?rest_route=%2Fwp%2Fv2%2Fproduct_cat&post=1891"},{"taxonomy":"product_tag","embeddable":true,"href":"https:\/\/today.fi\/index.php?rest_route=%2Fwp%2Fv2%2Fproduct_tag&post=1891"}],"curies":[{"name":"wp","href":"https:\/\/api.w.org\/{rel}","templated":true}]}}