{"id":1910,"date":"2025-10-10T07:54:13","date_gmt":"2025-10-10T05:54:13","guid":{"rendered":"https:\/\/today.fi\/?post_type=product&#038;p=1910"},"modified":"2025-12-11T16:58:12","modified_gmt":"2025-12-11T14:58:12","slug":"huivi-k57","status":"publish","type":"product","link":"https:\/\/today.fi\/?product=huivi-k57","title":{"rendered":"Huivi K57"},"content":{"rendered":"<p>50% cotton, 50% viskoosi.<\/p>\n<p>Mielytt\u00e4v\u00e4 pehme\u00e4 pinta.<\/p>\n<p>Laadukas materiaali.<\/p>\n<p>Leveys: 70cm<\/p>\n<p>Pituus: 170cm.<\/p>\n","protected":false},"excerpt":{"rendered":"<p>50% cotton, 50% viskoosi. Mielytt\u00e4v\u00e4 pehme\u00e4 pinta. Laadukas materiaali. Leveys: 70cm Pituus: 170cm.<\/p>\n","protected":false},"featured_media":1898,"comment_status":"closed","ping_status":"closed","template":"","meta":{"_et_pb_use_builder":"","_et_pb_old_content":"","_et_gb_content_width":""},"product_brand":[],"product_cat":[18,36],"product_tag":[],"class_list":{"0":"post-1910","1":"product","2":"type-product","3":"status-publish","4":"has-post-thumbnail","6":"product_cat-asusteet","7":"product_cat-huivit","9":"first","10":"outofstock","11":"taxable","12":"shipping-taxable","13":"purchasable","14":"product-type-variable"},"jetpack_sharing_enabled":true,"_links":{"self":[{"href":"https:\/\/today.fi\/index.php?rest_route=\/wp\/v2\/product\/1910","targetHints":{"allow":["GET"]}}],"collection":[{"href":"https:\/\/today.fi\/index.php?rest_route=\/wp\/v2\/product"}],"about":[{"href":"https:\/\/today.fi\/index.php?rest_route=\/wp\/v2\/types\/product"}],"replies":[{"embeddable":true,"href":"https:\/\/today.fi\/index.php?rest_route=%2Fwp%2Fv2%2Fcomments&post=1910"}],"wp:featuredmedia":[{"embeddable":true,"href":"https:\/\/today.fi\/index.php?rest_route=\/wp\/v2\/media\/1898"}],"wp:attachment":[{"href":"https:\/\/today.fi\/index.php?rest_route=%2Fwp%2Fv2%2Fmedia&parent=1910"}],"wp:term":[{"taxonomy":"product_brand","embeddable":true,"href":"https:\/\/today.fi\/index.php?rest_route=%2Fwp%2Fv2%2Fproduct_brand&post=1910"},{"taxonomy":"product_cat","embeddable":true,"href":"https:\/\/today.fi\/index.php?rest_route=%2Fwp%2Fv2%2Fproduct_cat&post=1910"},{"taxonomy":"product_tag","embeddable":true,"href":"https:\/\/today.fi\/index.php?rest_route=%2Fwp%2Fv2%2Fproduct_tag&post=1910"}],"curies":[{"name":"wp","href":"https:\/\/api.w.org\/{rel}","templated":true}]}}