{"id":1957,"date":"2025-10-14T13:54:49","date_gmt":"2025-10-14T11:54:49","guid":{"rendered":"https:\/\/today.fi\/?post_type=product&#038;p=1957"},"modified":"2026-03-25T13:48:28","modified_gmt":"2026-03-25T11:48:28","slug":"cb920-housu","status":"publish","type":"product","link":"https:\/\/today.fi\/?product=cb920-housu","title":{"rendered":"CB920 Housu"},"content":{"rendered":"<p>95% cotton, 5% polyester.<\/p>\n<p>Kuminauha vy\u00f6t\u00e4r\u00f6 leve\u00e4ll\u00e4 kuminauhalla.<\/p>\n<p>Edess\u00e4 koristenapit.<\/p>\n<p>Taskut edess\u00e4 ja takana.<\/p>\n<p>Suora lahje. Lahkeissa tere-saumat edess\u00e4.<\/p>\n<p>2XL\/3XL : VY\u00f6t\u00e4r\u00f6 venytettyn\u00e4 112cm. Lantio venytettyn\u00e4 120cm. Lahkeen sis\u00e4mitta 77cm.<\/p>\n<p>3XL\/4XL: Vy\u00f6t\u00e4r\u00f6 venytettyn\u00e4 125cm. Lantio venytettyn\u00e4 132cm. Lahkeen sis\u00e4mitta 77cm.<\/p>\n<p>4XL\/5XL: Vy\u00f6t\u00e4r\u00f6 venytettyn\u00e4 130cm. Lantio venytettyn\u00e4 136cm. Lahkeen sis\u00e4mitta 77cm.<\/p>\n<p>5XL\/6XL: Vy\u00f6t\u00e4r\u00f6 venytettyn\u00e4 133cm. Lantio venytettyn\u00e4 140cm. Lahkeen sis\u00e4mitta 77cm.<\/p>\n<p>&nbsp;<\/p>\n<p>&nbsp;<\/p>\n","protected":false},"excerpt":{"rendered":"<p>95% cotton, 5% polyester. Kuminauha vy\u00f6t\u00e4r\u00f6 leve\u00e4ll\u00e4 kuminauhalla. Edess\u00e4 koristenapit. Taskut edess\u00e4 ja takana. Suora lahje. Lahkeissa tere-saumat edess\u00e4. 2XL\/3XL : VY\u00f6t\u00e4r\u00f6 venytettyn\u00e4 112cm. Lantio venytettyn\u00e4 120cm. Lahkeen sis\u00e4mitta 77cm. 3XL\/4XL: Vy\u00f6t\u00e4r\u00f6 venytettyn\u00e4 125cm. Lantio venytettyn\u00e4 132cm. Lahkeen sis\u00e4mitta 77cm. 4XL\/5XL: Vy\u00f6t\u00e4r\u00f6 venytettyn\u00e4 130cm. Lantio venytettyn\u00e4 136cm. Lahkeen sis\u00e4mitta 77cm. 5XL\/6XL: Vy\u00f6t\u00e4r\u00f6 venytettyn\u00e4 133cm. Lantio [&hellip;]<\/p>\n","protected":false},"featured_media":1945,"comment_status":"closed","ping_status":"closed","template":"","meta":{"_et_pb_use_builder":"","_et_pb_old_content":"","_et_gb_content_width":""},"product_brand":[],"product_cat":[22],"product_tag":[],"class_list":{"0":"post-1957","1":"product","2":"type-product","3":"status-publish","4":"has-post-thumbnail","6":"product_cat-housut","8":"first","9":"instock","10":"taxable","11":"shipping-taxable","12":"purchasable","13":"product-type-variable"},"jetpack_sharing_enabled":true,"_links":{"self":[{"href":"https:\/\/today.fi\/index.php?rest_route=\/wp\/v2\/product\/1957","targetHints":{"allow":["GET"]}}],"collection":[{"href":"https:\/\/today.fi\/index.php?rest_route=\/wp\/v2\/product"}],"about":[{"href":"https:\/\/today.fi\/index.php?rest_route=\/wp\/v2\/types\/product"}],"replies":[{"embeddable":true,"href":"https:\/\/today.fi\/index.php?rest_route=%2Fwp%2Fv2%2Fcomments&post=1957"}],"wp:featuredmedia":[{"embeddable":true,"href":"https:\/\/today.fi\/index.php?rest_route=\/wp\/v2\/media\/1945"}],"wp:attachment":[{"href":"https:\/\/today.fi\/index.php?rest_route=%2Fwp%2Fv2%2Fmedia&parent=1957"}],"wp:term":[{"taxonomy":"product_brand","embeddable":true,"href":"https:\/\/today.fi\/index.php?rest_route=%2Fwp%2Fv2%2Fproduct_brand&post=1957"},{"taxonomy":"product_cat","embeddable":true,"href":"https:\/\/today.fi\/index.php?rest_route=%2Fwp%2Fv2%2Fproduct_cat&post=1957"},{"taxonomy":"product_tag","embeddable":true,"href":"https:\/\/today.fi\/index.php?rest_route=%2Fwp%2Fv2%2Fproduct_tag&post=1957"}],"curies":[{"name":"wp","href":"https:\/\/api.w.org\/{rel}","templated":true}]}}