{"id":1983,"date":"2025-10-23T12:57:11","date_gmt":"2025-10-23T10:57:11","guid":{"rendered":"https:\/\/today.fi\/?post_type=product&#038;p=1983"},"modified":"2026-03-25T13:46:58","modified_gmt":"2026-03-25T11:46:58","slug":"italy-bling-paita","status":"publish","type":"product","link":"https:\/\/today.fi\/?product=italy-bling-paita","title":{"rendered":"Italy bling-paita"},"content":{"rendered":"<p>55% Viskoosi, 45% polyester.<\/p>\n<p>Onesize (L-3XL).<\/p>\n<p>Kaulaaukossa kuminauha. Hihansuussa kuminauha.<\/p>\n<p>Kaunis hopeanv\u00e4rinen bling-bling.<\/p>\n<p>Ihana v\u00e4lj\u00e4 malli.<\/p>\n<p>Kai-kai 65cm. Olka.helma 68cm.<\/p>\n","protected":false},"excerpt":{"rendered":"<p>55% Viskoosi, 45% polyester. Onesize (L-3XL). Kaulaaukossa kuminauha. Hihansuussa kuminauha. Kaunis hopeanv\u00e4rinen bling-bling. Ihana v\u00e4lj\u00e4 malli. Kai-kai 65cm. Olka.helma 68cm.<\/p>\n","protected":false},"featured_media":2000,"comment_status":"closed","ping_status":"closed","template":"","meta":{"_et_pb_use_builder":"","_et_pb_old_content":"","_et_gb_content_width":""},"product_brand":[],"product_cat":[26],"product_tag":[],"class_list":{"0":"post-1983","1":"product","2":"type-product","3":"status-publish","4":"has-post-thumbnail","6":"product_cat-ylaosat","8":"first","9":"instock","10":"taxable","11":"shipping-taxable","12":"purchasable","13":"product-type-variable"},"jetpack_sharing_enabled":true,"_links":{"self":[{"href":"https:\/\/today.fi\/index.php?rest_route=\/wp\/v2\/product\/1983","targetHints":{"allow":["GET"]}}],"collection":[{"href":"https:\/\/today.fi\/index.php?rest_route=\/wp\/v2\/product"}],"about":[{"href":"https:\/\/today.fi\/index.php?rest_route=\/wp\/v2\/types\/product"}],"replies":[{"embeddable":true,"href":"https:\/\/today.fi\/index.php?rest_route=%2Fwp%2Fv2%2Fcomments&post=1983"}],"wp:featuredmedia":[{"embeddable":true,"href":"https:\/\/today.fi\/index.php?rest_route=\/wp\/v2\/media\/2000"}],"wp:attachment":[{"href":"https:\/\/today.fi\/index.php?rest_route=%2Fwp%2Fv2%2Fmedia&parent=1983"}],"wp:term":[{"taxonomy":"product_brand","embeddable":true,"href":"https:\/\/today.fi\/index.php?rest_route=%2Fwp%2Fv2%2Fproduct_brand&post=1983"},{"taxonomy":"product_cat","embeddable":true,"href":"https:\/\/today.fi\/index.php?rest_route=%2Fwp%2Fv2%2Fproduct_cat&post=1983"},{"taxonomy":"product_tag","embeddable":true,"href":"https:\/\/today.fi\/index.php?rest_route=%2Fwp%2Fv2%2Fproduct_tag&post=1983"}],"curies":[{"name":"wp","href":"https:\/\/api.w.org\/{rel}","templated":true}]}}