{"id":2009,"date":"2025-10-29T20:01:43","date_gmt":"2025-10-29T18:01:43","guid":{"rendered":"https:\/\/today.fi\/?post_type=product&#038;p=2009"},"modified":"2026-03-25T13:45:08","modified_gmt":"2026-03-25T11:45:08","slug":"2810-neulemekko","status":"publish","type":"product","link":"https:\/\/today.fi\/?product=2810-neulemekko","title":{"rendered":"2810 Neulemekko"},"content":{"rendered":"<p>50% viskoosi,40% modal, 10%elastaani.<\/p>\n<p>Onesize (38-42)<\/p>\n<p>Edess\u00e4 kivat taskut.<\/p>\n<p>Ihana pehme\u00e4 materiaali, ei kutita.<\/p>\n<p>Kai-kai hieman venytettyn\u00e4 noin 58cm.<\/p>\n<p>Olka-helma 98cm.<\/p>\n<p>&nbsp;<\/p>\n","protected":false},"excerpt":{"rendered":"<p>50% viskoosi,40% modal, 10%elastaani. Onesize (38-42) Edess\u00e4 kivat taskut. Ihana pehme\u00e4 materiaali, ei kutita. Kai-kai hieman venytettyn\u00e4 noin 58cm. Olka-helma 98cm. &nbsp;<\/p>\n","protected":false},"featured_media":2254,"comment_status":"closed","ping_status":"closed","template":"","meta":{"_et_pb_use_builder":"","_et_pb_old_content":"","_et_gb_content_width":""},"product_brand":[],"product_cat":[25],"product_tag":[],"class_list":{"0":"post-2009","1":"product","2":"type-product","3":"status-publish","4":"has-post-thumbnail","6":"product_cat-mekot","8":"first","9":"instock","10":"taxable","11":"shipping-taxable","12":"purchasable","13":"product-type-variable"},"jetpack_sharing_enabled":true,"_links":{"self":[{"href":"https:\/\/today.fi\/index.php?rest_route=\/wp\/v2\/product\/2009","targetHints":{"allow":["GET"]}}],"collection":[{"href":"https:\/\/today.fi\/index.php?rest_route=\/wp\/v2\/product"}],"about":[{"href":"https:\/\/today.fi\/index.php?rest_route=\/wp\/v2\/types\/product"}],"replies":[{"embeddable":true,"href":"https:\/\/today.fi\/index.php?rest_route=%2Fwp%2Fv2%2Fcomments&post=2009"}],"wp:featuredmedia":[{"embeddable":true,"href":"https:\/\/today.fi\/index.php?rest_route=\/wp\/v2\/media\/2254"}],"wp:attachment":[{"href":"https:\/\/today.fi\/index.php?rest_route=%2Fwp%2Fv2%2Fmedia&parent=2009"}],"wp:term":[{"taxonomy":"product_brand","embeddable":true,"href":"https:\/\/today.fi\/index.php?rest_route=%2Fwp%2Fv2%2Fproduct_brand&post=2009"},{"taxonomy":"product_cat","embeddable":true,"href":"https:\/\/today.fi\/index.php?rest_route=%2Fwp%2Fv2%2Fproduct_cat&post=2009"},{"taxonomy":"product_tag","embeddable":true,"href":"https:\/\/today.fi\/index.php?rest_route=%2Fwp%2Fv2%2Fproduct_tag&post=2009"}],"curies":[{"name":"wp","href":"https:\/\/api.w.org\/{rel}","templated":true}]}}