{"id":2022,"date":"2025-10-28T13:52:17","date_gmt":"2025-10-28T11:52:17","guid":{"rendered":"https:\/\/today.fi\/?post_type=product&#038;p=2022"},"modified":"2026-03-25T13:46:01","modified_gmt":"2026-03-25T11:46:01","slug":"ruutuhousu-lammin","status":"publish","type":"product","link":"https:\/\/today.fi\/?product=ruutuhousu-lammin","title":{"rendered":"Ruutuhousu l\u00e4mmin"},"content":{"rendered":"<p>65% cotton, 30%polyester, 5%spandex.<\/p>\n<p>L\u00e4mpim\u00e4t fleecevuorelliset housut.<\/p>\n<p>Taskut edess\u00e4 ja takana.<\/p>\n<p>Leve\u00e4 kuminauha vy\u00f6t\u00e4r\u00f6. Korkea vy\u00f6t\u00e4r\u00f6.<\/p>\n<p>L\/XL : Vy\u00f6t\u00e4r\u00f6 venytt\u00e4m\u00e4tt\u00e4 83cm. Vy\u00f6t\u00e4r\u00f6 venytettyn\u00e4 105cm. Lahkeen sis\u00e4sauman mitta 75cm.<\/p>\n<p>2XL\/3XL: Vy\u00f6t\u00e4r\u00f6 venytt\u00e4n\u00e4tt\u00e4 88cm. Vy\u00f6t\u00e4r\u00f6 venytettyn\u00e4 114cm. Lahkeen sis\u00e4sauma mitta 76cm.<\/p>\n<p>4XL\/5XL: Vy\u00f6t\u00e4r\u00f6 venytt\u00e4m\u00e4tt\u00e4 90cm. Vy\u00f6t\u00e4r\u00f6 venytettyn\u00e4 118cm. Lahkeen sis\u00e4sauma mitta 77cm.<\/p>\n<p>5XL\/6XL: Vy\u00f6t\u00e4r\u00f6 venytt\u00e4m\u00e4tt\u00e4 92cm. Vy\u00f6t\u00e4r\u00f6 venytettyn\u00e4 122cm. Lahkeen sis\u00e4sauma mitta 78cm.<\/p>\n","protected":false},"excerpt":{"rendered":"<p>65% cotton, 30%polyester, 5%spandex. L\u00e4mpim\u00e4t fleecevuorelliset housut. Taskut edess\u00e4 ja takana. Leve\u00e4 kuminauha vy\u00f6t\u00e4r\u00f6. Korkea vy\u00f6t\u00e4r\u00f6. L\/XL : Vy\u00f6t\u00e4r\u00f6 venytt\u00e4m\u00e4tt\u00e4 83cm. Vy\u00f6t\u00e4r\u00f6 venytettyn\u00e4 105cm. Lahkeen sis\u00e4sauman mitta 75cm. 2XL\/3XL: Vy\u00f6t\u00e4r\u00f6 venytt\u00e4n\u00e4tt\u00e4 88cm. Vy\u00f6t\u00e4r\u00f6 venytettyn\u00e4 114cm. Lahkeen sis\u00e4sauma mitta 76cm. 4XL\/5XL: Vy\u00f6t\u00e4r\u00f6 venytt\u00e4m\u00e4tt\u00e4 90cm. Vy\u00f6t\u00e4r\u00f6 venytettyn\u00e4 118cm. Lahkeen sis\u00e4sauma mitta 77cm. 5XL\/6XL: Vy\u00f6t\u00e4r\u00f6 venytt\u00e4m\u00e4tt\u00e4 92cm. Vy\u00f6t\u00e4r\u00f6 [&hellip;]<\/p>\n","protected":false},"featured_media":2016,"comment_status":"closed","ping_status":"closed","template":"","meta":{"_et_pb_use_builder":"","_et_pb_old_content":"","_et_gb_content_width":""},"product_brand":[],"product_cat":[22],"product_tag":[],"class_list":{"0":"post-2022","1":"product","2":"type-product","3":"status-publish","4":"has-post-thumbnail","6":"product_cat-housut","8":"first","9":"instock","10":"taxable","11":"shipping-taxable","12":"purchasable","13":"product-type-variable"},"jetpack_sharing_enabled":true,"_links":{"self":[{"href":"https:\/\/today.fi\/index.php?rest_route=\/wp\/v2\/product\/2022","targetHints":{"allow":["GET"]}}],"collection":[{"href":"https:\/\/today.fi\/index.php?rest_route=\/wp\/v2\/product"}],"about":[{"href":"https:\/\/today.fi\/index.php?rest_route=\/wp\/v2\/types\/product"}],"replies":[{"embeddable":true,"href":"https:\/\/today.fi\/index.php?rest_route=%2Fwp%2Fv2%2Fcomments&post=2022"}],"wp:featuredmedia":[{"embeddable":true,"href":"https:\/\/today.fi\/index.php?rest_route=\/wp\/v2\/media\/2016"}],"wp:attachment":[{"href":"https:\/\/today.fi\/index.php?rest_route=%2Fwp%2Fv2%2Fmedia&parent=2022"}],"wp:term":[{"taxonomy":"product_brand","embeddable":true,"href":"https:\/\/today.fi\/index.php?rest_route=%2Fwp%2Fv2%2Fproduct_brand&post=2022"},{"taxonomy":"product_cat","embeddable":true,"href":"https:\/\/today.fi\/index.php?rest_route=%2Fwp%2Fv2%2Fproduct_cat&post=2022"},{"taxonomy":"product_tag","embeddable":true,"href":"https:\/\/today.fi\/index.php?rest_route=%2Fwp%2Fv2%2Fproduct_tag&post=2022"}],"curies":[{"name":"wp","href":"https:\/\/api.w.org\/{rel}","templated":true}]}}