{"id":2042,"date":"2025-11-07T17:14:01","date_gmt":"2025-11-07T15:14:01","guid":{"rendered":"https:\/\/today.fi\/?post_type=product&#038;p=2042"},"modified":"2026-03-25T13:42:44","modified_gmt":"2026-03-25T11:42:44","slug":"tl60165-tyllihame","status":"publish","type":"product","link":"https:\/\/today.fi\/?product=tl60165-tyllihame","title":{"rendered":"TL60165 Tyllihame"},"content":{"rendered":"<p>Koko: Onesize (M-XXL).<\/p>\n<p>Vy\u00f6t\u00e4r\u00f6ll\u00e4 kuminauha.<\/p>\n<p>Kiva mitta, alushame l\u00e4hes saman mittainen.<\/p>\n<p>Laskeutuu kauniisti alasp\u00e4in.<\/p>\n<p>Vy\u00f6t\u00e4r\u00f6 venytettyn\u00e4 noin 120cm. Hameen pituus 87cm.<\/p>\n","protected":false},"excerpt":{"rendered":"<p>Koko: Onesize (M-XXL). Vy\u00f6t\u00e4r\u00f6ll\u00e4 kuminauha. Kiva mitta, alushame l\u00e4hes saman mittainen. Laskeutuu kauniisti alasp\u00e4in. Vy\u00f6t\u00e4r\u00f6 venytettyn\u00e4 noin 120cm. Hameen pituus 87cm.<\/p>\n","protected":false},"featured_media":2080,"comment_status":"closed","ping_status":"closed","template":"","meta":{"_et_pb_use_builder":"","_et_pb_old_content":"","_et_gb_content_width":""},"product_brand":[],"product_cat":[21],"product_tag":[],"class_list":{"0":"post-2042","1":"product","2":"type-product","3":"status-publish","4":"has-post-thumbnail","6":"product_cat-hame","8":"first","9":"instock","10":"taxable","11":"shipping-taxable","12":"purchasable","13":"product-type-variable"},"jetpack_sharing_enabled":true,"_links":{"self":[{"href":"https:\/\/today.fi\/index.php?rest_route=\/wp\/v2\/product\/2042","targetHints":{"allow":["GET"]}}],"collection":[{"href":"https:\/\/today.fi\/index.php?rest_route=\/wp\/v2\/product"}],"about":[{"href":"https:\/\/today.fi\/index.php?rest_route=\/wp\/v2\/types\/product"}],"replies":[{"embeddable":true,"href":"https:\/\/today.fi\/index.php?rest_route=%2Fwp%2Fv2%2Fcomments&post=2042"}],"wp:featuredmedia":[{"embeddable":true,"href":"https:\/\/today.fi\/index.php?rest_route=\/wp\/v2\/media\/2080"}],"wp:attachment":[{"href":"https:\/\/today.fi\/index.php?rest_route=%2Fwp%2Fv2%2Fmedia&parent=2042"}],"wp:term":[{"taxonomy":"product_brand","embeddable":true,"href":"https:\/\/today.fi\/index.php?rest_route=%2Fwp%2Fv2%2Fproduct_brand&post=2042"},{"taxonomy":"product_cat","embeddable":true,"href":"https:\/\/today.fi\/index.php?rest_route=%2Fwp%2Fv2%2Fproduct_cat&post=2042"},{"taxonomy":"product_tag","embeddable":true,"href":"https:\/\/today.fi\/index.php?rest_route=%2Fwp%2Fv2%2Fproduct_tag&post=2042"}],"curies":[{"name":"wp","href":"https:\/\/api.w.org\/{rel}","templated":true}]}}