{"id":2047,"date":"2025-11-06T22:10:09","date_gmt":"2025-11-06T20:10:09","guid":{"rendered":"https:\/\/today.fi\/?post_type=product&#038;p=2047"},"modified":"2026-03-25T13:43:52","modified_gmt":"2026-03-25T11:43:52","slug":"0611-lurex-paita","status":"publish","type":"product","link":"https:\/\/today.fi\/?product=0611-lurex-paita","title":{"rendered":"0611 Lurex-paita"},"content":{"rendered":"<p>95% polyester, 5% spandex.<\/p>\n<p>P\u00e4\u00e4ntie kaunis putousmallinen.<\/p>\n<p>Mielytt\u00e4v\u00e4 materiaali, ei kutita. Ihana kimalle. Hyv\u00e4 joustavuus.<\/p>\n<p>Sopii my\u00f6s jakkujen alle.<\/p>\n<p>M\/L: Kai-kai 57cm, olka-helma 62cm.<\/p>\n<p>XL\/XXL: Kai-kai 60cm. Olka-helma 64cm.<\/p>\n<p>&nbsp;<\/p>\n","protected":false},"excerpt":{"rendered":"<p>95% polyester, 5% spandex. P\u00e4\u00e4ntie kaunis putousmallinen. Mielytt\u00e4v\u00e4 materiaali, ei kutita. Ihana kimalle. Hyv\u00e4 joustavuus. Sopii my\u00f6s jakkujen alle. M\/L: Kai-kai 57cm, olka-helma 62cm. XL\/XXL: Kai-kai 60cm. Olka-helma 64cm. &nbsp;<\/p>\n","protected":false},"featured_media":2062,"comment_status":"closed","ping_status":"closed","template":"","meta":{"_et_pb_use_builder":"","_et_pb_old_content":"","_et_gb_content_width":""},"product_brand":[],"product_cat":[26],"product_tag":[],"class_list":{"0":"post-2047","1":"product","2":"type-product","3":"status-publish","4":"has-post-thumbnail","6":"product_cat-ylaosat","8":"first","9":"instock","10":"taxable","11":"shipping-taxable","12":"purchasable","13":"product-type-variable"},"jetpack_sharing_enabled":true,"_links":{"self":[{"href":"https:\/\/today.fi\/index.php?rest_route=\/wp\/v2\/product\/2047","targetHints":{"allow":["GET"]}}],"collection":[{"href":"https:\/\/today.fi\/index.php?rest_route=\/wp\/v2\/product"}],"about":[{"href":"https:\/\/today.fi\/index.php?rest_route=\/wp\/v2\/types\/product"}],"replies":[{"embeddable":true,"href":"https:\/\/today.fi\/index.php?rest_route=%2Fwp%2Fv2%2Fcomments&post=2047"}],"wp:featuredmedia":[{"embeddable":true,"href":"https:\/\/today.fi\/index.php?rest_route=\/wp\/v2\/media\/2062"}],"wp:attachment":[{"href":"https:\/\/today.fi\/index.php?rest_route=%2Fwp%2Fv2%2Fmedia&parent=2047"}],"wp:term":[{"taxonomy":"product_brand","embeddable":true,"href":"https:\/\/today.fi\/index.php?rest_route=%2Fwp%2Fv2%2Fproduct_brand&post=2047"},{"taxonomy":"product_cat","embeddable":true,"href":"https:\/\/today.fi\/index.php?rest_route=%2Fwp%2Fv2%2Fproduct_cat&post=2047"},{"taxonomy":"product_tag","embeddable":true,"href":"https:\/\/today.fi\/index.php?rest_route=%2Fwp%2Fv2%2Fproduct_tag&post=2047"}],"curies":[{"name":"wp","href":"https:\/\/api.w.org\/{rel}","templated":true}]}}