{"id":2118,"date":"2025-11-12T14:25:08","date_gmt":"2025-11-12T12:25:08","guid":{"rendered":"https:\/\/today.fi\/?post_type=product&#038;p=2118"},"modified":"2025-11-18T13:34:48","modified_gmt":"2025-11-18T11:34:48","slug":"d24-26-pitsi-kimalleneule","status":"publish","type":"product","link":"https:\/\/today.fi\/?product=d24-26-pitsi-kimalleneule","title":{"rendered":"D24-26 Pitsi-Kimalleneule"},"content":{"rendered":"<p>50% viskoosi, 28% polyester, 22%nylon.<\/p>\n<p>onesize (M-2XL).<\/p>\n<p>Vene p\u00e4\u00e4ntie.<\/p>\n<p>Lepakkohiha.<\/p>\n<p>Ihana pehme\u00e4 materiaali. Ei kutia.<\/p>\n<p>Kai-kai noin 85cm. Olka-helma noin 67cm.<\/p>\n","protected":false},"excerpt":{"rendered":"<p>50% viskoosi, 28% polyester, 22%nylon. onesize (M-2XL). Vene p\u00e4\u00e4ntie. Lepakkohiha. Ihana pehme\u00e4 materiaali. Ei kutia. Kai-kai noin 85cm. Olka-helma noin 67cm.<\/p>\n","protected":false},"featured_media":2096,"comment_status":"closed","ping_status":"closed","template":"","meta":{"_et_pb_use_builder":"","_et_pb_old_content":"","_et_gb_content_width":""},"product_brand":[],"product_cat":[26],"product_tag":[],"class_list":{"0":"post-2118","1":"product","2":"type-product","3":"status-publish","4":"has-post-thumbnail","6":"product_cat-ylaosat","8":"first","9":"outofstock","10":"taxable","11":"shipping-taxable","12":"purchasable","13":"product-type-variable"},"jetpack_sharing_enabled":true,"_links":{"self":[{"href":"https:\/\/today.fi\/index.php?rest_route=\/wp\/v2\/product\/2118","targetHints":{"allow":["GET"]}}],"collection":[{"href":"https:\/\/today.fi\/index.php?rest_route=\/wp\/v2\/product"}],"about":[{"href":"https:\/\/today.fi\/index.php?rest_route=\/wp\/v2\/types\/product"}],"replies":[{"embeddable":true,"href":"https:\/\/today.fi\/index.php?rest_route=%2Fwp%2Fv2%2Fcomments&post=2118"}],"wp:featuredmedia":[{"embeddable":true,"href":"https:\/\/today.fi\/index.php?rest_route=\/wp\/v2\/media\/2096"}],"wp:attachment":[{"href":"https:\/\/today.fi\/index.php?rest_route=%2Fwp%2Fv2%2Fmedia&parent=2118"}],"wp:term":[{"taxonomy":"product_brand","embeddable":true,"href":"https:\/\/today.fi\/index.php?rest_route=%2Fwp%2Fv2%2Fproduct_brand&post=2118"},{"taxonomy":"product_cat","embeddable":true,"href":"https:\/\/today.fi\/index.php?rest_route=%2Fwp%2Fv2%2Fproduct_cat&post=2118"},{"taxonomy":"product_tag","embeddable":true,"href":"https:\/\/today.fi\/index.php?rest_route=%2Fwp%2Fv2%2Fproduct_tag&post=2118"}],"curies":[{"name":"wp","href":"https:\/\/api.w.org\/{rel}","templated":true}]}}