{"id":2130,"date":"2025-11-13T11:42:32","date_gmt":"2025-11-13T09:42:32","guid":{"rendered":"https:\/\/today.fi\/?post_type=product&#038;p=2130"},"modified":"2026-02-19T12:50:58","modified_gmt":"2026-02-19T10:50:58","slug":"608160-leo-kimalle-huivi","status":"publish","type":"product","link":"https:\/\/today.fi\/?product=608160-leo-kimalle-huivi","title":{"rendered":"608160 Leo-Kimalle huivi"},"content":{"rendered":"<p>60% viskoosi, 20% villa, 20% cashmere.<\/p>\n<p>Ihanan pehme\u00e4 ja l\u00e4mmin huivi.<\/p>\n<p>Kauniit kimalteet.<\/p>\n<p>Leveys 70cm, pituus 180cm.<\/p>\n<p>Reilu koko menee my\u00f6s hartiahuivina.<\/p>\n<p>Eritt\u00e4in kaunis takkien kanssa.<\/p>\n","protected":false},"excerpt":{"rendered":"<p>60% viskoosi, 20% villa, 20% cashmere. Ihanan pehme\u00e4 ja l\u00e4mmin huivi. Kauniit kimalteet. Leveys 70cm, pituus 180cm. Reilu koko menee my\u00f6s hartiahuivina. Eritt\u00e4in kaunis takkien kanssa.<\/p>\n","protected":false},"featured_media":2117,"comment_status":"closed","ping_status":"closed","template":"","meta":{"_et_pb_use_builder":"","_et_pb_old_content":"","_et_gb_content_width":""},"product_brand":[],"product_cat":[18,36],"product_tag":[],"class_list":{"0":"post-2130","1":"product","2":"type-product","3":"status-publish","4":"has-post-thumbnail","6":"product_cat-asusteet","7":"product_cat-huivit","9":"first","10":"instock","11":"taxable","12":"shipping-taxable","13":"purchasable","14":"product-type-variable"},"jetpack_sharing_enabled":true,"_links":{"self":[{"href":"https:\/\/today.fi\/index.php?rest_route=\/wp\/v2\/product\/2130","targetHints":{"allow":["GET"]}}],"collection":[{"href":"https:\/\/today.fi\/index.php?rest_route=\/wp\/v2\/product"}],"about":[{"href":"https:\/\/today.fi\/index.php?rest_route=\/wp\/v2\/types\/product"}],"replies":[{"embeddable":true,"href":"https:\/\/today.fi\/index.php?rest_route=%2Fwp%2Fv2%2Fcomments&post=2130"}],"wp:featuredmedia":[{"embeddable":true,"href":"https:\/\/today.fi\/index.php?rest_route=\/wp\/v2\/media\/2117"}],"wp:attachment":[{"href":"https:\/\/today.fi\/index.php?rest_route=%2Fwp%2Fv2%2Fmedia&parent=2130"}],"wp:term":[{"taxonomy":"product_brand","embeddable":true,"href":"https:\/\/today.fi\/index.php?rest_route=%2Fwp%2Fv2%2Fproduct_brand&post=2130"},{"taxonomy":"product_cat","embeddable":true,"href":"https:\/\/today.fi\/index.php?rest_route=%2Fwp%2Fv2%2Fproduct_cat&post=2130"},{"taxonomy":"product_tag","embeddable":true,"href":"https:\/\/today.fi\/index.php?rest_route=%2Fwp%2Fv2%2Fproduct_tag&post=2130"}],"curies":[{"name":"wp","href":"https:\/\/api.w.org\/{rel}","templated":true}]}}