{"id":2226,"date":"2025-12-12T10:22:16","date_gmt":"2025-12-12T08:22:16","guid":{"rendered":"https:\/\/today.fi\/?post_type=product&#038;p=2226"},"modified":"2025-12-18T13:50:23","modified_gmt":"2025-12-18T11:50:23","slug":"hxm-25610-huivi","status":"publish","type":"product","link":"https:\/\/today.fi\/?product=hxm-25610-huivi","title":{"rendered":"HXM-25610 Huivi"},"content":{"rendered":"<p>100% Viskoosi.<\/p>\n<p>Mielytt\u00e4v\u00e4n pehme\u00e4. Voi k\u00e4ytt\u00e4\u00e4 my\u00f6s sis\u00e4huivina.<\/p>\n<p>Leveys 70cm. Pituus180cm.<\/p>\n<p>Ihanat v\u00e4ris\u00e4vyt.<\/p>\n<p>&nbsp;<\/p>\n<p>&nbsp;<\/p>\n","protected":false},"excerpt":{"rendered":"<p>100% Viskoosi. Mielytt\u00e4v\u00e4n pehme\u00e4. Voi k\u00e4ytt\u00e4\u00e4 my\u00f6s sis\u00e4huivina. Leveys 70cm. Pituus180cm. Ihanat v\u00e4ris\u00e4vyt. &nbsp; &nbsp;<\/p>\n","protected":false},"featured_media":2244,"comment_status":"closed","ping_status":"closed","template":"","meta":{"_et_pb_use_builder":"","_et_pb_old_content":"","_et_gb_content_width":""},"product_brand":[],"product_cat":[18,36],"product_tag":[],"class_list":{"0":"post-2226","1":"product","2":"type-product","3":"status-publish","4":"has-post-thumbnail","6":"product_cat-asusteet","7":"product_cat-huivit","9":"first","10":"outofstock","11":"taxable","12":"shipping-taxable","13":"purchasable","14":"product-type-variable"},"jetpack_sharing_enabled":true,"_links":{"self":[{"href":"https:\/\/today.fi\/index.php?rest_route=\/wp\/v2\/product\/2226","targetHints":{"allow":["GET"]}}],"collection":[{"href":"https:\/\/today.fi\/index.php?rest_route=\/wp\/v2\/product"}],"about":[{"href":"https:\/\/today.fi\/index.php?rest_route=\/wp\/v2\/types\/product"}],"replies":[{"embeddable":true,"href":"https:\/\/today.fi\/index.php?rest_route=%2Fwp%2Fv2%2Fcomments&post=2226"}],"wp:featuredmedia":[{"embeddable":true,"href":"https:\/\/today.fi\/index.php?rest_route=\/wp\/v2\/media\/2244"}],"wp:attachment":[{"href":"https:\/\/today.fi\/index.php?rest_route=%2Fwp%2Fv2%2Fmedia&parent=2226"}],"wp:term":[{"taxonomy":"product_brand","embeddable":true,"href":"https:\/\/today.fi\/index.php?rest_route=%2Fwp%2Fv2%2Fproduct_brand&post=2226"},{"taxonomy":"product_cat","embeddable":true,"href":"https:\/\/today.fi\/index.php?rest_route=%2Fwp%2Fv2%2Fproduct_cat&post=2226"},{"taxonomy":"product_tag","embeddable":true,"href":"https:\/\/today.fi\/index.php?rest_route=%2Fwp%2Fv2%2Fproduct_tag&post=2226"}],"curies":[{"name":"wp","href":"https:\/\/api.w.org\/{rel}","templated":true}]}}