{"id":2312,"date":"2026-01-16T11:35:35","date_gmt":"2026-01-16T09:35:35","guid":{"rendered":"https:\/\/today.fi\/?post_type=product&#038;p=2312"},"modified":"2026-04-02T13:11:24","modified_gmt":"2026-04-02T11:11:24","slug":"sw5207p-pikkulaukku","status":"publish","type":"product","link":"https:\/\/today.fi\/?product=sw5207p-pikkulaukku","title":{"rendered":"SW5207P Pikkulaukku"},"content":{"rendered":"<p>Pinta: Laadukas keinomateriaali<\/p>\n<p>Vuori: Tekstiili.<\/p>\n<p>S\u00e4\u00e4dett\u00e4v\u00e4,irroitettava hihna.<\/p>\n<p>Vetoketju\u00a0 ja laukun l\u00e4p\u00e4ss\u00e4 magneettikiinnitys.<\/p>\n<p>Leveys: 23cm, korkeus\u00a0 14cm.<\/p>\n","protected":false},"excerpt":{"rendered":"<p>Pinta: Laadukas keinomateriaali Vuori: Tekstiili. S\u00e4\u00e4dett\u00e4v\u00e4,irroitettava hihna. Vetoketju\u00a0 ja laukun l\u00e4p\u00e4ss\u00e4 magneettikiinnitys. Leveys: 23cm, korkeus\u00a0 14cm.<\/p>\n","protected":false},"featured_media":2307,"comment_status":"closed","ping_status":"closed","template":"","meta":{"_et_pb_use_builder":"","_et_pb_old_content":"","_et_gb_content_width":""},"product_brand":[],"product_cat":[17],"product_tag":[],"class_list":{"0":"post-2312","1":"product","2":"type-product","3":"status-publish","4":"has-post-thumbnail","6":"product_cat-laukut","8":"first","9":"instock","10":"taxable","11":"shipping-taxable","12":"purchasable","13":"product-type-variable"},"jetpack_sharing_enabled":true,"_links":{"self":[{"href":"https:\/\/today.fi\/index.php?rest_route=\/wp\/v2\/product\/2312","targetHints":{"allow":["GET"]}}],"collection":[{"href":"https:\/\/today.fi\/index.php?rest_route=\/wp\/v2\/product"}],"about":[{"href":"https:\/\/today.fi\/index.php?rest_route=\/wp\/v2\/types\/product"}],"replies":[{"embeddable":true,"href":"https:\/\/today.fi\/index.php?rest_route=%2Fwp%2Fv2%2Fcomments&post=2312"}],"wp:featuredmedia":[{"embeddable":true,"href":"https:\/\/today.fi\/index.php?rest_route=\/wp\/v2\/media\/2307"}],"wp:attachment":[{"href":"https:\/\/today.fi\/index.php?rest_route=%2Fwp%2Fv2%2Fmedia&parent=2312"}],"wp:term":[{"taxonomy":"product_brand","embeddable":true,"href":"https:\/\/today.fi\/index.php?rest_route=%2Fwp%2Fv2%2Fproduct_brand&post=2312"},{"taxonomy":"product_cat","embeddable":true,"href":"https:\/\/today.fi\/index.php?rest_route=%2Fwp%2Fv2%2Fproduct_cat&post=2312"},{"taxonomy":"product_tag","embeddable":true,"href":"https:\/\/today.fi\/index.php?rest_route=%2Fwp%2Fv2%2Fproduct_tag&post=2312"}],"curies":[{"name":"wp","href":"https:\/\/api.w.org\/{rel}","templated":true}]}}