{"id":2378,"date":"2026-02-06T13:40:48","date_gmt":"2026-02-06T11:40:48","guid":{"rendered":"https:\/\/today.fi\/?post_type=product&#038;p=2378"},"modified":"2026-02-10T12:51:56","modified_gmt":"2026-02-10T10:51:56","slug":"670069-ketjulaukku","status":"publish","type":"product","link":"https:\/\/today.fi\/?product=670069-ketjulaukku","title":{"rendered":"670069 Ketjulaukku"},"content":{"rendered":"<p>Olkalaukku kauniilla kullanv\u00e4risell\u00e4 ketjuhihnalla.<\/p>\n<p>Materiaali: Pehme\u00e4 keinomateriaali.<\/p>\n<p>Vuoritus: Tekstiili<\/p>\n<p>Vetoketju laukun sulkijana.<\/p>\n<p>Ketjuhihnaa voi s\u00e4\u00e4t\u00e4\u00e4 olkahihnaksi my\u00f6s.<\/p>\n<p>Korkeus: 15cm<\/p>\n<p>Leveys: 26cm<\/p>\n","protected":false},"excerpt":{"rendered":"<p>Olkalaukku kauniilla kullanv\u00e4risell\u00e4 ketjuhihnalla. Materiaali: Pehme\u00e4 keinomateriaali. Vuoritus: Tekstiili Vetoketju laukun sulkijana. Ketjuhihnaa voi s\u00e4\u00e4t\u00e4\u00e4 olkahihnaksi my\u00f6s. Korkeus: 15cm Leveys: 26cm<\/p>\n","protected":false},"featured_media":2401,"comment_status":"closed","ping_status":"closed","template":"","meta":{"_et_pb_use_builder":"","_et_pb_old_content":"","_et_gb_content_width":""},"product_brand":[],"product_cat":[17],"product_tag":[],"class_list":{"0":"post-2378","1":"product","2":"type-product","3":"status-publish","4":"has-post-thumbnail","6":"product_cat-laukut","8":"first","9":"instock","10":"taxable","11":"shipping-taxable","12":"purchasable","13":"product-type-variable"},"jetpack_sharing_enabled":true,"_links":{"self":[{"href":"https:\/\/today.fi\/index.php?rest_route=\/wp\/v2\/product\/2378","targetHints":{"allow":["GET"]}}],"collection":[{"href":"https:\/\/today.fi\/index.php?rest_route=\/wp\/v2\/product"}],"about":[{"href":"https:\/\/today.fi\/index.php?rest_route=\/wp\/v2\/types\/product"}],"replies":[{"embeddable":true,"href":"https:\/\/today.fi\/index.php?rest_route=%2Fwp%2Fv2%2Fcomments&post=2378"}],"wp:featuredmedia":[{"embeddable":true,"href":"https:\/\/today.fi\/index.php?rest_route=\/wp\/v2\/media\/2401"}],"wp:attachment":[{"href":"https:\/\/today.fi\/index.php?rest_route=%2Fwp%2Fv2%2Fmedia&parent=2378"}],"wp:term":[{"taxonomy":"product_brand","embeddable":true,"href":"https:\/\/today.fi\/index.php?rest_route=%2Fwp%2Fv2%2Fproduct_brand&post=2378"},{"taxonomy":"product_cat","embeddable":true,"href":"https:\/\/today.fi\/index.php?rest_route=%2Fwp%2Fv2%2Fproduct_cat&post=2378"},{"taxonomy":"product_tag","embeddable":true,"href":"https:\/\/today.fi\/index.php?rest_route=%2Fwp%2Fv2%2Fproduct_tag&post=2378"}],"curies":[{"name":"wp","href":"https:\/\/api.w.org\/{rel}","templated":true}]}}