{"id":2382,"date":"2026-02-06T13:39:10","date_gmt":"2026-02-06T11:39:10","guid":{"rendered":"https:\/\/today.fi\/?post_type=product&#038;p=2382"},"modified":"2026-04-02T15:23:16","modified_gmt":"2026-04-02T13:23:16","slug":"77173-kukkafarkku","status":"publish","type":"product","link":"https:\/\/today.fi\/?product=77173-kukkafarkku","title":{"rendered":"77173 Kukkafarkku"},"content":{"rendered":"<p>70% cotton, 28%polyester, 2%elastaani.<\/p>\n<p>Korkea vy\u00f6t\u00e4r\u00f6. Hyv\u00e4 istuvuus.<\/p>\n<p>Suora lahje.<\/p>\n<p>Ihanat kukkakuviot.<\/p>\n<p>XS\/34 : Vy\u00f6t\u00e4r\u00f6 venytt\u00e4m\u00e4tt\u00e4 68\/venytettyn\u00e4 73cm. Lantio venytettyn\u00e4 90cm. Lahkeen sis\u00e4mitta 75cm.<\/p>\n<p>S\/36: Vy\u00f6t\u00e4r\u00f6 venytt\u00e4m\u00e4tt\u00e4 74cm\/venytettyn\u00e4 79cm. Lantio venytettyn\u00e4 98cm. Lahkeen sis\u00e4mitta 76cm.<\/p>\n<p>M\/38: Vy\u00f6t\u00e4r\u00f6 venytt\u00e4m\u00e4tt\u00e4 77cm\/venytettyn\u00e4 82cm. Lantio venytettyn\u00e4 102cm. Lahkeen sis\u00e4mitta 77cm.<\/p>\n<p>L\/40: Vy\u00f6t\u00e4r\u00f6 venytt\u00e4m\u00e4tt\u00e4 80cm\/venytettyn\u00e4 787cm. Lantio venytettyn\u00e4 108cm. Lahkeen sis\u00e4mitta 77cm.<\/p>\n<p>XL\/42: Vy\u00f6t\u00e4r\u00f6 venytt\u00e4m\u00e4tt\u00e4 85cm\/venytettyn\u00e4 92cm. Lantio venytettyn\u00e4 112cm. Lahkeen sis\u00e4mitta 78cm.<\/p>\n","protected":false},"excerpt":{"rendered":"<p>70% cotton, 28%polyester, 2%elastaani. Korkea vy\u00f6t\u00e4r\u00f6. Hyv\u00e4 istuvuus. Suora lahje. Ihanat kukkakuviot. XS\/34 : Vy\u00f6t\u00e4r\u00f6 venytt\u00e4m\u00e4tt\u00e4 68\/venytettyn\u00e4 73cm. Lantio venytettyn\u00e4 90cm. Lahkeen sis\u00e4mitta 75cm. S\/36: Vy\u00f6t\u00e4r\u00f6 venytt\u00e4m\u00e4tt\u00e4 74cm\/venytettyn\u00e4 79cm. Lantio venytettyn\u00e4 98cm. Lahkeen sis\u00e4mitta 76cm. M\/38: Vy\u00f6t\u00e4r\u00f6 venytt\u00e4m\u00e4tt\u00e4 77cm\/venytettyn\u00e4 82cm. Lantio venytettyn\u00e4 102cm. Lahkeen sis\u00e4mitta 77cm. L\/40: Vy\u00f6t\u00e4r\u00f6 venytt\u00e4m\u00e4tt\u00e4 80cm\/venytettyn\u00e4 787cm. Lantio venytettyn\u00e4 108cm. Lahkeen [&hellip;]<\/p>\n","protected":false},"featured_media":2404,"comment_status":"closed","ping_status":"closed","template":"","meta":{"_et_pb_use_builder":"","_et_pb_old_content":"","_et_gb_content_width":""},"product_brand":[],"product_cat":[40],"product_tag":[],"class_list":{"0":"post-2382","1":"product","2":"type-product","3":"status-publish","4":"has-post-thumbnail","6":"product_cat-farkut","8":"first","9":"instock","10":"taxable","11":"shipping-taxable","12":"purchasable","13":"product-type-variable"},"jetpack_sharing_enabled":true,"_links":{"self":[{"href":"https:\/\/today.fi\/index.php?rest_route=\/wp\/v2\/product\/2382","targetHints":{"allow":["GET"]}}],"collection":[{"href":"https:\/\/today.fi\/index.php?rest_route=\/wp\/v2\/product"}],"about":[{"href":"https:\/\/today.fi\/index.php?rest_route=\/wp\/v2\/types\/product"}],"replies":[{"embeddable":true,"href":"https:\/\/today.fi\/index.php?rest_route=%2Fwp%2Fv2%2Fcomments&post=2382"}],"wp:featuredmedia":[{"embeddable":true,"href":"https:\/\/today.fi\/index.php?rest_route=\/wp\/v2\/media\/2404"}],"wp:attachment":[{"href":"https:\/\/today.fi\/index.php?rest_route=%2Fwp%2Fv2%2Fmedia&parent=2382"}],"wp:term":[{"taxonomy":"product_brand","embeddable":true,"href":"https:\/\/today.fi\/index.php?rest_route=%2Fwp%2Fv2%2Fproduct_brand&post=2382"},{"taxonomy":"product_cat","embeddable":true,"href":"https:\/\/today.fi\/index.php?rest_route=%2Fwp%2Fv2%2Fproduct_cat&post=2382"},{"taxonomy":"product_tag","embeddable":true,"href":"https:\/\/today.fi\/index.php?rest_route=%2Fwp%2Fv2%2Fproduct_tag&post=2382"}],"curies":[{"name":"wp","href":"https:\/\/api.w.org\/{rel}","templated":true}]}}