{"id":283,"date":"2025-05-29T19:48:12","date_gmt":"2025-05-29T17:48:12","guid":{"rendered":"https:\/\/today.fi\/?post_type=product&#038;p=283"},"modified":"2026-03-25T14:18:54","modified_gmt":"2026-03-25T12:18:54","slug":"t68533-nalle-laukku","status":"publish","type":"product","link":"https:\/\/today.fi\/?product=t68533-nalle-laukku","title":{"rendered":"T68533 Nalle-laukku"},"content":{"rendered":"<p>Pinta: Keinomateriaali<\/p>\n<p>Vuori: Tekstiili<\/p>\n<p>Hihna: Osittain kullanv\u00e4rinen ketju. Mukana my\u00f6s irrotettava, s\u00e4\u00e4dett\u00e4v\u00e4 pitk\u00e4 hihna.<\/p>\n<p>Leveys 40cm. Korkeus 32cm.<\/p>\n<p>Laukku johon mahtuu kaikki tarpeellinen.<\/p>\n","protected":false},"excerpt":{"rendered":"<p>Pinta: Keinomateriaali Vuori: Tekstiili Hihna: Osittain kullanv\u00e4rinen ketju. Mukana my\u00f6s irrotettava, s\u00e4\u00e4dett\u00e4v\u00e4 pitk\u00e4 hihna. Leveys 40cm. Korkeus 32cm. Laukku johon mahtuu kaikki tarpeellinen.<\/p>\n","protected":false},"featured_media":348,"comment_status":"open","ping_status":"closed","template":"","meta":{"_et_pb_use_builder":"","_et_pb_old_content":"","_et_gb_content_width":""},"product_brand":[],"product_cat":[17],"product_tag":[],"class_list":{"0":"post-283","1":"product","2":"type-product","3":"status-publish","4":"has-post-thumbnail","6":"product_cat-laukut","8":"first","9":"instock","10":"taxable","11":"shipping-taxable","12":"purchasable","13":"product-type-variable"},"jetpack_sharing_enabled":true,"_links":{"self":[{"href":"https:\/\/today.fi\/index.php?rest_route=\/wp\/v2\/product\/283","targetHints":{"allow":["GET"]}}],"collection":[{"href":"https:\/\/today.fi\/index.php?rest_route=\/wp\/v2\/product"}],"about":[{"href":"https:\/\/today.fi\/index.php?rest_route=\/wp\/v2\/types\/product"}],"replies":[{"embeddable":true,"href":"https:\/\/today.fi\/index.php?rest_route=%2Fwp%2Fv2%2Fcomments&post=283"}],"wp:featuredmedia":[{"embeddable":true,"href":"https:\/\/today.fi\/index.php?rest_route=\/wp\/v2\/media\/348"}],"wp:attachment":[{"href":"https:\/\/today.fi\/index.php?rest_route=%2Fwp%2Fv2%2Fmedia&parent=283"}],"wp:term":[{"taxonomy":"product_brand","embeddable":true,"href":"https:\/\/today.fi\/index.php?rest_route=%2Fwp%2Fv2%2Fproduct_brand&post=283"},{"taxonomy":"product_cat","embeddable":true,"href":"https:\/\/today.fi\/index.php?rest_route=%2Fwp%2Fv2%2Fproduct_cat&post=283"},{"taxonomy":"product_tag","embeddable":true,"href":"https:\/\/today.fi\/index.php?rest_route=%2Fwp%2Fv2%2Fproduct_tag&post=283"}],"curies":[{"name":"wp","href":"https:\/\/api.w.org\/{rel}","templated":true}]}}