{"id":395,"date":"2025-05-29T20:14:30","date_gmt":"2025-05-29T18:14:30","guid":{"rendered":"https:\/\/today.fi\/?post_type=product&#038;p=395"},"modified":"2025-08-28T14:41:11","modified_gmt":"2025-08-28T12:41:11","slug":"leo-patellavyo","status":"publish","type":"product","link":"https:\/\/today.fi\/?product=leo-patellavyo","title":{"rendered":"Leo-patellavy\u00f6"},"content":{"rendered":"<p>N\u00e4ytt\u00e4v\u00e4 patellavy\u00f6 el\u00e4inkuosilla.<\/p>\n<p>Vy\u00f6n leveys 6cm.<\/p>\n<p>Vy\u00f6n mitta venytt\u00e4m\u00e4tt\u00e4 70cm.<\/p>\n<p>Vy\u00f6n mitta venytettyn\u00e4 112cm.<\/p>\n<p>&nbsp;<\/p>\n","protected":false},"excerpt":{"rendered":"<p>N\u00e4ytt\u00e4v\u00e4 patellavy\u00f6 el\u00e4inkuosilla. Vy\u00f6n leveys 6cm. Vy\u00f6n mitta venytt\u00e4m\u00e4tt\u00e4 70cm. Vy\u00f6n mitta venytettyn\u00e4 112cm. &nbsp;<\/p>\n","protected":false},"featured_media":373,"comment_status":"open","ping_status":"closed","template":"","meta":{"_et_pb_use_builder":"","_et_pb_old_content":"","_et_gb_content_width":""},"product_brand":[],"product_cat":[18,37],"product_tag":[],"class_list":{"0":"post-395","1":"product","2":"type-product","3":"status-publish","4":"has-post-thumbnail","6":"product_cat-asusteet","7":"product_cat-vyot","9":"first","10":"instock","11":"taxable","12":"shipping-taxable","13":"purchasable","14":"product-type-variable"},"jetpack_sharing_enabled":true,"_links":{"self":[{"href":"https:\/\/today.fi\/index.php?rest_route=\/wp\/v2\/product\/395","targetHints":{"allow":["GET"]}}],"collection":[{"href":"https:\/\/today.fi\/index.php?rest_route=\/wp\/v2\/product"}],"about":[{"href":"https:\/\/today.fi\/index.php?rest_route=\/wp\/v2\/types\/product"}],"replies":[{"embeddable":true,"href":"https:\/\/today.fi\/index.php?rest_route=%2Fwp%2Fv2%2Fcomments&post=395"}],"wp:featuredmedia":[{"embeddable":true,"href":"https:\/\/today.fi\/index.php?rest_route=\/wp\/v2\/media\/373"}],"wp:attachment":[{"href":"https:\/\/today.fi\/index.php?rest_route=%2Fwp%2Fv2%2Fmedia&parent=395"}],"wp:term":[{"taxonomy":"product_brand","embeddable":true,"href":"https:\/\/today.fi\/index.php?rest_route=%2Fwp%2Fv2%2Fproduct_brand&post=395"},{"taxonomy":"product_cat","embeddable":true,"href":"https:\/\/today.fi\/index.php?rest_route=%2Fwp%2Fv2%2Fproduct_cat&post=395"},{"taxonomy":"product_tag","embeddable":true,"href":"https:\/\/today.fi\/index.php?rest_route=%2Fwp%2Fv2%2Fproduct_tag&post=395"}],"curies":[{"name":"wp","href":"https:\/\/api.w.org\/{rel}","templated":true}]}}