{"id":398,"date":"2025-05-29T20:31:10","date_gmt":"2025-05-29T18:31:10","guid":{"rendered":"https:\/\/today.fi\/?post_type=product&#038;p=398"},"modified":"2025-07-23T13:57:01","modified_gmt":"2025-07-23T11:57:01","slug":"bling-vyo-patella","status":"publish","type":"product","link":"https:\/\/today.fi\/?product=bling-vyo-patella","title":{"rendered":"Bling-vy\u00f6 patella"},"content":{"rendered":"<p>Kaunis solki hakas-kiinnityksell\u00e4.<\/p>\n<p>Hyv\u00e4 venyke.<\/p>\n<p>Vy\u00f6n leveys 6cm.<\/p>\n<p>Vy\u00f6n mitta venytt\u00e4m\u00e4tt\u00e4 70cm. Vy\u00f6n mitta venytettyn\u00e4 112cm.<\/p>\n","protected":false},"excerpt":{"rendered":"<p>Kaunis solki hakas-kiinnityksell\u00e4. Hyv\u00e4 venyke. Vy\u00f6n leveys 6cm. Vy\u00f6n mitta venytt\u00e4m\u00e4tt\u00e4 70cm. Vy\u00f6n mitta venytettyn\u00e4 112cm.<\/p>\n","protected":false},"featured_media":369,"comment_status":"open","ping_status":"closed","template":"","meta":{"_et_pb_use_builder":"","_et_pb_old_content":"","_et_gb_content_width":""},"product_brand":[],"product_cat":[18,37],"product_tag":[],"class_list":{"0":"post-398","1":"product","2":"type-product","3":"status-publish","4":"has-post-thumbnail","6":"product_cat-asusteet","7":"product_cat-vyot","9":"first","10":"instock","11":"taxable","12":"shipping-taxable","13":"purchasable","14":"product-type-variable"},"jetpack_sharing_enabled":true,"_links":{"self":[{"href":"https:\/\/today.fi\/index.php?rest_route=\/wp\/v2\/product\/398","targetHints":{"allow":["GET"]}}],"collection":[{"href":"https:\/\/today.fi\/index.php?rest_route=\/wp\/v2\/product"}],"about":[{"href":"https:\/\/today.fi\/index.php?rest_route=\/wp\/v2\/types\/product"}],"replies":[{"embeddable":true,"href":"https:\/\/today.fi\/index.php?rest_route=%2Fwp%2Fv2%2Fcomments&post=398"}],"wp:featuredmedia":[{"embeddable":true,"href":"https:\/\/today.fi\/index.php?rest_route=\/wp\/v2\/media\/369"}],"wp:attachment":[{"href":"https:\/\/today.fi\/index.php?rest_route=%2Fwp%2Fv2%2Fmedia&parent=398"}],"wp:term":[{"taxonomy":"product_brand","embeddable":true,"href":"https:\/\/today.fi\/index.php?rest_route=%2Fwp%2Fv2%2Fproduct_brand&post=398"},{"taxonomy":"product_cat","embeddable":true,"href":"https:\/\/today.fi\/index.php?rest_route=%2Fwp%2Fv2%2Fproduct_cat&post=398"},{"taxonomy":"product_tag","embeddable":true,"href":"https:\/\/today.fi\/index.php?rest_route=%2Fwp%2Fv2%2Fproduct_tag&post=398"}],"curies":[{"name":"wp","href":"https:\/\/api.w.org\/{rel}","templated":true}]}}