{"id":476,"date":"2025-06-02T11:52:31","date_gmt":"2025-06-02T09:52:31","guid":{"rendered":"https:\/\/today.fi\/?post_type=product&#038;p=476"},"modified":"2026-03-28T10:40:23","modified_gmt":"2026-03-28T08:40:23","slug":"musta-sydantossu","status":"publish","type":"product","link":"https:\/\/today.fi\/?product=musta-sydantossu","title":{"rendered":"Musta Syd\u00e4ntossu"},"content":{"rendered":"<p>Pinta: Nupukkimainen keinomateriaali.<\/p>\n<p>Pohja: TR-kumipohja.<\/p>\n<p>Irrotettava muotoiltu sis\u00e4pohjallinen.<\/p>\n<p>Kullanv\u00e4riset koristeet.<\/p>\n<p>Tukeva pohja. Kevyt kenk\u00e4.<\/p>\n","protected":false},"excerpt":{"rendered":"<p>Pinta: Nupukkimainen keinomateriaali. Pohja: TR-kumipohja. Irrotettava muotoiltu sis\u00e4pohjallinen. Kullanv\u00e4riset koristeet. Tukeva pohja. Kevyt kenk\u00e4.<\/p>\n","protected":false},"featured_media":425,"comment_status":"open","ping_status":"closed","template":"","meta":{"_et_pb_use_builder":"","_et_pb_old_content":"","_et_gb_content_width":""},"product_brand":[],"product_cat":[23],"product_tag":[],"class_list":{"0":"post-476","1":"product","2":"type-product","3":"status-publish","4":"has-post-thumbnail","6":"product_cat-kengat","8":"first","9":"instock","10":"taxable","11":"shipping-taxable","12":"purchasable","13":"product-type-variable"},"jetpack_sharing_enabled":true,"_links":{"self":[{"href":"https:\/\/today.fi\/index.php?rest_route=\/wp\/v2\/product\/476","targetHints":{"allow":["GET"]}}],"collection":[{"href":"https:\/\/today.fi\/index.php?rest_route=\/wp\/v2\/product"}],"about":[{"href":"https:\/\/today.fi\/index.php?rest_route=\/wp\/v2\/types\/product"}],"replies":[{"embeddable":true,"href":"https:\/\/today.fi\/index.php?rest_route=%2Fwp%2Fv2%2Fcomments&post=476"}],"wp:featuredmedia":[{"embeddable":true,"href":"https:\/\/today.fi\/index.php?rest_route=\/wp\/v2\/media\/425"}],"wp:attachment":[{"href":"https:\/\/today.fi\/index.php?rest_route=%2Fwp%2Fv2%2Fmedia&parent=476"}],"wp:term":[{"taxonomy":"product_brand","embeddable":true,"href":"https:\/\/today.fi\/index.php?rest_route=%2Fwp%2Fv2%2Fproduct_brand&post=476"},{"taxonomy":"product_cat","embeddable":true,"href":"https:\/\/today.fi\/index.php?rest_route=%2Fwp%2Fv2%2Fproduct_cat&post=476"},{"taxonomy":"product_tag","embeddable":true,"href":"https:\/\/today.fi\/index.php?rest_route=%2Fwp%2Fv2%2Fproduct_tag&post=476"}],"curies":[{"name":"wp","href":"https:\/\/api.w.org\/{rel}","templated":true}]}}