{"id":490,"date":"2025-06-02T21:08:08","date_gmt":"2025-06-02T19:08:08","guid":{"rendered":"https:\/\/today.fi\/?post_type=product&#038;p=490"},"modified":"2026-03-25T14:13:14","modified_gmt":"2026-03-25T12:13:14","slug":"xb-2421-olkalaukku","status":"publish","type":"product","link":"https:\/\/today.fi\/?product=xb-2421-olkalaukku","title":{"rendered":"XB-2421 Olkalaukku"},"content":{"rendered":"<p>Pinta: Keinomateriaali<\/p>\n<p>Vuori: Tekstiili<\/p>\n<p>Leve\u00e4 tekstiilihihna, jossa teksti\u00e4. S\u00e4\u00e4dett\u00e4v\u00e4.<\/p>\n<p>Paljon taskuja<\/p>\n<p>Leveys: 28cm<\/p>\n<p>Korkeus: 26cm<\/p>\n","protected":false},"excerpt":{"rendered":"<p>Pinta: Keinomateriaali Vuori: Tekstiili Leve\u00e4 tekstiilihihna, jossa teksti\u00e4. S\u00e4\u00e4dett\u00e4v\u00e4. Paljon taskuja Leveys: 28cm Korkeus: 26cm<\/p>\n","protected":false},"featured_media":352,"comment_status":"open","ping_status":"closed","template":"","meta":{"_et_pb_use_builder":"","_et_pb_old_content":"","_et_gb_content_width":""},"product_brand":[],"product_cat":[17],"product_tag":[],"class_list":{"0":"post-490","1":"product","2":"type-product","3":"status-publish","4":"has-post-thumbnail","6":"product_cat-laukut","8":"first","9":"instock","10":"taxable","11":"shipping-taxable","12":"purchasable","13":"product-type-variable"},"jetpack_sharing_enabled":true,"_links":{"self":[{"href":"https:\/\/today.fi\/index.php?rest_route=\/wp\/v2\/product\/490","targetHints":{"allow":["GET"]}}],"collection":[{"href":"https:\/\/today.fi\/index.php?rest_route=\/wp\/v2\/product"}],"about":[{"href":"https:\/\/today.fi\/index.php?rest_route=\/wp\/v2\/types\/product"}],"replies":[{"embeddable":true,"href":"https:\/\/today.fi\/index.php?rest_route=%2Fwp%2Fv2%2Fcomments&post=490"}],"wp:featuredmedia":[{"embeddable":true,"href":"https:\/\/today.fi\/index.php?rest_route=\/wp\/v2\/media\/352"}],"wp:attachment":[{"href":"https:\/\/today.fi\/index.php?rest_route=%2Fwp%2Fv2%2Fmedia&parent=490"}],"wp:term":[{"taxonomy":"product_brand","embeddable":true,"href":"https:\/\/today.fi\/index.php?rest_route=%2Fwp%2Fv2%2Fproduct_brand&post=490"},{"taxonomy":"product_cat","embeddable":true,"href":"https:\/\/today.fi\/index.php?rest_route=%2Fwp%2Fv2%2Fproduct_cat&post=490"},{"taxonomy":"product_tag","embeddable":true,"href":"https:\/\/today.fi\/index.php?rest_route=%2Fwp%2Fv2%2Fproduct_tag&post=490"}],"curies":[{"name":"wp","href":"https:\/\/api.w.org\/{rel}","templated":true}]}}