{"id":495,"date":"2025-06-02T21:15:24","date_gmt":"2025-06-02T19:15:24","guid":{"rendered":"https:\/\/today.fi\/?post_type=product&#038;p=495"},"modified":"2025-07-19T10:53:36","modified_gmt":"2025-07-19T08:53:36","slug":"t68862-ketjulaukku","status":"publish","type":"product","link":"https:\/\/today.fi\/?product=t68862-ketjulaukku","title":{"rendered":"T68862 Ketjulaukku"},"content":{"rendered":"<p>Pinta: Keinomateriaali<\/p>\n<p>Vuori: Tekstiili<\/p>\n<p>Hihna: Ketju jota voi s\u00e4\u00e4t\u00e4\u00e4.<\/p>\n<p>Kaunis tikattu materiaali<\/p>\n<p>Leveys:26cm<\/p>\n<p>Korkeus: 20cm<\/p>\n","protected":false},"excerpt":{"rendered":"<p>Pinta: Keinomateriaali Vuori: Tekstiili Hihna: Ketju jota voi s\u00e4\u00e4t\u00e4\u00e4. Kaunis tikattu materiaali Leveys:26cm Korkeus: 20cm<\/p>\n","protected":false},"featured_media":356,"comment_status":"open","ping_status":"closed","template":"","meta":{"_et_pb_use_builder":"","_et_pb_old_content":"","_et_gb_content_width":""},"product_brand":[],"product_cat":[17],"product_tag":[],"class_list":{"0":"post-495","1":"product","2":"type-product","3":"status-publish","4":"has-post-thumbnail","6":"product_cat-laukut","8":"first","9":"instock","10":"taxable","11":"shipping-taxable","12":"purchasable","13":"product-type-variable"},"jetpack_sharing_enabled":true,"_links":{"self":[{"href":"https:\/\/today.fi\/index.php?rest_route=\/wp\/v2\/product\/495","targetHints":{"allow":["GET"]}}],"collection":[{"href":"https:\/\/today.fi\/index.php?rest_route=\/wp\/v2\/product"}],"about":[{"href":"https:\/\/today.fi\/index.php?rest_route=\/wp\/v2\/types\/product"}],"replies":[{"embeddable":true,"href":"https:\/\/today.fi\/index.php?rest_route=%2Fwp%2Fv2%2Fcomments&post=495"}],"wp:featuredmedia":[{"embeddable":true,"href":"https:\/\/today.fi\/index.php?rest_route=\/wp\/v2\/media\/356"}],"wp:attachment":[{"href":"https:\/\/today.fi\/index.php?rest_route=%2Fwp%2Fv2%2Fmedia&parent=495"}],"wp:term":[{"taxonomy":"product_brand","embeddable":true,"href":"https:\/\/today.fi\/index.php?rest_route=%2Fwp%2Fv2%2Fproduct_brand&post=495"},{"taxonomy":"product_cat","embeddable":true,"href":"https:\/\/today.fi\/index.php?rest_route=%2Fwp%2Fv2%2Fproduct_cat&post=495"},{"taxonomy":"product_tag","embeddable":true,"href":"https:\/\/today.fi\/index.php?rest_route=%2Fwp%2Fv2%2Fproduct_tag&post=495"}],"curies":[{"name":"wp","href":"https:\/\/api.w.org\/{rel}","templated":true}]}}