{"id":511,"date":"2025-06-02T21:44:36","date_gmt":"2025-06-02T19:44:36","guid":{"rendered":"https:\/\/today.fi\/?post_type=product&#038;p=511"},"modified":"2026-04-02T13:12:20","modified_gmt":"2026-04-02T11:12:20","slug":"6830-leo-mekko","status":"publish","type":"product","link":"https:\/\/today.fi\/?product=6830-leo-mekko","title":{"rendered":"6830 Leo Mekko"},"content":{"rendered":"<p>100% Puuvilla.<\/p>\n<p>Valenapitus edess\u00e4.<\/p>\n<p>Kuminauha vy\u00f6t\u00e4r\u00f6ll\u00e4\/ Rintojen alla.<\/p>\n<p>Perhoshiha.<\/p>\n<p>Mielytt\u00e4v\u00e4 laskeutuva materiaali.<\/p>\n","protected":false},"excerpt":{"rendered":"<p>100% Puuvilla. Valenapitus edess\u00e4. Kuminauha vy\u00f6t\u00e4r\u00f6ll\u00e4\/ Rintojen alla. Perhoshiha. Mielytt\u00e4v\u00e4 laskeutuva materiaali.<\/p>\n","protected":false},"featured_media":438,"comment_status":"open","ping_status":"closed","template":"","meta":{"_et_pb_use_builder":"","_et_pb_old_content":"","_et_gb_content_width":""},"product_brand":[],"product_cat":[25],"product_tag":[],"class_list":{"0":"post-511","1":"product","2":"type-product","3":"status-publish","4":"has-post-thumbnail","6":"product_cat-mekot","8":"first","9":"outofstock","10":"taxable","11":"shipping-taxable","12":"purchasable","13":"product-type-variable"},"jetpack_sharing_enabled":true,"_links":{"self":[{"href":"https:\/\/today.fi\/index.php?rest_route=\/wp\/v2\/product\/511","targetHints":{"allow":["GET"]}}],"collection":[{"href":"https:\/\/today.fi\/index.php?rest_route=\/wp\/v2\/product"}],"about":[{"href":"https:\/\/today.fi\/index.php?rest_route=\/wp\/v2\/types\/product"}],"replies":[{"embeddable":true,"href":"https:\/\/today.fi\/index.php?rest_route=%2Fwp%2Fv2%2Fcomments&post=511"}],"wp:featuredmedia":[{"embeddable":true,"href":"https:\/\/today.fi\/index.php?rest_route=\/wp\/v2\/media\/438"}],"wp:attachment":[{"href":"https:\/\/today.fi\/index.php?rest_route=%2Fwp%2Fv2%2Fmedia&parent=511"}],"wp:term":[{"taxonomy":"product_brand","embeddable":true,"href":"https:\/\/today.fi\/index.php?rest_route=%2Fwp%2Fv2%2Fproduct_brand&post=511"},{"taxonomy":"product_cat","embeddable":true,"href":"https:\/\/today.fi\/index.php?rest_route=%2Fwp%2Fv2%2Fproduct_cat&post=511"},{"taxonomy":"product_tag","embeddable":true,"href":"https:\/\/today.fi\/index.php?rest_route=%2Fwp%2Fv2%2Fproduct_tag&post=511"}],"curies":[{"name":"wp","href":"https:\/\/api.w.org\/{rel}","templated":true}]}}