{"id":519,"date":"2025-06-02T21:51:36","date_gmt":"2025-06-02T19:51:36","guid":{"rendered":"https:\/\/today.fi\/?post_type=product&#038;p=519"},"modified":"2026-02-24T11:41:07","modified_gmt":"2026-02-24T09:41:07","slug":"806-ohut-patellavyo","status":"publish","type":"product","link":"https:\/\/today.fi\/?product=806-ohut-patellavyo","title":{"rendered":"806 Ohut patellavy\u00f6"},"content":{"rendered":"<p>Monik\u00e4ytt\u00f6inen ohuempi patellavy\u00f6.<\/p>\n<p>Leveys 3cm.<\/p>\n<p>Hakassolki kullanv\u00e4rinen.<\/p>\n<p>Venytt\u00e4m\u00e4tt\u00e4 70cm.<\/p>\n<p>Venytettyn\u00e4 112cm.<\/p>\n","protected":false},"excerpt":{"rendered":"<p>Monik\u00e4ytt\u00f6inen ohuempi patellavy\u00f6. Leveys 3cm. Hakassolki kullanv\u00e4rinen. Venytt\u00e4m\u00e4tt\u00e4 70cm. Venytettyn\u00e4 112cm.<\/p>\n","protected":false},"featured_media":376,"comment_status":"open","ping_status":"closed","template":"","meta":{"_et_pb_use_builder":"","_et_pb_old_content":"","_et_gb_content_width":""},"product_brand":[],"product_cat":[18,37],"product_tag":[],"class_list":{"0":"post-519","1":"product","2":"type-product","3":"status-publish","4":"has-post-thumbnail","6":"product_cat-asusteet","7":"product_cat-vyot","9":"first","10":"instock","11":"taxable","12":"shipping-taxable","13":"purchasable","14":"product-type-variable"},"jetpack_sharing_enabled":true,"_links":{"self":[{"href":"https:\/\/today.fi\/index.php?rest_route=\/wp\/v2\/product\/519","targetHints":{"allow":["GET"]}}],"collection":[{"href":"https:\/\/today.fi\/index.php?rest_route=\/wp\/v2\/product"}],"about":[{"href":"https:\/\/today.fi\/index.php?rest_route=\/wp\/v2\/types\/product"}],"replies":[{"embeddable":true,"href":"https:\/\/today.fi\/index.php?rest_route=%2Fwp%2Fv2%2Fcomments&post=519"}],"wp:featuredmedia":[{"embeddable":true,"href":"https:\/\/today.fi\/index.php?rest_route=\/wp\/v2\/media\/376"}],"wp:attachment":[{"href":"https:\/\/today.fi\/index.php?rest_route=%2Fwp%2Fv2%2Fmedia&parent=519"}],"wp:term":[{"taxonomy":"product_brand","embeddable":true,"href":"https:\/\/today.fi\/index.php?rest_route=%2Fwp%2Fv2%2Fproduct_brand&post=519"},{"taxonomy":"product_cat","embeddable":true,"href":"https:\/\/today.fi\/index.php?rest_route=%2Fwp%2Fv2%2Fproduct_cat&post=519"},{"taxonomy":"product_tag","embeddable":true,"href":"https:\/\/today.fi\/index.php?rest_route=%2Fwp%2Fv2%2Fproduct_tag&post=519"}],"curies":[{"name":"wp","href":"https:\/\/api.w.org\/{rel}","templated":true}]}}