{"id":556,"date":"2025-06-03T14:34:41","date_gmt":"2025-06-03T12:34:41","guid":{"rendered":"https:\/\/today.fi\/?post_type=product&#038;p=556"},"modified":"2025-08-06T14:33:03","modified_gmt":"2025-08-06T12:33:03","slug":"0301-pitka-kukkamekko","status":"publish","type":"product","link":"https:\/\/today.fi\/?product=0301-pitka-kukkamekko","title":{"rendered":"0301 Pitk\u00e4 kukkamekko"},"content":{"rendered":"<p>90% viskoosi, 10%rayon.<\/p>\n<p>Edess\u00e4 nappilista vy\u00f6t\u00e4r\u00f6lle.<\/p>\n<p>Lyhyet hihat.<\/p>\n<p>M\/L Kai-kai 55cm. Olka-helma 140cm.<\/p>\n<p>XL\/XXL Kai-kai 58cm. Olka-helma 140cm.<\/p>\n","protected":false},"excerpt":{"rendered":"<p>90% viskoosi, 10%rayon. Edess\u00e4 nappilista vy\u00f6t\u00e4r\u00f6lle. Lyhyet hihat. M\/L Kai-kai 55cm. Olka-helma 140cm. XL\/XXL Kai-kai 58cm. Olka-helma 140cm.<\/p>\n","protected":false},"featured_media":384,"comment_status":"open","ping_status":"closed","template":"","meta":{"_et_pb_use_builder":"","_et_pb_old_content":"","_et_gb_content_width":""},"product_brand":[],"product_cat":[25],"product_tag":[],"class_list":{"0":"post-556","1":"product","2":"type-product","3":"status-publish","4":"has-post-thumbnail","6":"product_cat-mekot","8":"first","9":"instock","10":"taxable","11":"shipping-taxable","12":"purchasable","13":"product-type-variable"},"jetpack_sharing_enabled":true,"_links":{"self":[{"href":"https:\/\/today.fi\/index.php?rest_route=\/wp\/v2\/product\/556","targetHints":{"allow":["GET"]}}],"collection":[{"href":"https:\/\/today.fi\/index.php?rest_route=\/wp\/v2\/product"}],"about":[{"href":"https:\/\/today.fi\/index.php?rest_route=\/wp\/v2\/types\/product"}],"replies":[{"embeddable":true,"href":"https:\/\/today.fi\/index.php?rest_route=%2Fwp%2Fv2%2Fcomments&post=556"}],"wp:featuredmedia":[{"embeddable":true,"href":"https:\/\/today.fi\/index.php?rest_route=\/wp\/v2\/media\/384"}],"wp:attachment":[{"href":"https:\/\/today.fi\/index.php?rest_route=%2Fwp%2Fv2%2Fmedia&parent=556"}],"wp:term":[{"taxonomy":"product_brand","embeddable":true,"href":"https:\/\/today.fi\/index.php?rest_route=%2Fwp%2Fv2%2Fproduct_brand&post=556"},{"taxonomy":"product_cat","embeddable":true,"href":"https:\/\/today.fi\/index.php?rest_route=%2Fwp%2Fv2%2Fproduct_cat&post=556"},{"taxonomy":"product_tag","embeddable":true,"href":"https:\/\/today.fi\/index.php?rest_route=%2Fwp%2Fv2%2Fproduct_tag&post=556"}],"curies":[{"name":"wp","href":"https:\/\/api.w.org\/{rel}","templated":true}]}}