{"id":566,"date":"2025-06-03T19:25:36","date_gmt":"2025-06-03T17:25:36","guid":{"rendered":"https:\/\/today.fi\/?post_type=product&#038;p=566"},"modified":"2025-06-03T19:25:36","modified_gmt":"2025-06-03T17:25:36","slug":"02026-kimallehame","status":"publish","type":"product","link":"https:\/\/today.fi\/?product=02026-kimallehame","title":{"rendered":"02026 Kimallehame"},"content":{"rendered":"<p>100% polyester.<\/p>\n<p>Onesize (36-42).<\/p>\n<p>Kuminauha vy\u00f6t\u00e4r\u00f6.<\/p>\n<p>Alushame kiinnitettyn\u00e4.<\/p>\n<p>Kaunis kimalle.<\/p>\n<p>Vy\u00f6t\u00e4r\u00f6 venytt\u00e4m\u00e4tt\u00e4: 60cm<\/p>\n<p>Vy\u00f6t\u00e4r\u00f6 venytettyn\u00e4: 100cm.<\/p>\n<p>Pituus: 84cm<\/p>\n<p>Ihana hame juhliin mutta sopii my\u00f6s maihareiden ja farkkutakin kanssa.<\/p>\n","protected":false},"excerpt":{"rendered":"<p>100% polyester. Onesize (36-42). Kuminauha vy\u00f6t\u00e4r\u00f6. Alushame kiinnitettyn\u00e4. Kaunis kimalle. Vy\u00f6t\u00e4r\u00f6 venytt\u00e4m\u00e4tt\u00e4: 60cm Vy\u00f6t\u00e4r\u00f6 venytettyn\u00e4: 100cm. Pituus: 84cm Ihana hame juhliin mutta sopii my\u00f6s maihareiden ja farkkutakin kanssa.<\/p>\n","protected":false},"featured_media":538,"comment_status":"open","ping_status":"closed","template":"","meta":{"_et_pb_use_builder":"","_et_pb_old_content":"","_et_gb_content_width":""},"product_brand":[],"product_cat":[21],"product_tag":[],"class_list":{"0":"post-566","1":"product","2":"type-product","3":"status-publish","4":"has-post-thumbnail","6":"product_cat-hame","8":"first","9":"instock","10":"taxable","11":"shipping-taxable","12":"purchasable","13":"product-type-variable"},"jetpack_sharing_enabled":true,"_links":{"self":[{"href":"https:\/\/today.fi\/index.php?rest_route=\/wp\/v2\/product\/566","targetHints":{"allow":["GET"]}}],"collection":[{"href":"https:\/\/today.fi\/index.php?rest_route=\/wp\/v2\/product"}],"about":[{"href":"https:\/\/today.fi\/index.php?rest_route=\/wp\/v2\/types\/product"}],"replies":[{"embeddable":true,"href":"https:\/\/today.fi\/index.php?rest_route=%2Fwp%2Fv2%2Fcomments&post=566"}],"wp:featuredmedia":[{"embeddable":true,"href":"https:\/\/today.fi\/index.php?rest_route=\/wp\/v2\/media\/538"}],"wp:attachment":[{"href":"https:\/\/today.fi\/index.php?rest_route=%2Fwp%2Fv2%2Fmedia&parent=566"}],"wp:term":[{"taxonomy":"product_brand","embeddable":true,"href":"https:\/\/today.fi\/index.php?rest_route=%2Fwp%2Fv2%2Fproduct_brand&post=566"},{"taxonomy":"product_cat","embeddable":true,"href":"https:\/\/today.fi\/index.php?rest_route=%2Fwp%2Fv2%2Fproduct_cat&post=566"},{"taxonomy":"product_tag","embeddable":true,"href":"https:\/\/today.fi\/index.php?rest_route=%2Fwp%2Fv2%2Fproduct_tag&post=566"}],"curies":[{"name":"wp","href":"https:\/\/api.w.org\/{rel}","templated":true}]}}